{"id":1232,"date":"2014-03-07T17:11:39","date_gmt":"2014-03-07T15:11:39","guid":{"rendered":"http:\/\/localhost\/toms_company\/engagement-2\/"},"modified":"2014-08-14T12:45:28","modified_gmt":"2014-08-14T10:45:28","slug":"impegno-sociale","status":"publish","type":"page","link":"https:\/\/tomscompany.de\/it\/impegno-sociale\/","title":{"rendered":"L&#8217;impegno sociale"},"content":{"rendered":"<h1>L&#8217;impegno sociale<\/h1>\n<p>La coscienza che noi soli siamo responsabili della possibilit\u00e0 di cambiare le cose ci rende sensibili al fatto che ci sono pochi uomini privilegiati su questa terra.<\/p>\n<p>Come siamo capaci di portare gioia a persone in ogni parte del mondo, cos\u00ec cerchiamo con il nostro lavoro di aiutare anche i popoli del Terzo Mondo. Dopo la creazione della nostra azienda abbiamo adottato a distanza dei bambini di paesi sottosviluppati. La maggior parte di loro hanno gi\u00e0 avuto a che fare con i drammi della vita e avrebbero poca speranza di avere un futuro migliore. Sovente i genitori sono separati dai figli o addirittura morti e la loro piccola rendita non sarebbe sufficiente a nutrire la famiglia o a provvedere al fabbisogno di cure mediche o a fornire un&#8217;educazione di base.<\/p>\n<p>Grazie a voi e a una organizzazione come <a title=\"World Vision \" href=\"http:\/\/www.worldvision.it\" target=\"_blank\">World Vision<\/a> possiamo devolvere una parte del successo delle nostre collezioni a queste persone e nel frattempo sosteniamo 23 bambini nel mondo intero.<\/p>\n<h2>I nostri figliocci sono:<\/h2>\n<div class=\"cf\">\n<div class=\"left-column\">\n<ul>\n<li>Ayelech dalla Etiopia<\/li>\n<li>Nick Roy Tellez dalla Bolivia<\/li>\n<li>Thi To Quyen dal Vietnam<\/li>\n<li>Nancy Adhiambo dal Kenia<\/li>\n<li>Sharon dal Zimbabwe<\/li>\n<li>Thi Thu Trang dal Vietnam<\/li>\n<li>Rene Eduardo dalla Bolivia<\/li>\n<li>Guisela Bartolo dalla Bolivia<\/li>\n<li>Astou dal Senegal<\/li>\n<li>Saumu Hoseni dalla Tanzania<\/li>\n<li>Francis Magdalena dalla Honduras<\/li>\n<li>Sotheary dalla Cambodgia<\/li>\n<\/ul>\n<\/div>\n<div class=\"right-column\">\n<ul>\n<li>Hassimi dal Mali<\/li>\n<li>Tanvir dal Bangladesch<\/li>\n<li>Gadiel A Nolasco dal Guatemala<\/li>\n<li>Van Truong dal Vietnam<\/li>\n<li>Cedric dal Burundi<\/li>\n<li>Byambadulam dalla Mongolia<\/li>\n<li>Bassi dal Mali<\/li>\n<li>Leicy Denis Claure dalla Bolivia<\/li>\n<li>Wyclife Odoyo dal Kenia<\/li>\n<li>Karsana dallo Sri Lanka<\/li>\n<\/ul>\n<\/div>\n<\/div>\n<p><img loading=\"lazy\" class=\"aligncenter wp-image-1496 size-full\" src=\"http:\/\/tomscompany.de\/wp-content\/uploads\/2014\/03\/bottom-engagement.jpg\" alt=\"Engagement\" width=\"468\" height=\"299\" srcset=\"https:\/\/tomscompany.de\/wp-content\/uploads\/2014\/03\/bottom-engagement.jpg 468w, https:\/\/tomscompany.de\/wp-content\/uploads\/2014\/03\/bottom-engagement-300x191.jpg 300w\" sizes=\"(max-width: 468px) 100vw, 468px\" \/><\/p>\n","protected":false},"excerpt":{"rendered":"<p>L&#8217;impegno sociale La coscienza che noi soli siamo responsabili della possibilit\u00e0 di cambiare le cose ci rende sensibili al fatto che ci sono pochi uomini privilegiati su questa terra. Come siamo capaci di portare gioia a persone in ogni parte del mondo, cos\u00ec cerchiamo con il nostro lavoro di aiutare anche i popoli del Terzo [&hellip;]<\/p>\n","protected":false},"author":1,"featured_media":784,"parent":0,"menu_order":0,"comment_status":"closed","ping_status":"closed","template":"","meta":[],"acf":[],"yoast_head":"<!-- This site is optimized with the Yoast SEO plugin v16.4 - https:\/\/yoast.com\/wordpress\/plugins\/seo\/ -->\n<title>L&#039;impegno sociale | Tom&#039;s Drag<\/title>\n<meta name=\"description\" content=\"TOM\u00b4S DRAG - OFFICIAL WEBSITE: Sie sind bunt, witzig, schr\u00e4g: Die Drags sind Leben pur, zeugen von exzentrischer Eigenwilligkeit und sind dabei voller Esprit und au\u00dfergew\u00f6hnlichem Charme.\" \/>\n<meta name=\"robots\" content=\"index, follow, max-snippet:-1, max-image-preview:large, max-video-preview:-1\" \/>\n<link rel=\"canonical\" href=\"https:\/\/tomscompany.de\/it\/impegno-sociale\/\" \/>\n<meta property=\"og:locale\" content=\"it_IT\" \/>\n<meta property=\"og:type\" content=\"article\" \/>\n<meta property=\"og:title\" content=\"L&#039;impegno sociale | Tom&#039;s Drag\" \/>\n<meta property=\"og:description\" content=\"TOM\u00b4S DRAG - OFFICIAL WEBSITE: Sie sind bunt, witzig, schr\u00e4g: Die Drags sind Leben pur, zeugen von exzentrischer Eigenwilligkeit und sind dabei voller Esprit und au\u00dfergew\u00f6hnlichem Charme.\" \/>\n<meta property=\"og:url\" content=\"https:\/\/tomscompany.de\/it\/impegno-sociale\/\" \/>\n<meta property=\"og:site_name\" content=\"Tom&#039;s Drag\" \/>\n<meta property=\"article:modified_time\" content=\"2014-08-14T10:45:28+00:00\" \/>\n<meta name=\"twitter:label1\" content=\"Tempo di lettura stimato\" \/>\n\t<meta name=\"twitter:data1\" content=\"1 minuto\" \/>\n<script type=\"application\/ld+json\" class=\"yoast-schema-graph\">{\"@context\":\"https:\/\/schema.org\",\"@graph\":[{\"@type\":\"WebSite\",\"@id\":\"https:\/\/tomscompany.de\/#website\",\"url\":\"https:\/\/tomscompany.de\/\",\"name\":\"Tom&#039;s Drag\",\"description\":\"Living with the Drags\",\"potentialAction\":[{\"@type\":\"SearchAction\",\"target\":\"https:\/\/tomscompany.de\/?s={search_term_string}\",\"query-input\":\"required name=search_term_string\"}],\"inLanguage\":\"it-IT\"},{\"@type\":\"ImageObject\",\"@id\":\"https:\/\/tomscompany.de\/it\/impegno-sociale\/#primaryimage\",\"inLanguage\":\"it-IT\",\"url\":\"https:\/\/tomscompany.de\/wp-content\/uploads\/2014\/06\/header-unternehmen.jpg\",\"contentUrl\":\"https:\/\/tomscompany.de\/wp-content\/uploads\/2014\/06\/header-unternehmen.jpg\"},{\"@type\":\"WebPage\",\"@id\":\"https:\/\/tomscompany.de\/it\/impegno-sociale\/#webpage\",\"url\":\"https:\/\/tomscompany.de\/it\/impegno-sociale\/\",\"name\":\"L'impegno sociale | Tom's Drag\",\"isPartOf\":{\"@id\":\"https:\/\/tomscompany.de\/#website\"},\"primaryImageOfPage\":{\"@id\":\"https:\/\/tomscompany.de\/it\/impegno-sociale\/#primaryimage\"},\"datePublished\":\"2014-03-07T15:11:39+00:00\",\"dateModified\":\"2014-08-14T10:45:28+00:00\",\"description\":\"TOM\\u00b4S DRAG - OFFICIAL WEBSITE: Sie sind bunt, witzig, schr\\u00e4g: Die Drags sind Leben pur, zeugen von exzentrischer Eigenwilligkeit und sind dabei voller Esprit und au\\u00dfergew\\u00f6hnlichem Charme.\",\"breadcrumb\":{\"@id\":\"https:\/\/tomscompany.de\/it\/impegno-sociale\/#breadcrumb\"},\"inLanguage\":\"it-IT\",\"potentialAction\":[{\"@type\":\"ReadAction\",\"target\":[\"https:\/\/tomscompany.de\/it\/impegno-sociale\/\"]}]},{\"@type\":\"BreadcrumbList\",\"@id\":\"https:\/\/tomscompany.de\/it\/impegno-sociale\/#breadcrumb\",\"itemListElement\":[{\"@type\":\"ListItem\",\"position\":1,\"item\":{\"@type\":\"WebPage\",\"@id\":\"https:\/\/tomscompany.de\/\",\"url\":\"https:\/\/tomscompany.de\/\",\"name\":\"Home\"}},{\"@type\":\"ListItem\",\"position\":2,\"item\":{\"@id\":\"https:\/\/tomscompany.de\/it\/impegno-sociale\/#webpage\"}}]}]}<\/script>\n<!-- \/ Yoast SEO plugin. -->","_links":{"self":[{"href":"https:\/\/tomscompany.de\/it\/wp-json\/wp\/v2\/pages\/1232"}],"collection":[{"href":"https:\/\/tomscompany.de\/it\/wp-json\/wp\/v2\/pages"}],"about":[{"href":"https:\/\/tomscompany.de\/it\/wp-json\/wp\/v2\/types\/page"}],"author":[{"embeddable":true,"href":"https:\/\/tomscompany.de\/it\/wp-json\/wp\/v2\/users\/1"}],"replies":[{"embeddable":true,"href":"https:\/\/tomscompany.de\/it\/wp-json\/wp\/v2\/comments?post=1232"}],"version-history":[{"count":13,"href":"https:\/\/tomscompany.de\/it\/wp-json\/wp\/v2\/pages\/1232\/revisions"}],"predecessor-version":[{"id":2354,"href":"https:\/\/tomscompany.de\/it\/wp-json\/wp\/v2\/pages\/1232\/revisions\/2354"}],"wp:featuredmedia":[{"embeddable":true,"href":"https:\/\/tomscompany.de\/it\/wp-json\/wp\/v2\/media\/784"}],"wp:attachment":[{"href":"https:\/\/tomscompany.de\/it\/wp-json\/wp\/v2\/media?parent=1232"}],"curies":[{"name":"wp","href":"https:\/\/api.w.org\/{rel}","templated":true}]}}