{"id":1102,"date":"2014-03-07T17:11:16","date_gmt":"2014-03-07T15:11:16","guid":{"rendered":"http:\/\/localhost\/toms_company\/unternehmen-2\/"},"modified":"2014-08-18T11:28:29","modified_gmt":"2014-08-18T09:28:29","slug":"azienda","status":"publish","type":"page","link":"https:\/\/tomscompany.de\/it\/azienda\/","title":{"rendered":"L&#8217;azienda"},"content":{"rendered":"<h1>Tom\u2019s Drag\u00ae &#8211; un\u2019idea regalo molto particolare diventa un\u2019iniziativa mondiale<\/h1>\n<p><img loading=\"lazy\" class=\"alignleft wp-image-1322 size-full\" src=\"http:\/\/tomscompany.de\/wp-content\/uploads\/2014\/03\/vespa-tom-arno-side.jpg\" alt=\"vespa-tom-arno\" width=\"363\" height=\"438\" srcset=\"https:\/\/tomscompany.de\/wp-content\/uploads\/2014\/03\/vespa-tom-arno-side.jpg 363w, https:\/\/tomscompany.de\/wp-content\/uploads\/2014\/03\/vespa-tom-arno-side-248x300.jpg 248w\" sizes=\"(max-width: 363px) 100vw, 363px\" \/><br \/>\n&nbsp;<\/p>\n<p>Una storia cominciata in seguito ad una catastrofe, quella dell\u201911 settembre 2001 che ha lasciato il mondo intero in stato di choc. In quell\u2019occasione l\u00b4artista tedesco Tom Hoffmann (1956-2012) aveva voluto dare un segnale forte. Con le prime \u2018drags\u2019 che erano esclusivamente regali per gli amici, Tom intendeva risvegliare il loro ottimismo e la gioia di vivere. Da allora in poi la sua idea ha funzionato cos\u00ec bene che la comunit\u00e0 dei fans \u2018drags\u2019\u00e8 diventata internazionale e si \u00e8 diffusa in tutto il mondo.<\/p>\n<p>&nbsp;<\/p>\n<h1><\/h1>\n<h1><\/h1>\n<h1>Tom\u00b4s Company GmbH &#8211; l\u00b4azienda<\/h1>\n<p>La Tom\u2019s Company \u00e8 stata fondata nel 1988 da Thomas \u2019Tom\u2019 Hoffmann e Arno M\u00fcller a Sulzbach\/Sarre (Germania). Dalla morte inaspettate di Tom nel 2012, gli affari sono gestiti da Arno M\u00fcller ed il suo team. L\u2019azienda produce e distribuisce la collezione Tom\u2019s Drag\u00ae, oggetti fuori dal comune per la casa che incantano fans in ogni parte del mondo. Oggi lavorano circa 80 collaboratori e una reta densa di distibutori in Europa e nel mondo entero. Tre-quarti delle operi d\u00b4arte produzione vanno a l\u00b4esportazione.<\/p>\n<p>&nbsp;<\/p>\n","protected":false},"excerpt":{"rendered":"<p>Tom\u2019s Drag\u00ae &#8211; un\u2019idea regalo molto particolare diventa un\u2019iniziativa mondiale &nbsp; Una storia cominciata in seguito ad una catastrofe, quella dell\u201911 settembre 2001 che ha lasciato il mondo intero in stato di choc. In quell\u2019occasione l\u00b4artista tedesco Tom Hoffmann (1956-2012) aveva voluto dare un segnale forte. Con le prime \u2018drags\u2019 che erano esclusivamente regali per [&hellip;]<\/p>\n","protected":false},"author":1,"featured_media":784,"parent":0,"menu_order":0,"comment_status":"closed","ping_status":"closed","template":"","meta":[],"acf":[],"yoast_head":"<!-- This site is optimized with the Yoast SEO plugin v16.4 - https:\/\/yoast.com\/wordpress\/plugins\/seo\/ -->\n<title>L&#039;azienda | Tom&#039;s Drag<\/title>\n<meta name=\"description\" content=\"TOM\u00b4S DRAG - OFFICIAL WEBSITE: Sie sind bunt, witzig, schr\u00e4g: Die Drags sind Leben pur, zeugen von exzentrischer Eigenwilligkeit und sind dabei voller Esprit und au\u00dfergew\u00f6hnlichem Charme.\" \/>\n<meta name=\"robots\" content=\"index, follow, max-snippet:-1, max-image-preview:large, max-video-preview:-1\" \/>\n<link rel=\"canonical\" href=\"https:\/\/tomscompany.de\/it\/azienda\/\" \/>\n<meta property=\"og:locale\" content=\"it_IT\" \/>\n<meta property=\"og:type\" content=\"article\" \/>\n<meta property=\"og:title\" content=\"L&#039;azienda | Tom&#039;s Drag\" \/>\n<meta property=\"og:description\" content=\"TOM\u00b4S DRAG - OFFICIAL WEBSITE: Sie sind bunt, witzig, schr\u00e4g: Die Drags sind Leben pur, zeugen von exzentrischer Eigenwilligkeit und sind dabei voller Esprit und au\u00dfergew\u00f6hnlichem Charme.\" \/>\n<meta property=\"og:url\" content=\"https:\/\/tomscompany.de\/it\/azienda\/\" \/>\n<meta property=\"og:site_name\" content=\"Tom&#039;s Drag\" \/>\n<meta property=\"article:modified_time\" content=\"2014-08-18T09:28:29+00:00\" \/>\n<meta name=\"twitter:label1\" content=\"Tempo di lettura stimato\" \/>\n\t<meta name=\"twitter:data1\" content=\"1 minuto\" \/>\n<script type=\"application\/ld+json\" class=\"yoast-schema-graph\">{\"@context\":\"https:\/\/schema.org\",\"@graph\":[{\"@type\":\"WebSite\",\"@id\":\"https:\/\/tomscompany.de\/#website\",\"url\":\"https:\/\/tomscompany.de\/\",\"name\":\"Tom&#039;s Drag\",\"description\":\"Living with the Drags\",\"potentialAction\":[{\"@type\":\"SearchAction\",\"target\":\"https:\/\/tomscompany.de\/?s={search_term_string}\",\"query-input\":\"required name=search_term_string\"}],\"inLanguage\":\"it-IT\"},{\"@type\":\"ImageObject\",\"@id\":\"https:\/\/tomscompany.de\/it\/azienda\/#primaryimage\",\"inLanguage\":\"it-IT\",\"url\":\"https:\/\/tomscompany.de\/wp-content\/uploads\/2014\/06\/header-unternehmen.jpg\",\"contentUrl\":\"https:\/\/tomscompany.de\/wp-content\/uploads\/2014\/06\/header-unternehmen.jpg\"},{\"@type\":\"WebPage\",\"@id\":\"https:\/\/tomscompany.de\/it\/azienda\/#webpage\",\"url\":\"https:\/\/tomscompany.de\/it\/azienda\/\",\"name\":\"L'azienda | Tom's Drag\",\"isPartOf\":{\"@id\":\"https:\/\/tomscompany.de\/#website\"},\"primaryImageOfPage\":{\"@id\":\"https:\/\/tomscompany.de\/it\/azienda\/#primaryimage\"},\"datePublished\":\"2014-03-07T15:11:16+00:00\",\"dateModified\":\"2014-08-18T09:28:29+00:00\",\"description\":\"TOM\\u00b4S DRAG - OFFICIAL WEBSITE: Sie sind bunt, witzig, schr\\u00e4g: Die Drags sind Leben pur, zeugen von exzentrischer Eigenwilligkeit und sind dabei voller Esprit und au\\u00dfergew\\u00f6hnlichem Charme.\",\"breadcrumb\":{\"@id\":\"https:\/\/tomscompany.de\/it\/azienda\/#breadcrumb\"},\"inLanguage\":\"it-IT\",\"potentialAction\":[{\"@type\":\"ReadAction\",\"target\":[\"https:\/\/tomscompany.de\/it\/azienda\/\"]}]},{\"@type\":\"BreadcrumbList\",\"@id\":\"https:\/\/tomscompany.de\/it\/azienda\/#breadcrumb\",\"itemListElement\":[{\"@type\":\"ListItem\",\"position\":1,\"item\":{\"@type\":\"WebPage\",\"@id\":\"https:\/\/tomscompany.de\/\",\"url\":\"https:\/\/tomscompany.de\/\",\"name\":\"Home\"}},{\"@type\":\"ListItem\",\"position\":2,\"item\":{\"@id\":\"https:\/\/tomscompany.de\/it\/azienda\/#webpage\"}}]}]}<\/script>\n<!-- \/ Yoast SEO plugin. -->","_links":{"self":[{"href":"https:\/\/tomscompany.de\/it\/wp-json\/wp\/v2\/pages\/1102"}],"collection":[{"href":"https:\/\/tomscompany.de\/it\/wp-json\/wp\/v2\/pages"}],"about":[{"href":"https:\/\/tomscompany.de\/it\/wp-json\/wp\/v2\/types\/page"}],"author":[{"embeddable":true,"href":"https:\/\/tomscompany.de\/it\/wp-json\/wp\/v2\/users\/1"}],"replies":[{"embeddable":true,"href":"https:\/\/tomscompany.de\/it\/wp-json\/wp\/v2\/comments?post=1102"}],"version-history":[{"count":13,"href":"https:\/\/tomscompany.de\/it\/wp-json\/wp\/v2\/pages\/1102\/revisions"}],"predecessor-version":[{"id":2429,"href":"https:\/\/tomscompany.de\/it\/wp-json\/wp\/v2\/pages\/1102\/revisions\/2429"}],"wp:featuredmedia":[{"embeddable":true,"href":"https:\/\/tomscompany.de\/it\/wp-json\/wp\/v2\/media\/784"}],"wp:attachment":[{"href":"https:\/\/tomscompany.de\/it\/wp-json\/wp\/v2\/media?parent=1102"}],"curies":[{"name":"wp","href":"https:\/\/api.w.org\/{rel}","templated":true}]}}