{"id":1097,"date":"2014-03-07T17:11:31","date_gmt":"2014-03-07T15:11:31","guid":{"rendered":"http:\/\/localhost\/toms_company\/markenschutz-2\/"},"modified":"2014-08-20T13:16:05","modified_gmt":"2014-08-20T11:16:05","slug":"diritti-dautore","status":"publish","type":"page","link":"https:\/\/tomscompany.de\/it\/diritti-dautore\/","title":{"rendered":"Diritti d&#8217;autore"},"content":{"rendered":"<h1>Diritti d\u00b4autore e marchio depositato<\/h1>\n<p>Con le sue Drag, Thomas (Tom) Hoffmann ha creato una collezione unica di cui siamo molto fieri. Ciascuna delle creazioni, che rappresenta un&#8217;opera d&#8217;artista, gode di protezione mondiale. Con la decisione di depositare il marchio <strong>Tom\u2019s Drag<\/strong>\u00ae sulla scena internazionale, Tom\u00b4s Company si impegna verso gli amanti della sua collezione a non fare concessioni sull&#8217;originalit\u00e0 e la qualit\u00e0 dei suoi prodotti e a rischiare con dei progetti sempre pi\u00f9 ambiziosi, con lo stesso entusiasmo e la stessa follia dell&#8217;inizio e la stessa voglia di sorprendere.<\/p>\n<p>Solo le nostre opere possono portare il logo ovale metallico con l&#8217;iscrizione Tom&#8217;s Drag \u00a9+\u00ae . Questo contraddistingue la sua produzione particolare e di qualit\u00e0 che si differenzia in maniera chiara dagli altri prodotti e oggetti.<\/p>\n<p>&#8220;Tom&#8217;s Company&#8221; e &#8220;Tom\u00b4s Drag&#8221; sono marchi depositati &#8211; \u00ae by Arno M\u00fcller.<\/p>\n<p>L&#8217;insieme dei contenuti di questo sito web \u00e8 protetto dai diritti d&#8217;autore &#8211; \u00a9 by Arno M\u00fcller<\/p>\n<p>Tutti i diritti riservati, tutte le utilizzazioni e imitazioni non autorizzate saranno perseguite dalla legge.<\/p>\n<p>&nbsp;<\/p>\n","protected":false},"excerpt":{"rendered":"<p>Diritti d\u00b4autore e marchio depositato Con le sue Drag, Thomas (Tom) Hoffmann ha creato una collezione unica di cui siamo molto fieri. Ciascuna delle creazioni, che rappresenta un&#8217;opera d&#8217;artista, gode di protezione mondiale. Con la decisione di depositare il marchio Tom\u2019s Drag\u00ae sulla scena internazionale, Tom\u00b4s Company si impegna verso gli amanti della sua collezione [&hellip;]<\/p>\n","protected":false},"author":1,"featured_media":805,"parent":0,"menu_order":0,"comment_status":"closed","ping_status":"closed","template":"","meta":[],"acf":[],"yoast_head":"<!-- This site is optimized with the Yoast SEO plugin v16.4 - https:\/\/yoast.com\/wordpress\/plugins\/seo\/ -->\n<title>Diritti d&#039;autore | Tom&#039;s Drag<\/title>\n<meta name=\"description\" content=\"TOM\u00b4S DRAG - OFFICIAL WEBSITE: Sie sind bunt, witzig, schr\u00e4g: Die Drags sind Leben pur, zeugen von exzentrischer Eigenwilligkeit und sind dabei voller Esprit und au\u00dfergew\u00f6hnlichem Charme.\" \/>\n<meta name=\"robots\" content=\"index, follow, max-snippet:-1, max-image-preview:large, max-video-preview:-1\" \/>\n<link rel=\"canonical\" href=\"https:\/\/tomscompany.de\/it\/diritti-dautore\/\" \/>\n<meta property=\"og:locale\" content=\"it_IT\" \/>\n<meta property=\"og:type\" content=\"article\" \/>\n<meta property=\"og:title\" content=\"Diritti d&#039;autore | Tom&#039;s Drag\" \/>\n<meta property=\"og:description\" content=\"TOM\u00b4S DRAG - OFFICIAL WEBSITE: Sie sind bunt, witzig, schr\u00e4g: Die Drags sind Leben pur, zeugen von exzentrischer Eigenwilligkeit und sind dabei voller Esprit und au\u00dfergew\u00f6hnlichem Charme.\" \/>\n<meta property=\"og:url\" content=\"https:\/\/tomscompany.de\/it\/diritti-dautore\/\" \/>\n<meta property=\"og:site_name\" content=\"Tom&#039;s Drag\" \/>\n<meta property=\"article:modified_time\" content=\"2014-08-20T11:16:05+00:00\" \/>\n<meta name=\"twitter:label1\" content=\"Tempo di lettura stimato\" \/>\n\t<meta name=\"twitter:data1\" content=\"1 minuto\" \/>\n<script type=\"application\/ld+json\" class=\"yoast-schema-graph\">{\"@context\":\"https:\/\/schema.org\",\"@graph\":[{\"@type\":\"WebSite\",\"@id\":\"https:\/\/tomscompany.de\/#website\",\"url\":\"https:\/\/tomscompany.de\/\",\"name\":\"Tom&#039;s Drag\",\"description\":\"Living with the Drags\",\"potentialAction\":[{\"@type\":\"SearchAction\",\"target\":\"https:\/\/tomscompany.de\/?s={search_term_string}\",\"query-input\":\"required name=search_term_string\"}],\"inLanguage\":\"it-IT\"},{\"@type\":\"ImageObject\",\"@id\":\"https:\/\/tomscompany.de\/it\/diritti-dautore\/#primaryimage\",\"inLanguage\":\"it-IT\",\"url\":\"https:\/\/tomscompany.de\/wp-content\/uploads\/2014\/06\/header-company.jpg\",\"contentUrl\":\"https:\/\/tomscompany.de\/wp-content\/uploads\/2014\/06\/header-company.jpg\"},{\"@type\":\"WebPage\",\"@id\":\"https:\/\/tomscompany.de\/it\/diritti-dautore\/#webpage\",\"url\":\"https:\/\/tomscompany.de\/it\/diritti-dautore\/\",\"name\":\"Diritti d'autore | Tom's Drag\",\"isPartOf\":{\"@id\":\"https:\/\/tomscompany.de\/#website\"},\"primaryImageOfPage\":{\"@id\":\"https:\/\/tomscompany.de\/it\/diritti-dautore\/#primaryimage\"},\"datePublished\":\"2014-03-07T15:11:31+00:00\",\"dateModified\":\"2014-08-20T11:16:05+00:00\",\"description\":\"TOM\\u00b4S DRAG - OFFICIAL WEBSITE: Sie sind bunt, witzig, schr\\u00e4g: Die Drags sind Leben pur, zeugen von exzentrischer Eigenwilligkeit und sind dabei voller Esprit und au\\u00dfergew\\u00f6hnlichem Charme.\",\"breadcrumb\":{\"@id\":\"https:\/\/tomscompany.de\/it\/diritti-dautore\/#breadcrumb\"},\"inLanguage\":\"it-IT\",\"potentialAction\":[{\"@type\":\"ReadAction\",\"target\":[\"https:\/\/tomscompany.de\/it\/diritti-dautore\/\"]}]},{\"@type\":\"BreadcrumbList\",\"@id\":\"https:\/\/tomscompany.de\/it\/diritti-dautore\/#breadcrumb\",\"itemListElement\":[{\"@type\":\"ListItem\",\"position\":1,\"item\":{\"@type\":\"WebPage\",\"@id\":\"https:\/\/tomscompany.de\/\",\"url\":\"https:\/\/tomscompany.de\/\",\"name\":\"Home\"}},{\"@type\":\"ListItem\",\"position\":2,\"item\":{\"@id\":\"https:\/\/tomscompany.de\/it\/diritti-dautore\/#webpage\"}}]}]}<\/script>\n<!-- \/ Yoast SEO plugin. -->","_links":{"self":[{"href":"https:\/\/tomscompany.de\/it\/wp-json\/wp\/v2\/pages\/1097"}],"collection":[{"href":"https:\/\/tomscompany.de\/it\/wp-json\/wp\/v2\/pages"}],"about":[{"href":"https:\/\/tomscompany.de\/it\/wp-json\/wp\/v2\/types\/page"}],"author":[{"embeddable":true,"href":"https:\/\/tomscompany.de\/it\/wp-json\/wp\/v2\/users\/1"}],"replies":[{"embeddable":true,"href":"https:\/\/tomscompany.de\/it\/wp-json\/wp\/v2\/comments?post=1097"}],"version-history":[{"count":9,"href":"https:\/\/tomscompany.de\/it\/wp-json\/wp\/v2\/pages\/1097\/revisions"}],"predecessor-version":[{"id":2502,"href":"https:\/\/tomscompany.de\/it\/wp-json\/wp\/v2\/pages\/1097\/revisions\/2502"}],"wp:featuredmedia":[{"embeddable":true,"href":"https:\/\/tomscompany.de\/it\/wp-json\/wp\/v2\/media\/805"}],"wp:attachment":[{"href":"https:\/\/tomscompany.de\/it\/wp-json\/wp\/v2\/media?parent=1097"}],"curies":[{"name":"wp","href":"https:\/\/api.w.org\/{rel}","templated":true}]}}