{"id":1094,"date":"2014-03-07T17:11:45","date_gmt":"2014-03-07T15:11:45","guid":{"rendered":"http:\/\/localhost\/toms_company\/kontakt-2\/"},"modified":"2018-12-05T10:21:53","modified_gmt":"2018-12-05T08:21:53","slug":"contatto","status":"publish","type":"page","link":"https:\/\/tomscompany.de\/it\/contatto\/","title":{"rendered":"Contatto"},"content":{"rendered":"<h1>Contatti &#8211; Drag Fan<\/h1>\n<h1>Dove si possono acquistare le Tom&#8217;s Drag?<\/h1>\n<p>La collezione Tom&#8217;s Drag \u00e8 una serie esclusiva, protetta giuridicamente su scala mondiale, di TOM&#8217;S COMPANY GmbH e disponibile esclusivamente presso rivenditori autorizzati.<\/p>\n<p>Non esitate a contattarci. Inviate una mail a <a href=\"mailto:info@tomscompany.com\">info@tomscompany.com<\/a>\u00a0 Vi daremo volentieri informazioni dettagliate dove acquistare la collezione Tom&#8217;s Drag.<\/p>\n<div class=\"arconix-faq-content faq-open\" style=\"display: block;\">\n<p>Presso di loro riceverete i consigli e vi verr\u00e0 mostrata la nostra attuale collezione. Per ragioni di spazio, non tutti gli articoli possono essere disponibili dal vostro distributore. In questo caso ordineranno l\u00b4articolo scelto volontieri per voi.<\/p>\n<p>Per i paesi e le regioni in cui non ci sono rivenditori vicino a voi, c\u2019\u00e8 spesso la possibilit\u00e0 di <strong><span style=\"color: #ff0000;\">ordinare<\/span><\/strong> i vostri \u201cTom\u2019s Drags\u201d preferiti <span style=\"color: #ff0000;\"><strong>direttamente da noi.<\/strong><\/span> Visitate il nostro negozio online <span style=\"color: #000000;\"><a href=\"http:\/\/www.shop-tomsdrag.de\" target=\"_blank\"><strong><span style=\"color: #ff0000;\">www.shop-tomsdrag.de<\/span><\/strong><\/a> <\/span>e inviateci una <a href=\"https:\/\/tomscompany.de\/it\/contatto\/\">e-mail<\/a> in modo che possiamo contattarvi per vedere se \u00e8 possibile inviare gli articoli desiderati al vostro paese.<\/p>\n<p>Inoltre c\u00b4\u00e8 il <strong><span style=\"color: #ff0000;\">nostro showroom<\/span><\/strong> con la collezione completa che apre le sue porte ogni primo sabato del mese dalle ore 10 alle ore 15. Oltre la collezione regolare ci troverete sempre tantissimi articoli in offerta, serie limitate, quasi esaurite etc e una visita vale sempre la pena. Siamo in Germania, 66578 Schiffweiler, Knappenweg 6 e sarebbe un gran piacere incontrarvi qui da noi.<\/p>\n<\/div>\n<p>&nbsp;<\/p>\n<p>&nbsp;<\/p>\n<h1>Contatti \u2013 negozi<\/h1>\n<h1>Aver le Drag nel negozio<\/h1>\n<p>Lei \u00e8 un commerciante e desiderebbe includere nel suo assortimento anche le Tom Drag.<\/p>\n<p>Inviateci una e-mail a <a href=\"mailto:info@tomscompany.com\">info@tomscompany.com<\/a>\u00a0 in modo che i nostri collaboratori possano mettersi in contatto con voi.<\/p>\n<p>&nbsp;<\/p>\n","protected":false},"excerpt":{"rendered":"<p>Contatti &#8211; Drag Fan Dove si possono acquistare le Tom&#8217;s Drag? La collezione Tom&#8217;s Drag \u00e8 una serie esclusiva, protetta giuridicamente su scala mondiale, di TOM&#8217;S COMPANY GmbH e disponibile esclusivamente presso rivenditori autorizzati. Non esitate a contattarci. Inviate una mail a info@tomscompany.com\u00a0 Vi daremo volentieri informazioni dettagliate dove acquistare la collezione Tom&#8217;s Drag. Presso [&hellip;]<\/p>\n","protected":false},"author":1,"featured_media":772,"parent":0,"menu_order":0,"comment_status":"closed","ping_status":"open","template":"","meta":[],"acf":[],"yoast_head":"<!-- This site is optimized with the Yoast SEO plugin v16.4 - https:\/\/yoast.com\/wordpress\/plugins\/seo\/ -->\n<title>Contatto | Tom&#039;s Drag<\/title>\n<meta name=\"description\" content=\"TOM\u00b4S DRAG - OFFICIAL WEBSITE: Sie sind bunt, witzig, schr\u00e4g: Die Drags sind Leben pur, zeugen von exzentrischer Eigenwilligkeit und sind dabei voller Esprit und au\u00dfergew\u00f6hnlichem Charme.\" \/>\n<meta name=\"robots\" content=\"index, follow, max-snippet:-1, max-image-preview:large, max-video-preview:-1\" \/>\n<link rel=\"canonical\" href=\"https:\/\/tomscompany.de\/it\/contatto\/\" \/>\n<meta property=\"og:locale\" content=\"it_IT\" \/>\n<meta property=\"og:type\" content=\"article\" \/>\n<meta property=\"og:title\" content=\"Contatto | Tom&#039;s Drag\" \/>\n<meta property=\"og:description\" content=\"TOM\u00b4S DRAG - OFFICIAL WEBSITE: Sie sind bunt, witzig, schr\u00e4g: Die Drags sind Leben pur, zeugen von exzentrischer Eigenwilligkeit und sind dabei voller Esprit und au\u00dfergew\u00f6hnlichem Charme.\" \/>\n<meta property=\"og:url\" content=\"https:\/\/tomscompany.de\/it\/contatto\/\" \/>\n<meta property=\"og:site_name\" content=\"Tom&#039;s Drag\" \/>\n<meta property=\"article:modified_time\" content=\"2018-12-05T08:21:53+00:00\" \/>\n<meta name=\"twitter:label1\" content=\"Tempo di lettura stimato\" \/>\n\t<meta name=\"twitter:data1\" content=\"1 minuto\" \/>\n<script type=\"application\/ld+json\" class=\"yoast-schema-graph\">{\"@context\":\"https:\/\/schema.org\",\"@graph\":[{\"@type\":\"WebSite\",\"@id\":\"https:\/\/tomscompany.de\/#website\",\"url\":\"https:\/\/tomscompany.de\/\",\"name\":\"Tom&#039;s Drag\",\"description\":\"Living with the Drags\",\"potentialAction\":[{\"@type\":\"SearchAction\",\"target\":\"https:\/\/tomscompany.de\/?s={search_term_string}\",\"query-input\":\"required name=search_term_string\"}],\"inLanguage\":\"it-IT\"},{\"@type\":\"ImageObject\",\"@id\":\"https:\/\/tomscompany.de\/it\/contatto\/#primaryimage\",\"inLanguage\":\"it-IT\",\"url\":\"https:\/\/tomscompany.de\/wp-content\/uploads\/2014\/06\/header-kontakt.jpg\",\"contentUrl\":\"https:\/\/tomscompany.de\/wp-content\/uploads\/2014\/06\/header-kontakt.jpg\"},{\"@type\":\"WebPage\",\"@id\":\"https:\/\/tomscompany.de\/it\/contatto\/#webpage\",\"url\":\"https:\/\/tomscompany.de\/it\/contatto\/\",\"name\":\"Contatto | Tom's Drag\",\"isPartOf\":{\"@id\":\"https:\/\/tomscompany.de\/#website\"},\"primaryImageOfPage\":{\"@id\":\"https:\/\/tomscompany.de\/it\/contatto\/#primaryimage\"},\"datePublished\":\"2014-03-07T15:11:45+00:00\",\"dateModified\":\"2018-12-05T08:21:53+00:00\",\"description\":\"TOM\\u00b4S DRAG - OFFICIAL WEBSITE: Sie sind bunt, witzig, schr\\u00e4g: Die Drags sind Leben pur, zeugen von exzentrischer Eigenwilligkeit und sind dabei voller Esprit und au\\u00dfergew\\u00f6hnlichem Charme.\",\"breadcrumb\":{\"@id\":\"https:\/\/tomscompany.de\/it\/contatto\/#breadcrumb\"},\"inLanguage\":\"it-IT\",\"potentialAction\":[{\"@type\":\"ReadAction\",\"target\":[\"https:\/\/tomscompany.de\/it\/contatto\/\"]}]},{\"@type\":\"BreadcrumbList\",\"@id\":\"https:\/\/tomscompany.de\/it\/contatto\/#breadcrumb\",\"itemListElement\":[{\"@type\":\"ListItem\",\"position\":1,\"item\":{\"@type\":\"WebPage\",\"@id\":\"https:\/\/tomscompany.de\/\",\"url\":\"https:\/\/tomscompany.de\/\",\"name\":\"Home\"}},{\"@type\":\"ListItem\",\"position\":2,\"item\":{\"@id\":\"https:\/\/tomscompany.de\/it\/contatto\/#webpage\"}}]}]}<\/script>\n<!-- \/ Yoast SEO plugin. -->","_links":{"self":[{"href":"https:\/\/tomscompany.de\/it\/wp-json\/wp\/v2\/pages\/1094"}],"collection":[{"href":"https:\/\/tomscompany.de\/it\/wp-json\/wp\/v2\/pages"}],"about":[{"href":"https:\/\/tomscompany.de\/it\/wp-json\/wp\/v2\/types\/page"}],"author":[{"embeddable":true,"href":"https:\/\/tomscompany.de\/it\/wp-json\/wp\/v2\/users\/1"}],"replies":[{"embeddable":true,"href":"https:\/\/tomscompany.de\/it\/wp-json\/wp\/v2\/comments?post=1094"}],"version-history":[{"count":17,"href":"https:\/\/tomscompany.de\/it\/wp-json\/wp\/v2\/pages\/1094\/revisions"}],"predecessor-version":[{"id":3305,"href":"https:\/\/tomscompany.de\/it\/wp-json\/wp\/v2\/pages\/1094\/revisions\/3305"}],"wp:featuredmedia":[{"embeddable":true,"href":"https:\/\/tomscompany.de\/it\/wp-json\/wp\/v2\/media\/772"}],"wp:attachment":[{"href":"https:\/\/tomscompany.de\/it\/wp-json\/wp\/v2\/media?parent=1094"}],"curies":[{"name":"wp","href":"https:\/\/api.w.org\/{rel}","templated":true}]}}