{"id":1091,"date":"2014-03-07T17:11:07","date_gmt":"2014-03-07T15:11:07","guid":{"rendered":"http:\/\/localhost\/toms_company\/in-memoriam-2\/"},"modified":"2014-08-18T11:28:13","modified_gmt":"2014-08-18T09:28:13","slug":"in-ricordo-di-tom","status":"publish","type":"page","link":"https:\/\/tomscompany.de\/it\/in-ricordo-di-tom\/","title":{"rendered":"In ricordo di Tom"},"content":{"rendered":"<h1>In ricordo di Tom<\/h1>\n<p>Tom \u00e8 deceduto.<\/p>\n<p>Il cuore di Tom\u00b4s Company ha smesso di battere. All improvviso e inaspettatamente Tom Hoffmann \u00e8 mancato il 25 febbraio 2012 a Bali, la sua isola preferita, in pace, nel sonno. Troppo presto. Era ancora tanto pieno di progetti ed idee. La sua produttivit\u00e0 irrefrenabile e la sua curiosit\u00e0 inestiguibile della vita &#8211; tutto questo \u00e8 ormai finito per sempre. Non lo possiamo credere.<\/p>\n<p>Ci lascia molto tristi, il suo partner, tutti i suoi collaboratori e corrispondenti nel mondo intero. Abbiamo tutti perso molto pi\u00f9 di un capo o referente.<\/p>\n<p>Tom era credente. Era fortemente convinto che la vita non finisse con la morte. In ogni caso continuer\u00e0 a vivere nei suoi Drags che hanno dato gioia e forza a tantissime persone nel mondo intero. Dovremmo conservare un ricordo sincero e affettuoso. La sua visione continuer\u00e0 a vivere tra di noi. Ci occuperemo dei suoi 23 figli adottivi nel mondo.<\/p>\n<p>Tom\u00b4s Company continuer\u00e0. Tom ci ha lasciato molte idee inedite e concetti. Perch\u00e8 i Drags devono rendere felici ancora tanti esseri umani. Questo Tom avrebbe voluto.<\/p>\n<p>Arno Mueller e l\u00b4equipe di Tom\u00b4s Company<\/p>\n<p>&nbsp;<\/p>\n","protected":false},"excerpt":{"rendered":"<p>In ricordo di Tom Tom \u00e8 deceduto. Il cuore di Tom\u00b4s Company ha smesso di battere. All improvviso e inaspettatamente Tom Hoffmann \u00e8 mancato il 25 febbraio 2012 a Bali, la sua isola preferita, in pace, nel sonno. Troppo presto. Era ancora tanto pieno di progetti ed idee. La sua produttivit\u00e0 irrefrenabile e la sua [&hellip;]<\/p>\n","protected":false},"author":1,"featured_media":943,"parent":0,"menu_order":0,"comment_status":"closed","ping_status":"closed","template":"","meta":[],"acf":[],"yoast_head":"<!-- This site is optimized with the Yoast SEO plugin v16.4 - https:\/\/yoast.com\/wordpress\/plugins\/seo\/ -->\n<title>In ricordo di Tom | Tom&#039;s Drag<\/title>\n<meta name=\"description\" content=\"TOM\u00b4S DRAG - OFFICIAL WEBSITE: Sie sind bunt, witzig, schr\u00e4g: Die Drags sind Leben pur, zeugen von exzentrischer Eigenwilligkeit und sind dabei voller Esprit und au\u00dfergew\u00f6hnlichem Charme.\" \/>\n<meta name=\"robots\" content=\"index, follow, max-snippet:-1, max-image-preview:large, max-video-preview:-1\" \/>\n<link rel=\"canonical\" href=\"https:\/\/tomscompany.de\/it\/in-ricordo-di-tom\/\" \/>\n<meta property=\"og:locale\" content=\"it_IT\" \/>\n<meta property=\"og:type\" content=\"article\" \/>\n<meta property=\"og:title\" content=\"In ricordo di Tom | Tom&#039;s Drag\" \/>\n<meta property=\"og:description\" content=\"TOM\u00b4S DRAG - OFFICIAL WEBSITE: Sie sind bunt, witzig, schr\u00e4g: Die Drags sind Leben pur, zeugen von exzentrischer Eigenwilligkeit und sind dabei voller Esprit und au\u00dfergew\u00f6hnlichem Charme.\" \/>\n<meta property=\"og:url\" content=\"https:\/\/tomscompany.de\/it\/in-ricordo-di-tom\/\" \/>\n<meta property=\"og:site_name\" content=\"Tom&#039;s Drag\" \/>\n<meta property=\"article:modified_time\" content=\"2014-08-18T09:28:13+00:00\" \/>\n<meta property=\"og:image\" content=\"http:\/\/tomscompany.de\/wp-content\/uploads\/2014\/03\/header-in-memoriam.jpg\" \/>\n\t<meta property=\"og:image:width\" content=\"3000\" \/>\n\t<meta property=\"og:image:height\" content=\"450\" \/>\n<meta name=\"twitter:label1\" content=\"Tempo di lettura stimato\" \/>\n\t<meta name=\"twitter:data1\" content=\"1 minuto\" \/>\n<script type=\"application\/ld+json\" class=\"yoast-schema-graph\">{\"@context\":\"https:\/\/schema.org\",\"@graph\":[{\"@type\":\"WebSite\",\"@id\":\"https:\/\/tomscompany.de\/#website\",\"url\":\"https:\/\/tomscompany.de\/\",\"name\":\"Tom&#039;s Drag\",\"description\":\"Living with the Drags\",\"potentialAction\":[{\"@type\":\"SearchAction\",\"target\":\"https:\/\/tomscompany.de\/?s={search_term_string}\",\"query-input\":\"required name=search_term_string\"}],\"inLanguage\":\"it-IT\"},{\"@type\":\"ImageObject\",\"@id\":\"https:\/\/tomscompany.de\/it\/in-ricordo-di-tom\/#primaryimage\",\"inLanguage\":\"it-IT\",\"url\":\"https:\/\/tomscompany.de\/wp-content\/uploads\/2014\/03\/header-in-memoriam.jpg\",\"contentUrl\":\"https:\/\/tomscompany.de\/wp-content\/uploads\/2014\/03\/header-in-memoriam.jpg\",\"width\":3000,\"height\":450},{\"@type\":\"WebPage\",\"@id\":\"https:\/\/tomscompany.de\/it\/in-ricordo-di-tom\/#webpage\",\"url\":\"https:\/\/tomscompany.de\/it\/in-ricordo-di-tom\/\",\"name\":\"In ricordo di Tom | Tom's Drag\",\"isPartOf\":{\"@id\":\"https:\/\/tomscompany.de\/#website\"},\"primaryImageOfPage\":{\"@id\":\"https:\/\/tomscompany.de\/it\/in-ricordo-di-tom\/#primaryimage\"},\"datePublished\":\"2014-03-07T15:11:07+00:00\",\"dateModified\":\"2014-08-18T09:28:13+00:00\",\"description\":\"TOM\\u00b4S DRAG - OFFICIAL WEBSITE: Sie sind bunt, witzig, schr\\u00e4g: Die Drags sind Leben pur, zeugen von exzentrischer Eigenwilligkeit und sind dabei voller Esprit und au\\u00dfergew\\u00f6hnlichem Charme.\",\"breadcrumb\":{\"@id\":\"https:\/\/tomscompany.de\/it\/in-ricordo-di-tom\/#breadcrumb\"},\"inLanguage\":\"it-IT\",\"potentialAction\":[{\"@type\":\"ReadAction\",\"target\":[\"https:\/\/tomscompany.de\/it\/in-ricordo-di-tom\/\"]}]},{\"@type\":\"BreadcrumbList\",\"@id\":\"https:\/\/tomscompany.de\/it\/in-ricordo-di-tom\/#breadcrumb\",\"itemListElement\":[{\"@type\":\"ListItem\",\"position\":1,\"item\":{\"@type\":\"WebPage\",\"@id\":\"https:\/\/tomscompany.de\/\",\"url\":\"https:\/\/tomscompany.de\/\",\"name\":\"Home\"}},{\"@type\":\"ListItem\",\"position\":2,\"item\":{\"@id\":\"https:\/\/tomscompany.de\/it\/in-ricordo-di-tom\/#webpage\"}}]}]}<\/script>\n<!-- \/ Yoast SEO plugin. -->","_links":{"self":[{"href":"https:\/\/tomscompany.de\/it\/wp-json\/wp\/v2\/pages\/1091"}],"collection":[{"href":"https:\/\/tomscompany.de\/it\/wp-json\/wp\/v2\/pages"}],"about":[{"href":"https:\/\/tomscompany.de\/it\/wp-json\/wp\/v2\/types\/page"}],"author":[{"embeddable":true,"href":"https:\/\/tomscompany.de\/it\/wp-json\/wp\/v2\/users\/1"}],"replies":[{"embeddable":true,"href":"https:\/\/tomscompany.de\/it\/wp-json\/wp\/v2\/comments?post=1091"}],"version-history":[{"count":5,"href":"https:\/\/tomscompany.de\/it\/wp-json\/wp\/v2\/pages\/1091\/revisions"}],"predecessor-version":[{"id":2428,"href":"https:\/\/tomscompany.de\/it\/wp-json\/wp\/v2\/pages\/1091\/revisions\/2428"}],"wp:featuredmedia":[{"embeddable":true,"href":"https:\/\/tomscompany.de\/it\/wp-json\/wp\/v2\/media\/943"}],"wp:attachment":[{"href":"https:\/\/tomscompany.de\/it\/wp-json\/wp\/v2\/media?parent=1091"}],"curies":[{"name":"wp","href":"https:\/\/api.w.org\/{rel}","templated":true}]}}