{"id":1088,"date":"2014-05-21T15:24:07","date_gmt":"2014-05-21T13:24:07","guid":{"rendered":"http:\/\/localhost\/toms_company\/impressum-2\/"},"modified":"2023-05-15T13:23:47","modified_gmt":"2023-05-15T11:23:47","slug":"informazione-legale","status":"publish","type":"page","link":"https:\/\/tomscompany.de\/it\/informazione-legale\/","title":{"rendered":"Informazione legale \/ Protezione dei dati \/ Diligence della catena di fornitura"},"content":{"rendered":"<h1><span style=\"color: #993300;\">Informazione legale \/ Protezione dei dati \/ Diligence della catena di fornitura<\/span><\/h1>\n<h2><span style=\"color: #993300;\"><strong>Informazione legale<\/strong><\/span><\/h2>\n<p>Tom`s Company GmbH<br \/>\nKnappenweg 6<br \/>\nD-66578 Schiffweiler<br \/>\nGermania<br \/>\nFon: + 49 (0) 6821 63 4580<br \/>\nFax: + 49 (0) 6821 63 4581<br \/>\neMail:\u00a0\u00a0\u00a0\u00a0 <a href=\"mailto:info@tomscompany.com\">info@tomscompany.com<\/a><br \/>\nInternet: <a href=\"http:\/\/www.tomscompany.com\" target=\"_blank\" rel=\"noopener\">www.tomscompany.com<br \/>\n<\/a><\/p>\n<p>Gerente: Arno M\u00fcller<\/p>\n<p>Corte di registro: Amtsgericht Saarbr\u00fccken<br \/>\nNumero di registro: HRB 15587<\/p>\n<p>Numero di partita IVA (conformemente con \u00a727a Umsatzsteuergesetz):<br \/>\nDE 265 563 317<\/p>\n<p>Referente a proposito del sito web:<br \/>\nIris Schlemmer \u2013\u00a0iris.schlemmer@tomscompany.de<\/p>\n<p>Il contenuto di questo sito web \u00e8 protetto dal diritto d&#8217;autore- \u00a9 by Arno M\u00fcller<br \/>\nTom&#8217;s Company e Tom&#8217;s Drag sono marchi depositati &#8211; \u00ae by Arno M\u00fcller.<br \/>\nTutti i diritti riservati, tutte le utilizzazioni e le imitazioni non autorizzate saranno perseguite dalla giustizia.<\/p>\n<h2><span style=\"color: #993300;\"><strong>Protezione dei dati<\/strong><\/span><\/h2>\n<p>Tom&#8217;s Company prende molto sul serio la protezione delle tue informazioni personali.<\/p>\n<p>Spieghiamo qui come verranno trattati i tuoi dati personali quando visiti questo sito. Spieghiamo anche quali dati vengono raccolti, per quale scopo e in che misura \u00e8 disponibile per terze parti.<\/p>\n<p>1. Nome e coordinate del controller<br \/>\nQuesta politica sulla privacy si applica al trattamento dei dati da parte di:<\/p>\n<p>Tom&#8217;s Company GmbH<br \/>\nKnappenweg 6<br \/>\nDE-66578 Schiffweiler<br \/>\nGermania<br \/>\nTelefono: + 49 (0) 6821 63 4580<br \/>\nFax: + 49 (0) 6821 63 4581<br \/>\ninfo@tomscompany.com<\/p>\n<p>2. La raccolta e la conservazione dei dati personali e la natura e lo scopo del loro uso<\/p>\n<p>Quando si visita il sito<br \/>\nQuando visiti il \u200b\u200bnostro sito web <a href=\"http:\/\/www.tomscompany.de\">http:\/\/www.tomscompany.de<\/a> (= <a href=\"http:\/\/www.tomscompany.com\">http:\/\/www.tomscompany.com<\/a> ) il browser utilizzato sul tuo dispositivo invia automaticamente le informazioni al server del nostro sito web.<\/p>\n<p>Questa informazione \u00e8 temporaneamente memorizzata in un file di registro.<\/p>\n<p>Le seguenti informazioni saranno raccolte senza il tuo intervento e conservate fino alla cancellazione automatica:<\/p>\n<p>\u2022 Indirizzo IP del computer richiedente,<br \/>\n\u2022 data e ora di accesso,<br \/>\n\u2022 nome e URL del file recuperato,<br \/>\n\u2022 Sito da cui viene effettuato l&#8217;accesso (URL di origine),<br \/>\n\u2022 il browser utilizzato e, se applicabile, il sistema operativo del computer e il nome del fornitore di servizi.<\/p>\n<p>I dati menzionati sono trattati da noi per i seguenti scopi:<\/p>\n<p>\u2022 assicurare una connessione fluida del sito Web<br \/>\n\u2022 garantire un uso confortevole del nostro sito Web,<br \/>\n\u2022 valutazione della sicurezza e della stabilit\u00e0 del sistema<br \/>\n\u2022 per altri scopi amministrativi.<\/p>\n<p>La base legale per l&#8217;elaborazione dei dati \u00e8 l&#8217;art. 6 para.1 p.1 lit.f RGPD. Il nostro interesse legittimo deriva dagli obiettivi di raccolta dati sopra elencati. Non usiamo i dati raccolti allo scopo di trarre conclusioni su di te.<\/p>\n<p>Inoltre, i cookie vengono utilizzati quando si visita il nostro sito Web. Maggiori dettagli possono essere trovati sotto no. 4 di questa politica sulla privacy.<\/p>\n<p>3. Divulgazione di dati<\/p>\n<p>Il trasferimento dei dati personali a terze parti per scopi diversi da quelli elencati di seguito non ha luogo.<\/p>\n<p>Noi comunichiamo i vostri dati personali a terzi solo se necessario per l&#8217;esecuzione degli ordini (ai nostri rappresentanti o partner di distribuzione, societ\u00e0 di trasporto, istituti di credito, consulenti fiscali).<\/p>\n<p>Nel caso di richieste da parte dei consumatori che vorrebbero sapere dove trovare i rivenditori per la nostra collezione, nominiamo i nostri rivenditori pi\u00f9 vicini: i nostri dipendenti comunicano solo dati a terzi che sono altrimenti pubblicamente disponibili (directory, sul proprio sito Web) .<\/p>\n<p>4. Cookie, plugin e strumenti<\/p>\n<p>Utilizziamo i cookie sul nostro sito. Questi sono piccoli file che il tuo browser crea automaticamente e che sono memorizzati sul tuo dispositivo (laptop, tablet, smartphone, ecc.) quando visiti il \u200b\u200bnostro sito. I cookie non danneggiano il tuo dispositivo e non contengono virus, trojan o altro malware. Le informazioni vengono memorizzate nei cookie, a seconda del terminale specifico utilizzato. Tuttavia, questo non significa che siamo immediatamente a conoscenza della tua identit\u00e0. Da un lato, l&#8217;uso dei cookie rende l&#8217;utilizzo del nostro sito pi\u00f9 conveniente per te. Ad esempio, utilizziamo i cookie di sessione per riconoscere che hai gi\u00e0 visitato le singole pagine sul nostro sito web. Questi vengono automaticamente cancellati dopo aver lasciato la nostra pagina. Inoltre, per migliorare l&#8217;usabilit\u00e0, utilizziamo anche i cookie temporanei memorizzati sul dispositivo per un periodo di tempo specificato. Se visiti nuovamente il nostro sito per usufruire dei nostri servizi, riconoscer\u00e0 automaticamente che sei gi\u00e0 stato con noi e quali voci e impostazioni hai apportato, quindi non devi reinserirli. D&#8217;altra parte, utilizziamo i cookie per registrare statisticamente l&#8217;utilizzo del nostro sito Web e valutarlo al fine di ottimizzare il nostro sito. Questi cookie ci consentono di riconoscere automaticamente quando visiti nuovamente il nostro sito che sei gi\u00e0 stato con noi. Questi cookie vengono automaticamente cancellati dopo un periodo definito.<\/p>\n<p>I dati trattati dai cookie sono per gli scopi indicati al fine di tutelare i nostri interessi legittimi nonch\u00e9 i soggetti terzi ai sensi dell&#8217;art. 6 par.1 frase 1 lit f RGPD.<\/p>\n<p>La maggior parte dei browser accetta automaticamente i cookie. Tuttavia, \u00e8 possibile impostare il browser in modo che nessun cookie sia memorizzato sul computer o che venga visualizzato un suggerimento prima di creare un nuovo cookie. Tuttavia, la completa disattivazione dei cookie potrebbe rendere impossibile l&#8217;utilizzo di tutte le funzionalit\u00e0 del nostro sito Web. \u00c8 possibile impedire l&#8217;installazione di cookie configurando di conseguenza il software del browser; tuttavia, richiamiamo la vostra attenzione sul fatto che in questo caso, tutte le funzionalit\u00e0 di questo sito Web non possono essere pienamente utilizzate. Puoi anche impedire la raccolta di dati generati dal cookie e relativi al tuo utilizzo del sito (incluso il tuo indirizzo IP) e l&#8217;elaborazione di tali dati da parte di Google scaricando e installando un componente aggiuntivo del browser: <a href=\"https:\/\/tools.google.com\/dlpage\/gaoptout?hl=de\">https:\/\/tools.google.com\/dlpage\/gaoptout?hl=de<\/a><\/p>\n<p>In alternativa al componente aggiuntivo del browser, in particolare per i browser su dispositivi mobili, puoi impedire la raccolta da parte di Google Analytics facendo clic sul link in alto. Verr\u00e0 messo in atto un cookie di opt-out che impedir\u00e0 la futura raccolta dei tuoi dati quando visiti questo sito. Il cookie di disattivazione \u00e8 valido solo in questo browser e solo per il nostro sito Web e viene memorizzato sul tuo dispositivo. Se si eliminano i cookie in questo browser, \u00e8 necessario impostare nuovamente il cookie di disattivazione.<\/p>\n<p>5. Diritti<\/p>\n<p>Hai il diritto:<br \/>\n\u2022 ai sensi dell&#8217;art. 15 RGPD per richiedere informazioni sui tuoi dati personali trattati da noi. In particolare, \u00e8 possibile richiedere informazioni sugli scopi del trattamento, sulla categoria di dati personali, sulle categorie di destinatari a cui sono stati divulgati i dati, sul periodo di conservazione previsto, sul diritto di rettifica, cancellazione, limitazione di elaborazione o opposizione, l&#8217;esistenza di un diritto di reclamo, la fonte dei tuoi dati, se non comunicati a noi, e l&#8217;esistenza di processi decisionali automatizzati, inclusa la profilazione e, se del caso, informazioni concise sui loro dettagli;<br \/>\n\u2022 ai sensi dell&#8217;art. 16 RGPD per richiedere la correzione immediata di dati personali errati o per richiedere l&#8217;aggiunta di dati personali memorizzati con noi;<br \/>\n\u2022 ai sensi dell&#8217;art. 17 RGPD per richiedere la cancellazione dei dati personali da noi archiviati, a meno che il trattamento non sia richiesto per l&#8217;esercizio del diritto alla libert\u00e0 di espressione e di informazione, per l&#8217;adempimento di un obbligo legale, per ragioni di interesse pubblico o per l&#8217;affermazione, l&#8217;esercizio o la difesa di rivendicazioni legali;<br \/>\n\u2022 ai sensi dell&#8217;art. 18 RGPD per richiedere la limitazione del trattamento dei dati personali dell&#8217;utente, nella misura in cui l&#8217;accuratezza dei dati \u00e8 contestata dall&#8217;utente, il trattamento \u00e8 illegale e tuttavia si rifiuta la sua cancellazione e non abbiamo pi\u00f9 bisogno dei dati, ma hai bisogno di questi dati per reclamare un ricorso legale o essersi opposti al trattamento ai sensi dell&#8217;art. 21 RGPD;<br \/>\n\u2022 ai sensi dell&#8217;art. 20 RGPD per ricevere i dati personali forniti in un formato strutturato, comune e leggibile da una macchina o per richiedere il trasferimento a un&#8217;altra persona responsabile;<br \/>\n\u2022 ai sensi dell&#8217;art. 7 par. 3 RGPD per revocare il tuo consenso una volta dato a noi in qualsiasi momento. Di conseguenza, non siamo autorizzati a continuare a elaborare i dati sulla base di questo consenso per il futuro e<br \/>\n\u2022 ai sensi dell&#8217;art. 77 RGPD a sporgere denuncia presso un&#8217;autorit\u00e0 di controllo. Di norma, \u00e8 possibile contattare l&#8217;autorit\u00e0 di vigilanza del luogo di residenza o del lavoro abituale o la nostra sede legale.<\/p>\n<p>6. Diritto di opposizione<\/p>\n<p>Se i tuoi dati personali sono trattati secondo legittimi interessi ai sensi dell&#8217;art. 6 par. 1 frase 1 RGPD, hai il diritto di opporti al trattamento dei tuoi dati personali ai sensi dell&#8217;art. 21 RGPD, a condizione che ci\u00f2 sia dovuto a motivi particolari o che l&#8217;obiezione sia diretta contro la posta diretta. In quest&#8217;ultimo caso, hai un diritto generale di opposizione, che implementiamo senza specificare una situazione particolare. Se desideri esercitare il tuo diritto di revoca o opposizione, invia una e-mail a: <a href=\"mailto:datenschutz@tomscompany.de\">datenschutz@tomscompany.de<\/a><\/p>\n<p>7. Aggiorna e modifica questa informativa sulla privacy<\/p>\n<p>A seguito dell&#8217;ulteriore sviluppo del nostro sito Web e delle offerte o in base a requisiti legali o ufficiali modificati, potrebbe essere necessario modificare questa informativa sulla privacy. L&#8217;attuale politica sulla privacy pu\u00f2 essere visualizzata in qualsiasi momento qui.<\/p>\n<h2><span style=\"color: #993300;\"><strong>Diligence della catena di fornitura<\/strong><\/span><\/h2>\n<p><strong>Legge sulla due diligence della catena di fornitura<\/strong><br \/>\nSistema di whistleblower per il rispetto e l&#8217;osservanza degli obblighi di due diligence in materia di diritti umani e ambiente all&#8217;interno delle catene di fornitura.<\/p>\n<p>Il 01.01.2023 \u00e8 entrata in vigore la Legge sulla Due Diligence della Catena di Fornitura per le aziende con almeno 3000 dipendenti.<\/p>\n<p>In qualit\u00e0 di fornitori di Segm\u00fcller Holding GmbH &amp; Co. KG (Segm\u00fcller), forniamo un accesso corrispondente al loro sistema di reclami e informiamo i potenziali segnalanti di questa possibilit\u00e0.<\/p>\n<p>Sono possibili i seguenti canali di segnalazione di Segm\u00fcller:<\/p>\n<p>&#8211; Sistema di reclamo online: <a href=\"https:\/\/www.segmueller.de\/magazin\/compliance\/hinweisgebersystem\">https:\/\/www.segmueller.de\/magazin\/compliance\/hinweisgebersystem<\/a><\/p>\n<p>&#8211; Numero di telefono: +49 821 4540808<\/p>\n<p>&#8211; Indirizzo e-mail: <a href=\"mailto:hinweisgeber@schmid-frank.de\">hinweisgeber@schmid-frank.de<\/a><\/p>\n<p>&nbsp;<\/p>\n<p>_____________________________________________________________________________________<\/p>\n<p><strong>Concept, Design &amp; Development del sito Web:<\/strong><br \/>\nWerner Bohr \u2013 Agency for Design<br \/>\nMaximinstr. 3 | 54292 Trier, Germany<br \/>\nFon: + 49 (0) 651 146 150<br \/>\neMail: <a href=\"mailto:info%40werne%72bohr.de\">info@wernerbohr.de<\/a><br \/>\nWeb: <a href=\"http:\/\/www.wernerbohr.de\" target=\"_blank\" rel=\"noopener\">www.wernerbohr.de<\/a><\/p>\n<p><strong>Realizzazione del sito web e ottimizzazione del browser:\u00a0 <\/strong>Questo sito \u00e8 stato lanciato in agosto 2014 configurato di recente per i browser attuali . E\u2018 \u00a0possibile che le versioni di browser \u00a0precedenti \u00a0non illustrano sempre il nostro sito in maniera ottima. In questo caso consigliamo un aggiornamento del browser usato da voi sul vostro computer.<\/p>\n<p><strong>Divieto di utilizzo del materiale presente sul sito<\/strong>: \u00e8 vietato riprodurre, modificare, esporre, utilizzare su altri siti anche per fini commerciali il materiale pubblicato sul questo sito (immagini fotografiche, illustrazioni, testi, video clip etc.) se non previa autorizzazione scritta rilasciata da Tom\u00b4s Company GmbH e unicamente per identificare e promuovere i prodotti di Tom\u00b4s Company. Inoltre \u00e8 vietato linkare questo sito senza autorizzazione scritta rilasciata da Tom\u00b4s Company GmbH.<\/p>\n<p><strong>Limitazione di responsabilit\u00e0 per i contenuti del sito:<\/strong> Tom\u00b4s Company GmbH declina ogni responsabilit\u00e0 circa le conseguenze derivanti da possibili malfunzionamenti del Sito e\/o per i danni o la perdita di profitti che ne possano derivare sia nei confronti dell&#8217;utente che di terzi. L\u00b4uso dei servizi \u00e8 interamente a rischio dell&#8217;utente. I servizi sono accessibili senza garanzie di alcun genere, sia esplicite che implicite.<\/p>\n<p>&nbsp;<\/p>\n","protected":false},"excerpt":{"rendered":"<p>Informazione legale \/ Protezione dei dati \/ Diligence della catena di fornitura Informazione legale Tom`s Company GmbH Knappenweg 6 D-66578 Schiffweiler Germania Fon: + 49 (0) 6821 63 4580 Fax: + 49 (0) 6821 63 4581 eMail:\u00a0\u00a0\u00a0\u00a0 info@tomscompany.com Internet: www.tomscompany.com Gerente: Arno M\u00fcller Corte di registro: Amtsgericht Saarbr\u00fccken Numero di registro: HRB 15587 Numero di [&hellip;]<\/p>\n","protected":false},"author":1,"featured_media":0,"parent":0,"menu_order":0,"comment_status":"closed","ping_status":"open","template":"page-nosidebar.php","meta":[],"acf":[],"yoast_head":"<!-- This site is optimized with the Yoast SEO plugin v16.4 - https:\/\/yoast.com\/wordpress\/plugins\/seo\/ -->\n<title>Informazione legale \/ Protezione dei dati \/ Diligence della catena di fornitura | Tom&#039;s Drag<\/title>\n<meta name=\"description\" content=\"TOM\u00b4S DRAG - OFFICIAL WEBSITE: Sie sind bunt, witzig, schr\u00e4g: Die Drags sind Leben pur, zeugen von exzentrischer Eigenwilligkeit und sind dabei voller Esprit und au\u00dfergew\u00f6hnlichem Charme.\" \/>\n<meta name=\"robots\" content=\"index, follow, max-snippet:-1, max-image-preview:large, max-video-preview:-1\" \/>\n<link rel=\"canonical\" href=\"https:\/\/tomscompany.de\/it\/informazione-legale\/\" \/>\n<meta property=\"og:locale\" content=\"it_IT\" \/>\n<meta property=\"og:type\" content=\"article\" \/>\n<meta property=\"og:title\" content=\"Informazione legale \/ Protezione dei dati \/ Diligence della catena di fornitura | Tom&#039;s Drag\" \/>\n<meta property=\"og:description\" content=\"TOM\u00b4S DRAG - OFFICIAL WEBSITE: Sie sind bunt, witzig, schr\u00e4g: Die Drags sind Leben pur, zeugen von exzentrischer Eigenwilligkeit und sind dabei voller Esprit und au\u00dfergew\u00f6hnlichem Charme.\" \/>\n<meta property=\"og:url\" content=\"https:\/\/tomscompany.de\/it\/informazione-legale\/\" \/>\n<meta property=\"og:site_name\" content=\"Tom&#039;s Drag\" \/>\n<meta property=\"article:modified_time\" content=\"2023-05-15T11:23:47+00:00\" \/>\n<meta name=\"twitter:label1\" content=\"Tempo di lettura stimato\" \/>\n\t<meta name=\"twitter:data1\" content=\"8 minuti\" \/>\n<script type=\"application\/ld+json\" class=\"yoast-schema-graph\">{\"@context\":\"https:\/\/schema.org\",\"@graph\":[{\"@type\":\"WebSite\",\"@id\":\"https:\/\/tomscompany.de\/#website\",\"url\":\"https:\/\/tomscompany.de\/\",\"name\":\"Tom&#039;s Drag\",\"description\":\"Living with the Drags\",\"potentialAction\":[{\"@type\":\"SearchAction\",\"target\":\"https:\/\/tomscompany.de\/?s={search_term_string}\",\"query-input\":\"required name=search_term_string\"}],\"inLanguage\":\"it-IT\"},{\"@type\":\"WebPage\",\"@id\":\"https:\/\/tomscompany.de\/it\/informazione-legale\/#webpage\",\"url\":\"https:\/\/tomscompany.de\/it\/informazione-legale\/\",\"name\":\"Informazione legale \/ Protezione dei dati \/ Diligence della catena di fornitura | Tom's Drag\",\"isPartOf\":{\"@id\":\"https:\/\/tomscompany.de\/#website\"},\"datePublished\":\"2014-05-21T13:24:07+00:00\",\"dateModified\":\"2023-05-15T11:23:47+00:00\",\"description\":\"TOM\\u00b4S DRAG - OFFICIAL WEBSITE: Sie sind bunt, witzig, schr\\u00e4g: Die Drags sind Leben pur, zeugen von exzentrischer Eigenwilligkeit und sind dabei voller Esprit und au\\u00dfergew\\u00f6hnlichem Charme.\",\"breadcrumb\":{\"@id\":\"https:\/\/tomscompany.de\/it\/informazione-legale\/#breadcrumb\"},\"inLanguage\":\"it-IT\",\"potentialAction\":[{\"@type\":\"ReadAction\",\"target\":[\"https:\/\/tomscompany.de\/it\/informazione-legale\/\"]}]},{\"@type\":\"BreadcrumbList\",\"@id\":\"https:\/\/tomscompany.de\/it\/informazione-legale\/#breadcrumb\",\"itemListElement\":[{\"@type\":\"ListItem\",\"position\":1,\"item\":{\"@type\":\"WebPage\",\"@id\":\"https:\/\/tomscompany.de\/\",\"url\":\"https:\/\/tomscompany.de\/\",\"name\":\"Home\"}},{\"@type\":\"ListItem\",\"position\":2,\"item\":{\"@id\":\"https:\/\/tomscompany.de\/it\/informazione-legale\/#webpage\"}}]}]}<\/script>\n<!-- \/ Yoast SEO plugin. -->","_links":{"self":[{"href":"https:\/\/tomscompany.de\/it\/wp-json\/wp\/v2\/pages\/1088"}],"collection":[{"href":"https:\/\/tomscompany.de\/it\/wp-json\/wp\/v2\/pages"}],"about":[{"href":"https:\/\/tomscompany.de\/it\/wp-json\/wp\/v2\/types\/page"}],"author":[{"embeddable":true,"href":"https:\/\/tomscompany.de\/it\/wp-json\/wp\/v2\/users\/1"}],"replies":[{"embeddable":true,"href":"https:\/\/tomscompany.de\/it\/wp-json\/wp\/v2\/comments?post=1088"}],"version-history":[{"count":25,"href":"https:\/\/tomscompany.de\/it\/wp-json\/wp\/v2\/pages\/1088\/revisions"}],"predecessor-version":[{"id":6718,"href":"https:\/\/tomscompany.de\/it\/wp-json\/wp\/v2\/pages\/1088\/revisions\/6718"}],"wp:attachment":[{"href":"https:\/\/tomscompany.de\/it\/wp-json\/wp\/v2\/media?parent=1088"}],"curies":[{"name":"wp","href":"https:\/\/api.w.org\/{rel}","templated":true}]}}