{"id":1086,"date":"2014-03-07T17:11:53","date_gmt":"2014-03-07T15:11:53","guid":{"rendered":"http:\/\/localhost\/toms_company\/faq-2\/"},"modified":"2014-08-14T14:05:45","modified_gmt":"2014-08-14T12:05:45","slug":"faq","status":"publish","type":"page","link":"https:\/\/tomscompany.de\/it\/faq\/","title":{"rendered":"FAQ"},"content":{"rendered":"<h1>FAQ \u2013 domande poste frequentemente<\/h1>\n<div id=\"faq-1128\" class=\"arconix-faq-wrap\"><div id=\"faq-PossosenzaesseredettagliantiordinareocomperareleDragsdirettamentepressolaTom8217sCompany\" class=\"arconix-faq-title faq-closed\">Posso, senza essere dettaglianti, ordinare o comperare le Drags direttamente presso la Tom&#8217;s Company?<\/div><div class=\"arconix-faq-content faq-closed\"><p>In tante citt\u00e0 lavoriamo con <strong><span style=\"color: #ff0000;\">rivenditori<\/span> <\/strong>e vi daremo volentieri gli indirizzi dei nostri partner della vostra zona.<br \/>\nInviateci una <a title=\"Contatto\" href=\"https:\/\/tomscompany.de\/it\/contatto\/\">e-mail <\/a> e ci metteremo in contatto con voi.<\/p>\n<p>Per i paesi e le regioni in cui non ci sono rivenditori vicino a voi, c&#8217;\u00e8 spesso la possibilit\u00e0 di <strong><span style=\"color: #ff0000;\">ordinare<\/span><\/strong> i vostri &#8220;Tom&#8217;s Drags&#8221; preferiti <span style=\"color: #ff0000;\"><strong>direttamente da noi.<\/strong><\/span> Visitate il nostro <strong><span style=\"color: #800080;\">NEGOZIO UFFICIALE online su<\/span><\/strong> <span style=\"color: #000000;\"><a href=\"http:\/\/www.shop-tomsdrag.de\" target=\"_blank\"><span style=\"color: #000000;\"><strong><span style=\"color: #ff0000;\">www.shop-tomsdrag.de<\/span><\/strong><\/span><\/a><\/span> e inviateci una <a href=\"https:\/\/tomscompany.de\/it\/contatto\/\">e-mail<\/a> in modo che possiamo contattarvi per vedere se \u00e8 possibile inviare gli articoli desiderati al vostro paese.<\/p>\n<\/div><\/div><div id=\"faq-1125\" class=\"arconix-faq-wrap\"><div id=\"faq-DovesipucomperarelacollezioneTom8217sDrag\" class=\"arconix-faq-title faq-closed\">Dove si pu\u00f2 comperare la collezione Tom&#8217;s Drag?<\/div><div class=\"arconix-faq-content faq-closed\"><p>1.\u00a0\u00a0\u00a0 Potete acquistare la collezione Tom&#8217;s Drag<strong> <span style=\"color: #ff0000;\">presso i nostri distributori autorizzati.<\/span> <\/strong>Presso di loro riceverete i consigli e vi verr\u00e0 mostrata la nostra attuale collezione. Per ragioni di spazio, non tutti gli articoli possono essere disponibili dal vostro distributore. In questo caso ordineranno l\u00b4articolo scelto volontieri per voi. E&#8217; con piacere che vi indicheremo i dettaglianti pi\u00f9 vicini a voi.<br \/>\nInviateci una <a title=\"Contatto\" href=\"https:\/\/tomscompany.de\/it\/contatto\/\">e-mail <\/a> e ci metteremo in contatto con voi.<\/p>\n<p>2.\u00a0\u00a0\u00a0 Per i paesi e le regioni in cui non ci sono rivenditori vicino a voi, c&#8217;\u00e8 spesso la possibilit\u00e0 di <strong><span style=\"color: #ff0000;\">ordinare<\/span><\/strong> i vostri &#8220;Tom&#8217;s Drags&#8221; preferiti <span style=\"color: #ff0000;\"><strong>direttamente da noi.<\/strong><\/span> Visitate il nostro <strong><span style=\"color: #800080;\">NEGOZIO UFFICIALE online su <span style=\"color: #000000;\"><a href=\"http:\/\/www.shop-tomsdrag.de\" target=\"_blank\" rel=\"noopener noreferrer\"><span style=\"color: #000000;\"><strong><span style=\"color: #ff0000;\">www.shop-tomsdrag.de<\/span><\/strong><\/span><\/a><\/span><\/span><\/strong> e inviateci una <a href=\"https:\/\/tomscompany.de\/it\/contatto\/\">e-mail<\/a> in modo che possiamo contattarvi per vedere se \u00e8 possibile inviare gli articoli desiderati al vostro paese.<\/p>\n<p>3.\u00a0\u00a0\u00a0 Inoltre c\u00b4\u00e8 il <strong><span style=\"color: #ff0000;\">nostro showroom<\/span><\/strong> con la collezione completa che apre le sue porte ogni primo sabato del mese dalle ore 10 alle ore 15. Oltre la collezione regolare ci troverete sempre tantissimi articoli in offerta, serie limitate, quasi esaurite etc e una visita vale sempre la pena. Siamo in Germania, 66578 Schiffweiler, Knappenweg 6 e sarebbe un gran piacere incontrarvi qui da noi. <\/p>\n<\/div><\/div><div id=\"faq-1122\" class=\"arconix-faq-wrap\"><div id=\"faq-ComepossovederetuttalacollezioneTom8217sDrag\" class=\"arconix-faq-title faq-closed\">Come posso vedere tutta la collezione Tom&#8217;s Drag?<\/div><div class=\"arconix-faq-content faq-closed\"><p><span style=\"color: #ff0000;\"><span style=\"color: #000000;\">1.\u00a0<\/span><\/span><span style=\"color: #ff0000;\">\u00a0<\/span><strong><span style=\"color: #ff0000;\">\u00a0\u00a0 Scaricate il catalogo<\/span><\/strong> (nel\u00b4area &#8220;catalogo&#8221;) con la collezione completa o <span style=\"color: #ff0000;\"><strong>andate presso i nostri dettaglianti.<\/strong><\/span> L\u00ec vi sar\u00e0 mostrato il nostro catalogo e vi saranno forniti tanti consigli utili.<\/p>\n<p>2.\u00a0\u00a0 \u00a0 Per i paesi e le regioni in cui non ci sono rivenditori vicino a voi, c&#8217;\u00e8 spesso la possibilit\u00e0 di vedere tutta la collezione nel nostro online-shop (su questo sitio) e di <strong><span style=\"color: #ff0000;\">ordinare<\/span><\/strong> i vostri &#8220;Tom&#8217;s Drags&#8221; preferiti <span style=\"color: #ff0000;\"><strong>direttamente da noi.<\/strong><\/span> Visitate il nostro <strong><span style=\"color: #800080;\">NEGOZIO UFFICIALE online<\/span><span style=\"color: #800080;\"> su<\/span> <\/strong><span style=\"color: #000000;\"><a href=\"http:\/\/www.shop-tomsdrag.de\" target=\"_blank\" rel=\"noopener noreferrer\"><span style=\"color: #000000;\"><strong><span style=\"color: #ff0000;\">www.shop-tomsdrag.de<\/span><\/strong><\/span><\/a><\/span> e inviateci una <a href=\"https:\/\/tomscompany.de\/it\/contatto\/\">e-mail<\/a> in modo che possiamo contattarvi per vedere se \u00e8 possibile inviare gli articoli desiderati al vostro paese.<\/p>\n<p>3.\u00a0 \u00a0\u00a0 Inoltre c\u00b4\u00e8 il <strong><span style=\"color: #ff0000;\">nostro showroom<\/span><\/strong> con la collezione completa che apre le sue porte ogni primo sabato del mese dalle ore 10 alle ore 15. Oltre la collezione regolare ci troverete sempre tantissimi articoli in offerta, serie limitate, quasi esaurite etc e una visita vale sempre la pena. Siamo in Germania, 66578 Schiffweiler, Knappenweg 6 e sarebbe un gran piacere incontrarvi qui da noi. <\/p>\n<\/div><\/div><div id=\"faq-1119\" class=\"arconix-faq-wrap\"><div id=\"faq-Qualilmaterialeusatopercostruireglioggetti\" class=\"arconix-faq-title faq-closed\">Qual \u00e8 il materiale usato per costruire gli oggetti?<\/div><div class=\"arconix-faq-content faq-closed\"><p>Per il nostro lavoro utilizziamo esclusivamente materiali e colori di alta qualit\u00e0. Il materiale di base della maggior parte degli articoli \u00e8 il marmorino, un prodotto ottenuto a partire dal marmo e dalla resina sintetica. Questo materiale di base viene lavorato poi da esperti scultori a partire dal modello originale. Altri oggetti come i nostri mobili sono fatti di mdf\/ legno, di metallo o di fibra di vetro. C\u00b4\u00e9 una cosa commune per tutti i Tom\u00b4s Drag: ogni pezzo \u00e8 dipinto a mano fino ai pi\u00f9 piccoli detagli.<\/p>\n<\/div><\/div><div id=\"faq-1117\" class=\"arconix-faq-wrap\"><div id=\"faq-LeTom8217sDragresistonoallevariazioniclimatiche\" class=\"arconix-faq-title faq-closed\">Le Tom&#8217;s Drag resistono alle variazioni climatiche?<\/div><div class=\"arconix-faq-content faq-closed\"><p>Salvo controindicazioni, le collezioni Tom&#8217;s Drag sono concepite sopratutto per gli ambienti interni e sono quindi sensibili agli effetti climatici. Il freddo per le nostre creazioni non \u00e8 affatto un problema sia che le mettiate su balconi o terrazze coperti. Ma fate attenzione agli oggetti colorati che restano esposti alla luce del sole perch\u00e9 possono scolorirsi o perdere la lucentezza di un tempo.<\/p>\n<\/div><\/div><div id=\"faq-1114\" class=\"arconix-faq-wrap\"><div id=\"faq-LecoppeTomsDragpossonocontenerealimenti\" class=\"arconix-faq-title faq-closed\">Le coppe Tom\u00b4s Drag, possono contenere alimenti?<\/div><div class=\"arconix-faq-content faq-closed\"><p>La maggior parte degli oggetti artistici della collezione Tom\u00b4Drag, non sono, salvo controindicazioni fatti per contenere alimenti, e di conseguenza non devono entrare assolutamente in contatto con essi.<\/p>\n<\/div><\/div><div id=\"faq-1111\" class=\"arconix-faq-wrap\"><div id=\"faq-CosasignificaDrag\" class=\"arconix-faq-title faq-closed\">Cosa significa Drag?<\/div><div class=\"arconix-faq-content faq-closed\"><p>La parola Drag \u00e8 di derivazione inglese e possiedi diversi significati. E&#8217; innanzitutto usato per indicare uomini che portano vestiti da donna, le Drag Queen, che sfavillano di energia, celebrano la vita e che prima di tutto non si prendono mai sul serio. Inoltre all&#8217;indomani delle corse automobilistiche, le Drag Races, sono delle vecchie auto rimesse a nuovo che corrono a gran velocit\u00e0 sulle brevi distanze.<br \/>\n\u00c8 appunto questa voglia di singolarit\u00e0, di voglia di vivere e di pura energia, che fanno le nostre stravaganti creature delle \u201eDrags\u201c.<\/p>\n<\/div><\/div><div id=\"faq-1108\" class=\"arconix-faq-wrap\"><div id=\"faq-SonouncommercianteedesiderereiincluderenelmioassortimentoancheleTomDrag\" class=\"arconix-faq-title faq-closed\">Sono un commerciante e desidererei includere nel mio assortimento anche le Tom Drag.<\/div><div class=\"arconix-faq-content faq-closed\"><p>Inviateci una <a title=\"Contatto\" href=\"https:\/\/tomscompany.de\/it\/contatto\/\">e-mail <\/a>in modo che i nostri collaboratori possano mettersi in contatto con noi.<\/p>\n<\/div><\/div><div id=\"faq-1105\" class=\"arconix-faq-wrap\"><div id=\"faq-Lamiadomandanonsitrovanelelenco\" class=\"arconix-faq-title faq-closed\">La mia domanda non si trova nel elenco.<\/div><div class=\"arconix-faq-content faq-closed\"><p>Non c\u00b4\u00e8 problema. Inviateci una <a title=\"Contatto\" href=\"https:\/\/tomscompany.de\/it\/contatto\/\">e-mail<\/a> che ci possiamo mettere in contatto con voi.<\/p>\n<\/div><\/div>\n","protected":false},"excerpt":{"rendered":"<p>FAQ \u2013 domande poste frequentemente<\/p>\n","protected":false},"author":1,"featured_media":826,"parent":0,"menu_order":0,"comment_status":"closed","ping_status":"closed","template":"","meta":[],"acf":[],"yoast_head":"<!-- This site is optimized with the Yoast SEO plugin v16.4 - https:\/\/yoast.com\/wordpress\/plugins\/seo\/ -->\n<title>FAQ | Tom&#039;s Drag<\/title>\n<meta name=\"description\" content=\"TOM\u00b4S DRAG - OFFICIAL WEBSITE: Sie sind bunt, witzig, schr\u00e4g: Die Drags sind Leben pur, zeugen von exzentrischer Eigenwilligkeit und sind dabei voller Esprit und au\u00dfergew\u00f6hnlichem Charme.\" \/>\n<meta name=\"robots\" content=\"index, follow, max-snippet:-1, max-image-preview:large, max-video-preview:-1\" \/>\n<link rel=\"canonical\" href=\"https:\/\/tomscompany.de\/it\/faq\/\" \/>\n<meta property=\"og:locale\" content=\"it_IT\" \/>\n<meta property=\"og:type\" content=\"article\" \/>\n<meta property=\"og:title\" content=\"FAQ | Tom&#039;s Drag\" \/>\n<meta property=\"og:description\" content=\"TOM\u00b4S DRAG - OFFICIAL WEBSITE: Sie sind bunt, witzig, schr\u00e4g: Die Drags sind Leben pur, zeugen von exzentrischer Eigenwilligkeit und sind dabei voller Esprit und au\u00dfergew\u00f6hnlichem Charme.\" \/>\n<meta property=\"og:url\" content=\"https:\/\/tomscompany.de\/it\/faq\/\" \/>\n<meta property=\"og:site_name\" content=\"Tom&#039;s Drag\" \/>\n<meta property=\"article:modified_time\" content=\"2014-08-14T12:05:45+00:00\" \/>\n<script type=\"application\/ld+json\" class=\"yoast-schema-graph\">{\"@context\":\"https:\/\/schema.org\",\"@graph\":[{\"@type\":\"WebSite\",\"@id\":\"https:\/\/tomscompany.de\/#website\",\"url\":\"https:\/\/tomscompany.de\/\",\"name\":\"Tom&#039;s Drag\",\"description\":\"Living with the Drags\",\"potentialAction\":[{\"@type\":\"SearchAction\",\"target\":\"https:\/\/tomscompany.de\/?s={search_term_string}\",\"query-input\":\"required name=search_term_string\"}],\"inLanguage\":\"it-IT\"},{\"@type\":\"ImageObject\",\"@id\":\"https:\/\/tomscompany.de\/it\/faq\/#primaryimage\",\"inLanguage\":\"it-IT\",\"url\":\"https:\/\/tomscompany.de\/wp-content\/uploads\/2014\/06\/header-faq.jpg\",\"contentUrl\":\"https:\/\/tomscompany.de\/wp-content\/uploads\/2014\/06\/header-faq.jpg\"},{\"@type\":\"WebPage\",\"@id\":\"https:\/\/tomscompany.de\/it\/faq\/#webpage\",\"url\":\"https:\/\/tomscompany.de\/it\/faq\/\",\"name\":\"FAQ | Tom's Drag\",\"isPartOf\":{\"@id\":\"https:\/\/tomscompany.de\/#website\"},\"primaryImageOfPage\":{\"@id\":\"https:\/\/tomscompany.de\/it\/faq\/#primaryimage\"},\"datePublished\":\"2014-03-07T15:11:53+00:00\",\"dateModified\":\"2014-08-14T12:05:45+00:00\",\"description\":\"TOM\\u00b4S DRAG - OFFICIAL WEBSITE: Sie sind bunt, witzig, schr\\u00e4g: Die Drags sind Leben pur, zeugen von exzentrischer Eigenwilligkeit und sind dabei voller Esprit und au\\u00dfergew\\u00f6hnlichem Charme.\",\"breadcrumb\":{\"@id\":\"https:\/\/tomscompany.de\/it\/faq\/#breadcrumb\"},\"inLanguage\":\"it-IT\",\"potentialAction\":[{\"@type\":\"ReadAction\",\"target\":[\"https:\/\/tomscompany.de\/it\/faq\/\"]}]},{\"@type\":\"BreadcrumbList\",\"@id\":\"https:\/\/tomscompany.de\/it\/faq\/#breadcrumb\",\"itemListElement\":[{\"@type\":\"ListItem\",\"position\":1,\"item\":{\"@type\":\"WebPage\",\"@id\":\"https:\/\/tomscompany.de\/\",\"url\":\"https:\/\/tomscompany.de\/\",\"name\":\"Home\"}},{\"@type\":\"ListItem\",\"position\":2,\"item\":{\"@id\":\"https:\/\/tomscompany.de\/it\/faq\/#webpage\"}}]}]}<\/script>\n<!-- \/ Yoast SEO plugin. -->","_links":{"self":[{"href":"https:\/\/tomscompany.de\/it\/wp-json\/wp\/v2\/pages\/1086"}],"collection":[{"href":"https:\/\/tomscompany.de\/it\/wp-json\/wp\/v2\/pages"}],"about":[{"href":"https:\/\/tomscompany.de\/it\/wp-json\/wp\/v2\/types\/page"}],"author":[{"embeddable":true,"href":"https:\/\/tomscompany.de\/it\/wp-json\/wp\/v2\/users\/1"}],"replies":[{"embeddable":true,"href":"https:\/\/tomscompany.de\/it\/wp-json\/wp\/v2\/comments?post=1086"}],"version-history":[{"count":5,"href":"https:\/\/tomscompany.de\/it\/wp-json\/wp\/v2\/pages\/1086\/revisions"}],"predecessor-version":[{"id":2377,"href":"https:\/\/tomscompany.de\/it\/wp-json\/wp\/v2\/pages\/1086\/revisions\/2377"}],"wp:featuredmedia":[{"embeddable":true,"href":"https:\/\/tomscompany.de\/it\/wp-json\/wp\/v2\/media\/826"}],"wp:attachment":[{"href":"https:\/\/tomscompany.de\/it\/wp-json\/wp\/v2\/media?parent=1086"}],"curies":[{"name":"wp","href":"https:\/\/api.w.org\/{rel}","templated":true}]}}