{"id":1027,"date":"2014-06-18T12:30:34","date_gmt":"2014-06-18T10:30:34","guid":{"rendered":"http:\/\/localhost\/toms_company\/philosophie-2\/"},"modified":"2014-07-18T15:19:30","modified_gmt":"2014-07-18T13:19:30","slug":"filosofia","status":"publish","type":"page","link":"https:\/\/tomscompany.de\/it\/filosofia\/","title":{"rendered":"Filosofia"},"content":{"rendered":"<h1>Amiamo &amp; viviamo Tom&#8217;s Drag\u00ae<\/h1>\n<h2>Tom&#8217;s Drag\u00ae Collection<\/h2>\n<h3>Un mondo di forme e figure originali<\/h3>\n<p>Colorati, divertenti, singolari, in tutti i colori dell\u2019arcobaleno, elegantemente catturati in oggetti di design per la casa: i Tom\u2019s Drags sono unici. Eppure, naturalmente anche loro hanno le loro radici. Tom Hoffmann, il &#8220;padre dei TOM\u00b4S DRAGS&#8221;, era un grande appassionato di viaggi. Nelle sue opere si riscontra l\u2019influenza della Pop Art europea e americana. Essi si ispirano per esempio al Yellow Submarine, ma anche all\u2019arte folcloristica europea, africana e asiatica. Queste ispirazioni da lui combinate in maniera particolarmente stravagante, hanno dato vita ai Drags che, ricchi di colori e gioia di vivere, rappresentano qualcosa di unico, individuale \u2013 nel vero senso della parola originale.&#8221;<\/p>\n<p><a href=\"http:\/\/tomscompany.de\/wp-content\/uploads\/2014\/06\/philosophie-1.jpg\"><img loading=\"lazy\" class=\"alignnone size-full wp-image-431\" src=\"http:\/\/tomscompany.de\/wp-content\/uploads\/2014\/06\/philosophie-1.jpg\" alt=\"philosophie-1\" width=\"606\" height=\"313\" \/><\/a><\/p>\n<h3>Espressione di colori e di gioia di vivere<\/h3>\n<p style=\"color: #181512;\">Come ogni idea grandiosa, anche questa ha una sua storia. Tutto ebbe inizio a seguito dei terribili attentati dell\u201911 settembre 2001, quando il terrore e la paura fecero rabbrividire l\u2019intera popolazione. Tom Hoffmann cre\u00f2 il primo Drags senza perseguire uno scopo commerciale \u2013 bens\u00ec per fare un regalo personale, individuale e con una grande cura per i dettagli, un segno di gioia e buon umore che contrastasse la tristezza. Coloro che li ricevettero in regalo ne furono entusiasti: &#8220;Devi farne altri!&#8221; E cos\u00ec fu.<\/p>\n<h3>Persone, animali, accessori<\/h3>\n<p style=\"color: #181512;\">Che si trattasse di camerieri, angeli o alligatori \u2013 nessuno poteva sfuggire <span style=\"color: #000000;\">allo stile Tom\u00b4s Drag.<\/span> Qualsiasi cosa viene invasa dalla vivace e instancabile creativit\u00e0 <span style=\"color: #000000;\">del suo frivolo<\/span> charme<span style=\"color: #1e497d;\">.<\/span> Ruoli e clich\u00e9 vengono interpretati in maniera sorprendente e talvolta anche completamente ribaltati. Nel corso del tempo i Drags hanno conquistato sempre pi\u00f9 svariati settori: oggi, oltre alle sculture, ci sono mobiletti, sopramobili e numerosi accessori, perfino stoviglie e divani in Drag design. Ognuna di queste creazioni uniche viene prodotta e riprodotta a mano.<\/p>\n","protected":false},"excerpt":{"rendered":"<p>Amiamo &amp; viviamo Tom&#8217;s Drag\u00ae Tom&#8217;s Drag\u00ae Collection Un mondo di forme e figure originali Colorati, divertenti, singolari, in tutti i colori dell\u2019arcobaleno, elegantemente catturati in oggetti di design per la casa: i Tom\u2019s Drags sono unici. Eppure, naturalmente anche loro hanno le loro radici. Tom Hoffmann, il &#8220;padre dei TOM\u00b4S DRAGS&#8221;, era un grande [&hellip;]<\/p>\n","protected":false},"author":1,"featured_media":823,"parent":0,"menu_order":0,"comment_status":"closed","ping_status":"open","template":"","meta":[],"acf":[],"yoast_head":"<!-- This site is optimized with the Yoast SEO plugin v16.4 - https:\/\/yoast.com\/wordpress\/plugins\/seo\/ -->\n<title>Filosofia | Tom&#039;s Drag<\/title>\n<meta name=\"description\" content=\"TOM\u00b4S DRAG - OFFICIAL WEBSITE: Sie sind bunt, witzig, schr\u00e4g: Die Drags sind Leben pur, zeugen von exzentrischer Eigenwilligkeit und sind dabei voller Esprit und au\u00dfergew\u00f6hnlichem Charme.\" \/>\n<meta name=\"robots\" content=\"index, follow, max-snippet:-1, max-image-preview:large, max-video-preview:-1\" \/>\n<link rel=\"canonical\" href=\"https:\/\/tomscompany.de\/it\/filosofia\/\" \/>\n<meta property=\"og:locale\" content=\"it_IT\" \/>\n<meta property=\"og:type\" content=\"article\" \/>\n<meta property=\"og:title\" content=\"Filosofia | Tom&#039;s Drag\" \/>\n<meta property=\"og:description\" content=\"TOM\u00b4S DRAG - OFFICIAL WEBSITE: Sie sind bunt, witzig, schr\u00e4g: Die Drags sind Leben pur, zeugen von exzentrischer Eigenwilligkeit und sind dabei voller Esprit und au\u00dfergew\u00f6hnlichem Charme.\" \/>\n<meta property=\"og:url\" content=\"https:\/\/tomscompany.de\/it\/filosofia\/\" \/>\n<meta property=\"og:site_name\" content=\"Tom&#039;s Drag\" \/>\n<meta property=\"article:modified_time\" content=\"2014-07-18T13:19:30+00:00\" \/>\n<meta name=\"twitter:label1\" content=\"Tempo di lettura stimato\" \/>\n\t<meta name=\"twitter:data1\" content=\"2 minuti\" \/>\n<script type=\"application\/ld+json\" class=\"yoast-schema-graph\">{\"@context\":\"https:\/\/schema.org\",\"@graph\":[{\"@type\":\"WebSite\",\"@id\":\"https:\/\/tomscompany.de\/#website\",\"url\":\"https:\/\/tomscompany.de\/\",\"name\":\"Tom&#039;s Drag\",\"description\":\"Living with the Drags\",\"potentialAction\":[{\"@type\":\"SearchAction\",\"target\":\"https:\/\/tomscompany.de\/?s={search_term_string}\",\"query-input\":\"required name=search_term_string\"}],\"inLanguage\":\"it-IT\"},{\"@type\":\"ImageObject\",\"@id\":\"https:\/\/tomscompany.de\/it\/filosofia\/#primaryimage\",\"inLanguage\":\"it-IT\",\"url\":\"https:\/\/tomscompany.de\/wp-content\/uploads\/2014\/06\/header-philosophie.jpg\",\"contentUrl\":\"https:\/\/tomscompany.de\/wp-content\/uploads\/2014\/06\/header-philosophie.jpg\"},{\"@type\":\"WebPage\",\"@id\":\"https:\/\/tomscompany.de\/it\/filosofia\/#webpage\",\"url\":\"https:\/\/tomscompany.de\/it\/filosofia\/\",\"name\":\"Filosofia | Tom's Drag\",\"isPartOf\":{\"@id\":\"https:\/\/tomscompany.de\/#website\"},\"primaryImageOfPage\":{\"@id\":\"https:\/\/tomscompany.de\/it\/filosofia\/#primaryimage\"},\"datePublished\":\"2014-06-18T10:30:34+00:00\",\"dateModified\":\"2014-07-18T13:19:30+00:00\",\"description\":\"TOM\\u00b4S DRAG - OFFICIAL WEBSITE: Sie sind bunt, witzig, schr\\u00e4g: Die Drags sind Leben pur, zeugen von exzentrischer Eigenwilligkeit und sind dabei voller Esprit und au\\u00dfergew\\u00f6hnlichem Charme.\",\"breadcrumb\":{\"@id\":\"https:\/\/tomscompany.de\/it\/filosofia\/#breadcrumb\"},\"inLanguage\":\"it-IT\",\"potentialAction\":[{\"@type\":\"ReadAction\",\"target\":[\"https:\/\/tomscompany.de\/it\/filosofia\/\"]}]},{\"@type\":\"BreadcrumbList\",\"@id\":\"https:\/\/tomscompany.de\/it\/filosofia\/#breadcrumb\",\"itemListElement\":[{\"@type\":\"ListItem\",\"position\":1,\"item\":{\"@type\":\"WebPage\",\"@id\":\"https:\/\/tomscompany.de\/\",\"url\":\"https:\/\/tomscompany.de\/\",\"name\":\"Home\"}},{\"@type\":\"ListItem\",\"position\":2,\"item\":{\"@id\":\"https:\/\/tomscompany.de\/it\/filosofia\/#webpage\"}}]}]}<\/script>\n<!-- \/ Yoast SEO plugin. -->","_links":{"self":[{"href":"https:\/\/tomscompany.de\/it\/wp-json\/wp\/v2\/pages\/1027"}],"collection":[{"href":"https:\/\/tomscompany.de\/it\/wp-json\/wp\/v2\/pages"}],"about":[{"href":"https:\/\/tomscompany.de\/it\/wp-json\/wp\/v2\/types\/page"}],"author":[{"embeddable":true,"href":"https:\/\/tomscompany.de\/it\/wp-json\/wp\/v2\/users\/1"}],"replies":[{"embeddable":true,"href":"https:\/\/tomscompany.de\/it\/wp-json\/wp\/v2\/comments?post=1027"}],"version-history":[{"count":3,"href":"https:\/\/tomscompany.de\/it\/wp-json\/wp\/v2\/pages\/1027\/revisions"}],"predecessor-version":[{"id":1260,"href":"https:\/\/tomscompany.de\/it\/wp-json\/wp\/v2\/pages\/1027\/revisions\/1260"}],"wp:featuredmedia":[{"embeddable":true,"href":"https:\/\/tomscompany.de\/it\/wp-json\/wp\/v2\/media\/823"}],"wp:attachment":[{"href":"https:\/\/tomscompany.de\/it\/wp-json\/wp\/v2\/media?parent=1027"}],"curies":[{"name":"wp","href":"https:\/\/api.w.org\/{rel}","templated":true}]}}