{"id":1099,"date":"2014-03-07T17:11:23","date_gmt":"2014-03-07T15:11:23","guid":{"rendered":"http:\/\/localhost\/toms_company\/presse-2\/"},"modified":"2014-07-21T12:06:21","modified_gmt":"2014-07-21T10:06:21","slug":"presse","status":"publish","type":"page","link":"https:\/\/tomscompany.de\/fr\/presse\/","title":{"rendered":"Presse"},"content":{"rendered":"<h1>Presse<\/h1>\n<p>En attendant, les Drags ont voyag\u00e9 loin et trouvent un \u00e9cho dans la presse internationale. Nous vous pr\u00e9sentons ici une petite s\u00e9lection de publications.<\/p>\n<h2>Les Drags dans la t\u00e9l\u00e9<\/h2>\n<div style=\"width: 474px;\" class=\"wp-video\"><!--[if lt IE 9]><script>document.createElement('video');<\/script><![endif]-->\n<video class=\"wp-video-shortcode\" id=\"video-1099-1\" width=\"474\" height=\"356\" preload=\"metadata\" controls=\"controls\"><source type=\"video\/mp4\" src=\"\/wp-content\/uploads\/videos\/SaarTVTomsDrag.mp4?_=1\" \/><a href=\"\/wp-content\/uploads\/videos\/SaarTVTomsDrag.mp4\">\/wp-content\/uploads\/videos\/SaarTVTomsDrag.mp4<\/a><\/video><\/div>\n<h2>Madame<\/h2>\n<p><img loading=\"lazy\" class=\"alignnone size-full wp-image-519\" src=\"http:\/\/tomscompany.de\/wp-content\/uploads\/2014\/03\/presse-madame.jpg\" alt=\"presse-madame\" width=\"468\" height=\"299\" srcset=\"https:\/\/tomscompany.de\/wp-content\/uploads\/2014\/03\/presse-madame.jpg 468w, https:\/\/tomscompany.de\/wp-content\/uploads\/2014\/03\/presse-madame-300x191.jpg 300w\" sizes=\"(max-width: 468px) 100vw, 468px\" \/><\/p>\n<h2>casamia<\/h2>\n<p><img loading=\"lazy\" class=\"alignnone size-full wp-image-520\" src=\"http:\/\/tomscompany.de\/wp-content\/uploads\/2014\/03\/presse-casamia.jpg\" alt=\"presse-casamia\" width=\"468\" height=\"299\" srcset=\"https:\/\/tomscompany.de\/wp-content\/uploads\/2014\/03\/presse-casamia.jpg 468w, https:\/\/tomscompany.de\/wp-content\/uploads\/2014\/03\/presse-casamia-300x191.jpg 300w\" sizes=\"(max-width: 468px) 100vw, 468px\" \/><\/p>\n<h2>Bloem en Blad<\/h2>\n<p><img loading=\"lazy\" class=\"alignnone size-full wp-image-521\" src=\"http:\/\/tomscompany.de\/wp-content\/uploads\/2014\/03\/presse-bloemenblad.jpg\" alt=\"presse-bloemenblad\" width=\"468\" height=\"299\" srcset=\"https:\/\/tomscompany.de\/wp-content\/uploads\/2014\/03\/presse-bloemenblad.jpg 468w, https:\/\/tomscompany.de\/wp-content\/uploads\/2014\/03\/presse-bloemenblad-300x191.jpg 300w\" sizes=\"(max-width: 468px) 100vw, 468px\" \/><\/p>\n<h2>zuhause wohnen<\/h2>\n<p><img loading=\"lazy\" class=\"alignnone size-full wp-image-522\" src=\"http:\/\/tomscompany.de\/wp-content\/uploads\/2014\/03\/presse-zuhausewohnen.jpg\" alt=\"presse-zuhausewohnen\" width=\"468\" height=\"299\" srcset=\"https:\/\/tomscompany.de\/wp-content\/uploads\/2014\/03\/presse-zuhausewohnen.jpg 468w, https:\/\/tomscompany.de\/wp-content\/uploads\/2014\/03\/presse-zuhausewohnen-300x191.jpg 300w\" sizes=\"(max-width: 468px) 100vw, 468px\" \/><\/p>\n<h2>avantages<\/h2>\n<p><img loading=\"lazy\" class=\"alignnone size-full wp-image-523\" src=\"http:\/\/tomscompany.de\/wp-content\/uploads\/2014\/03\/presse-avantages.jpg\" alt=\"presse-avantages\" width=\"468\" height=\"299\" srcset=\"https:\/\/tomscompany.de\/wp-content\/uploads\/2014\/03\/presse-avantages.jpg 468w, https:\/\/tomscompany.de\/wp-content\/uploads\/2014\/03\/presse-avantages-300x191.jpg 300w\" sizes=\"(max-width: 468px) 100vw, 468px\" \/><\/p>\n<h2>XXX<\/h2>\n<p><a href=\"http:\/\/tomscompany.de\/wp-content\/uploads\/2014\/03\/presse-china.jpg\"><img loading=\"lazy\" class=\"alignnone wp-image-1063 size-full\" src=\"http:\/\/tomscompany.de\/wp-content\/uploads\/2014\/03\/presse-china.jpg\" alt=\"presse-china\" width=\"468\" height=\"299\" srcset=\"https:\/\/tomscompany.de\/wp-content\/uploads\/2014\/03\/presse-china.jpg 468w, https:\/\/tomscompany.de\/wp-content\/uploads\/2014\/03\/presse-china-300x191.jpg 300w\" sizes=\"(max-width: 468px) 100vw, 468px\" \/><\/a><\/p>\n<h2>Celebrity Living<\/h2>\n<p><img loading=\"lazy\" class=\"alignnone size-full wp-image-524\" src=\"http:\/\/tomscompany.de\/wp-content\/uploads\/2014\/03\/presse-celebrity.jpg\" alt=\"presse-celebrity\" width=\"468\" height=\"299\" srcset=\"https:\/\/tomscompany.de\/wp-content\/uploads\/2014\/03\/presse-celebrity.jpg 468w, https:\/\/tomscompany.de\/wp-content\/uploads\/2014\/03\/presse-celebrity-300x191.jpg 300w\" sizes=\"(max-width: 468px) 100vw, 468px\" \/><\/p>\n<h2>Femme Actuelle<\/h2>\n<p><img loading=\"lazy\" class=\"alignnone size-full wp-image-525\" src=\"http:\/\/tomscompany.de\/wp-content\/uploads\/2014\/03\/presse-femmeactu.jpg\" alt=\"presse-femmeactu\" width=\"468\" height=\"299\" srcset=\"https:\/\/tomscompany.de\/wp-content\/uploads\/2014\/03\/presse-femmeactu.jpg 468w, https:\/\/tomscompany.de\/wp-content\/uploads\/2014\/03\/presse-femmeactu-300x191.jpg 300w\" sizes=\"(max-width: 468px) 100vw, 468px\" \/><\/p>\n<h2>m\u00e4nner aktuell<\/h2>\n<p><img loading=\"lazy\" class=\"alignnone size-full wp-image-526\" src=\"http:\/\/tomscompany.de\/wp-content\/uploads\/2014\/03\/presse-maenneraktuell.jpg\" alt=\"presse-maenneraktuell\" width=\"468\" height=\"299\" srcset=\"https:\/\/tomscompany.de\/wp-content\/uploads\/2014\/03\/presse-maenneraktuell.jpg 468w, https:\/\/tomscompany.de\/wp-content\/uploads\/2014\/03\/presse-maenneraktuell-300x191.jpg 300w\" sizes=\"(max-width: 468px) 100vw, 468px\" \/><\/p>\n<h2>mag 8<\/h2>\n<p><img loading=\"lazy\" class=\"alignnone size-full wp-image-527\" src=\"http:\/\/tomscompany.de\/wp-content\/uploads\/2014\/03\/presse-mag.jpg\" alt=\"presse-mag\" width=\"468\" height=\"299\" srcset=\"https:\/\/tomscompany.de\/wp-content\/uploads\/2014\/03\/presse-mag.jpg 468w, https:\/\/tomscompany.de\/wp-content\/uploads\/2014\/03\/presse-mag-300x191.jpg 300w\" sizes=\"(max-width: 468px) 100vw, 468px\" \/><\/p>\n<h2>m\u00f6bel kultur<\/h2>\n<p><img loading=\"lazy\" class=\"alignnone size-full wp-image-528\" src=\"http:\/\/tomscompany.de\/wp-content\/uploads\/2014\/03\/presse-moebelkultur2.jpg\" alt=\"presse-moebelkultur2\" width=\"468\" height=\"299\" srcset=\"https:\/\/tomscompany.de\/wp-content\/uploads\/2014\/03\/presse-moebelkultur2.jpg 468w, https:\/\/tomscompany.de\/wp-content\/uploads\/2014\/03\/presse-moebelkultur2-300x191.jpg 300w\" sizes=\"(max-width: 468px) 100vw, 468px\" \/><\/p>\n<h2>InStyle<\/h2>\n<p><img loading=\"lazy\" class=\"alignnone size-full wp-image-529\" src=\"http:\/\/tomscompany.de\/wp-content\/uploads\/2014\/03\/presse-instyle.jpg\" alt=\"presse-instyle\" width=\"468\" height=\"299\" srcset=\"https:\/\/tomscompany.de\/wp-content\/uploads\/2014\/03\/presse-instyle.jpg 468w, https:\/\/tomscompany.de\/wp-content\/uploads\/2014\/03\/presse-instyle-300x191.jpg 300w\" sizes=\"(max-width: 468px) 100vw, 468px\" \/><\/p>\n<h2>Casa Idea<\/h2>\n<p><img loading=\"lazy\" class=\"alignnone size-full wp-image-530\" src=\"http:\/\/tomscompany.de\/wp-content\/uploads\/2014\/03\/presse-casaidea.jpg\" alt=\"presse-casaidea\" width=\"468\" height=\"299\" srcset=\"https:\/\/tomscompany.de\/wp-content\/uploads\/2014\/03\/presse-casaidea.jpg 468w, https:\/\/tomscompany.de\/wp-content\/uploads\/2014\/03\/presse-casaidea-300x191.jpg 300w\" sizes=\"(max-width: 468px) 100vw, 468px\" \/><\/p>\n<h2>Wohnidee<\/h2>\n<p><img loading=\"lazy\" class=\"alignnone size-full wp-image-531\" src=\"http:\/\/tomscompany.de\/wp-content\/uploads\/2014\/03\/presse-wohnidee.jpg\" alt=\"presse-wohnidee\" width=\"468\" height=\"299\" srcset=\"https:\/\/tomscompany.de\/wp-content\/uploads\/2014\/03\/presse-wohnidee.jpg 468w, https:\/\/tomscompany.de\/wp-content\/uploads\/2014\/03\/presse-wohnidee-300x191.jpg 300w\" sizes=\"(max-width: 468px) 100vw, 468px\" \/><\/p>\n<h2>Frankfurter Allgemeine Zeitung<\/h2>\n<p><img loading=\"lazy\" class=\"alignnone size-full wp-image-532\" src=\"http:\/\/tomscompany.de\/wp-content\/uploads\/2014\/03\/presse-faz.jpg\" alt=\"presse-faz\" width=\"468\" height=\"299\" srcset=\"https:\/\/tomscompany.de\/wp-content\/uploads\/2014\/03\/presse-faz.jpg 468w, https:\/\/tomscompany.de\/wp-content\/uploads\/2014\/03\/presse-faz-300x191.jpg 300w\" sizes=\"(max-width: 468px) 100vw, 468px\" \/><\/p>\n<h2>Ideal Decor<\/h2>\n<p><img loading=\"lazy\" class=\"alignnone size-full wp-image-533\" src=\"http:\/\/tomscompany.de\/wp-content\/uploads\/2014\/03\/presse-idealdecor.jpg\" alt=\"presse-idealdecor\" width=\"468\" height=\"299\" srcset=\"https:\/\/tomscompany.de\/wp-content\/uploads\/2014\/03\/presse-idealdecor.jpg 468w, https:\/\/tomscompany.de\/wp-content\/uploads\/2014\/03\/presse-idealdecor-300x191.jpg 300w\" sizes=\"(max-width: 468px) 100vw, 468px\" \/><\/p>\n<h2>Lisa<\/h2>\n<p><img loading=\"lazy\" class=\"alignnone size-full wp-image-534\" src=\"http:\/\/tomscompany.de\/wp-content\/uploads\/2014\/03\/presse-lisa.jpg\" alt=\"presse-lisa\" width=\"468\" height=\"299\" srcset=\"https:\/\/tomscompany.de\/wp-content\/uploads\/2014\/03\/presse-lisa.jpg 468w, https:\/\/tomscompany.de\/wp-content\/uploads\/2014\/03\/presse-lisa-300x191.jpg 300w\" sizes=\"(max-width: 468px) 100vw, 468px\" \/><\/p>\n<h2>Gulf News<\/h2>\n<p><img loading=\"lazy\" class=\"alignnone size-full wp-image-535\" src=\"http:\/\/tomscompany.de\/wp-content\/uploads\/2014\/03\/presse-gulfnews.jpg\" alt=\"presse-gulfnews\" width=\"468\" height=\"299\" srcset=\"https:\/\/tomscompany.de\/wp-content\/uploads\/2014\/03\/presse-gulfnews.jpg 468w, https:\/\/tomscompany.de\/wp-content\/uploads\/2014\/03\/presse-gulfnews-300x191.jpg 300w\" sizes=\"(max-width: 468px) 100vw, 468px\" \/><\/p>\n<h2>M\u00f6belmarkt<\/h2>\n<p><img loading=\"lazy\" class=\"alignnone size-full wp-image-536\" src=\"http:\/\/tomscompany.de\/wp-content\/uploads\/2014\/03\/presse-moebelmarkt.jpg\" alt=\"presse-moebelmarkt\" width=\"468\" height=\"299\" srcset=\"https:\/\/tomscompany.de\/wp-content\/uploads\/2014\/03\/presse-moebelmarkt.jpg 468w, https:\/\/tomscompany.de\/wp-content\/uploads\/2014\/03\/presse-moebelmarkt-300x191.jpg 300w\" sizes=\"(max-width: 468px) 100vw, 468px\" \/><\/p>\n<h2>L&rsquo;illustr\u00e9<\/h2>\n<p><img loading=\"lazy\" class=\"alignnone size-full wp-image-537\" src=\"http:\/\/tomscompany.de\/wp-content\/uploads\/2014\/03\/presse-lillustre.jpg\" alt=\"presse-lillustre\" width=\"468\" height=\"299\" srcset=\"https:\/\/tomscompany.de\/wp-content\/uploads\/2014\/03\/presse-lillustre.jpg 468w, https:\/\/tomscompany.de\/wp-content\/uploads\/2014\/03\/presse-lillustre-300x191.jpg 300w\" sizes=\"(max-width: 468px) 100vw, 468px\" \/><\/p>\n<h2>Garten &amp; Wohnen<\/h2>\n<p><img loading=\"lazy\" class=\"alignnone size-full wp-image-538\" src=\"http:\/\/tomscompany.de\/wp-content\/uploads\/2014\/03\/presse-gartenliving.jpg\" alt=\"presse-gartenliving\" width=\"468\" height=\"299\" srcset=\"https:\/\/tomscompany.de\/wp-content\/uploads\/2014\/03\/presse-gartenliving.jpg 468w, https:\/\/tomscompany.de\/wp-content\/uploads\/2014\/03\/presse-gartenliving-300x191.jpg 300w\" sizes=\"(max-width: 468px) 100vw, 468px\" \/><\/p>\n","protected":false},"excerpt":{"rendered":"<p>Presse En attendant, les Drags ont voyag\u00e9 loin et trouvent un \u00e9cho dans la presse internationale. Nous vous pr\u00e9sentons ici une petite s\u00e9lection de publications. Les Drags dans la t\u00e9l\u00e9 Madame casamia Bloem en Blad zuhause wohnen avantages XXX Celebrity Living Femme Actuelle m\u00e4nner aktuell mag 8 m\u00f6bel kultur InStyle Casa Idea Wohnidee Frankfurter Allgemeine [&hellip;]<\/p>\n","protected":false},"author":1,"featured_media":783,"parent":0,"menu_order":0,"comment_status":"closed","ping_status":"open","template":"page-nosidebar.php","meta":[],"acf":[],"yoast_head":"<!-- This site is optimized with the Yoast SEO plugin v16.4 - https:\/\/yoast.com\/wordpress\/plugins\/seo\/ -->\n<title>Presse | Tom&#039;s Drag<\/title>\n<meta name=\"description\" content=\"TOM\u00b4S DRAG - OFFICIAL WEBSITE: Sie sind bunt, witzig, schr\u00e4g: Die Drags sind Leben pur, zeugen von exzentrischer Eigenwilligkeit und sind dabei voller Esprit und au\u00dfergew\u00f6hnlichem Charme.\" \/>\n<meta name=\"robots\" content=\"index, follow, max-snippet:-1, max-image-preview:large, max-video-preview:-1\" \/>\n<link rel=\"canonical\" href=\"https:\/\/tomscompany.de\/fr\/presse\/\" \/>\n<meta property=\"og:locale\" content=\"fr_FR\" \/>\n<meta property=\"og:type\" content=\"article\" \/>\n<meta property=\"og:title\" content=\"Presse | Tom&#039;s Drag\" \/>\n<meta property=\"og:description\" content=\"TOM\u00b4S DRAG - OFFICIAL WEBSITE: Sie sind bunt, witzig, schr\u00e4g: Die Drags sind Leben pur, zeugen von exzentrischer Eigenwilligkeit und sind dabei voller Esprit und au\u00dfergew\u00f6hnlichem Charme.\" \/>\n<meta property=\"og:url\" content=\"https:\/\/tomscompany.de\/fr\/presse\/\" \/>\n<meta property=\"og:site_name\" content=\"Tom&#039;s Drag\" \/>\n<meta property=\"article:modified_time\" content=\"2014-07-21T10:06:21+00:00\" \/>\n<script type=\"application\/ld+json\" class=\"yoast-schema-graph\">{\"@context\":\"https:\/\/schema.org\",\"@graph\":[{\"@type\":\"WebSite\",\"@id\":\"https:\/\/tomscompany.de\/#website\",\"url\":\"https:\/\/tomscompany.de\/\",\"name\":\"Tom's Drag\",\"description\":\"Living with the Drags\",\"potentialAction\":[{\"@type\":\"SearchAction\",\"target\":\"https:\/\/tomscompany.de\/?s={search_term_string}\",\"query-input\":\"required name=search_term_string\"}],\"inLanguage\":\"fr-FR\"},{\"@type\":\"ImageObject\",\"@id\":\"https:\/\/tomscompany.de\/fr\/presse\/#primaryimage\",\"inLanguage\":\"fr-FR\",\"url\":\"https:\/\/tomscompany.de\/wp-content\/uploads\/2014\/06\/header-unternehmen.jpg\",\"contentUrl\":\"https:\/\/tomscompany.de\/wp-content\/uploads\/2014\/06\/header-unternehmen.jpg\"},{\"@type\":\"WebPage\",\"@id\":\"https:\/\/tomscompany.de\/fr\/presse\/#webpage\",\"url\":\"https:\/\/tomscompany.de\/fr\/presse\/\",\"name\":\"Presse | Tom's Drag\",\"isPartOf\":{\"@id\":\"https:\/\/tomscompany.de\/#website\"},\"primaryImageOfPage\":{\"@id\":\"https:\/\/tomscompany.de\/fr\/presse\/#primaryimage\"},\"datePublished\":\"2014-03-07T15:11:23+00:00\",\"dateModified\":\"2014-07-21T10:06:21+00:00\",\"description\":\"TOM\\u00b4S DRAG - OFFICIAL WEBSITE: Sie sind bunt, witzig, schr\\u00e4g: Die Drags sind Leben pur, zeugen von exzentrischer Eigenwilligkeit und sind dabei voller Esprit und au\\u00dfergew\\u00f6hnlichem Charme.\",\"breadcrumb\":{\"@id\":\"https:\/\/tomscompany.de\/fr\/presse\/#breadcrumb\"},\"inLanguage\":\"fr-FR\",\"potentialAction\":[{\"@type\":\"ReadAction\",\"target\":[\"https:\/\/tomscompany.de\/fr\/presse\/\"]}]},{\"@type\":\"BreadcrumbList\",\"@id\":\"https:\/\/tomscompany.de\/fr\/presse\/#breadcrumb\",\"itemListElement\":[{\"@type\":\"ListItem\",\"position\":1,\"item\":{\"@type\":\"WebPage\",\"@id\":\"https:\/\/tomscompany.de\/\",\"url\":\"https:\/\/tomscompany.de\/\",\"name\":\"Home\"}},{\"@type\":\"ListItem\",\"position\":2,\"item\":{\"@id\":\"https:\/\/tomscompany.de\/fr\/presse\/#webpage\"}}]}]}<\/script>\n<!-- \/ Yoast SEO plugin. -->","_links":{"self":[{"href":"https:\/\/tomscompany.de\/fr\/wp-json\/wp\/v2\/pages\/1099"}],"collection":[{"href":"https:\/\/tomscompany.de\/fr\/wp-json\/wp\/v2\/pages"}],"about":[{"href":"https:\/\/tomscompany.de\/fr\/wp-json\/wp\/v2\/types\/page"}],"author":[{"embeddable":true,"href":"https:\/\/tomscompany.de\/fr\/wp-json\/wp\/v2\/users\/1"}],"replies":[{"embeddable":true,"href":"https:\/\/tomscompany.de\/fr\/wp-json\/wp\/v2\/comments?post=1099"}],"version-history":[{"count":3,"href":"https:\/\/tomscompany.de\/fr\/wp-json\/wp\/v2\/pages\/1099\/revisions"}],"predecessor-version":[{"id":1365,"href":"https:\/\/tomscompany.de\/fr\/wp-json\/wp\/v2\/pages\/1099\/revisions\/1365"}],"wp:featuredmedia":[{"embeddable":true,"href":"https:\/\/tomscompany.de\/fr\/wp-json\/wp\/v2\/media\/783"}],"wp:attachment":[{"href":"https:\/\/tomscompany.de\/fr\/wp-json\/wp\/v2\/media?parent=1099"}],"curies":[{"name":"wp","href":"https:\/\/api.w.org\/{rel}","templated":true}]}}