{"id":1098,"date":"2014-06-18T12:30:34","date_gmt":"2014-06-18T10:30:34","guid":{"rendered":"http:\/\/localhost\/toms_company\/philosophie-2\/"},"modified":"2014-07-23T14:27:53","modified_gmt":"2014-07-23T12:27:53","slug":"philosophie","status":"publish","type":"page","link":"https:\/\/tomscompany.de\/fr\/philosophie\/","title":{"rendered":"Philosophie"},"content":{"rendered":"<h1>Nous aimons &amp; vivons Tom&rsquo;s Drag\u00ae<\/h1>\n<h2>Tom&rsquo;s Drag\u00ae Collection<\/h2>\n<h3>Univers extraordinaire de formes et de couleurs<\/h3>\n<p>Multicolores, rigolos, d\u00e9cal\u00e9s, de toutes les couleurs de l\u00b4arc-en-ciel: les Tom\u00b4s Drags sont des objets de design uniques.<\/p>\n<p>Les racines des Drags se trouvent dans le \u201epop art\u201c europ\u00e9en et am\u00e9ricain, ils nous rappellent par exemple, Yellow Submarine mais aussi les ornementations pr\u00e9sentent dans les cultures populaires d\u2018Europe, d\u2018Afrique et d\u2018Asie.<\/p>\n<p>Tom combinait, gr\u00e2ce \u00e0 son incroyable talent d\u2018artiste, ces diff\u00e9rents \u00e9l\u00e9ments auxquels il a transmis sa joie de vivre enivrante et pleine de couleurs. Les Drags sont \u00e0 la fois uniques et individuels. Ce sont de \u201evraies \u0153uvres originales\u201c, dans le vrai sens du terme.<\/p>\n<p>. <a href=\"http:\/\/tomscompany.de\/wp-content\/uploads\/2014\/06\/philosophie-1.jpg\"><img loading=\"lazy\" class=\"alignnone size-full wp-image-431\" src=\"http:\/\/tomscompany.de\/wp-content\/uploads\/2014\/06\/philosophie-1.jpg\" alt=\"philosophie-1\" width=\"606\" height=\"313\" \/><\/a><\/p>\n<h3>Un manifeste des formes et de la joie de vivre<\/h3>\n<p>Comme chaque grande id\u00e9e, les Tom\u00b4s Drags aussi ont leur histoire. C\u00b4est apr\u00e8s les terribles attentats du 11 septembre 2001, quand la terreur et l\u00b4angoisse se sont empar\u00e9es des hommes, que Tom Hoffmann, cr\u00e9a ses premiers \u00ab\u00a0Drags\u00a0\u00bb. Il les a cr\u00e9\u00e9, non pas dans un but \u00e9conomique, mais plut\u00f4t comme des cadeaux personnels, cr\u00e9\u00e9s affectueusement (en d\u00e9tail et de fa\u00e7on individuelle) avec le souci du d\u00e9tail et de la personnalisation. Ils ont \u00e9t\u00e9 imagin\u00e9s pour nous aider \u00e0 combattre notre tristesse, nous apporter de l\u00b4humour et r\u00e9veiller nos sens.<\/p>\n<p>Les personnes qui se virent offrir ces premiers Drags, furent tellement enthousiastes, qu\u2019elles r\u00e9clam\u00e8rent unanimement \u00e0 Tom d\u2019en cr\u00e9er davantage. Et ainsi fut-il.<\/p>\n<h3>Personnages, animaux, accessoires<\/h3>\n<p>Gar\u00e7ons, anges ou alligators &#8211; rien n\u00b4est \u00e0 l\u00b4abri de Tom\u00b4s Drag. A tous est insuffl\u00e9 son charme ludique, gr\u00e2ce \u00e0 une cr\u00e9ativit\u00e9 infatigable, joueuse et in\u00e9puisable. Des r\u00f4les et des clich\u00e9s sont interpr\u00e9t\u00e9s de fa\u00e7on surprenante, voire bouleversante.<\/p>\n<p>Au fil du temps, les drags conquirent toujours plus nos univers quotidiens : en plus des sculptures, il y a aujourd\u00b4hui des petits meubles, des articles d\u00b4art de la table, beaucoup d\u00b4accessoires, mais aussi de la porcelaine et des sofas, dans le style Tom\u00b4s Drag. Ces pi\u00e8ces uniques sont toutes confectionn\u00e9es et reproduites \u00e0 la main.<\/p>\n","protected":false},"excerpt":{"rendered":"<p>Nous aimons &amp; vivons Tom&rsquo;s Drag\u00ae Tom&rsquo;s Drag\u00ae Collection Univers extraordinaire de formes et de couleurs Multicolores, rigolos, d\u00e9cal\u00e9s, de toutes les couleurs de l\u00b4arc-en-ciel: les Tom\u00b4s Drags sont des objets de design uniques. Les racines des Drags se trouvent dans le \u201epop art\u201c europ\u00e9en et am\u00e9ricain, ils nous rappellent par exemple, Yellow Submarine mais [&hellip;]<\/p>\n","protected":false},"author":1,"featured_media":822,"parent":0,"menu_order":0,"comment_status":"closed","ping_status":"open","template":"","meta":[],"acf":[],"yoast_head":"<!-- This site is optimized with the Yoast SEO plugin v16.4 - https:\/\/yoast.com\/wordpress\/plugins\/seo\/ -->\n<title>Philosophie | Tom&#039;s Drag<\/title>\n<meta name=\"description\" content=\"TOM\u00b4S DRAG - OFFICIAL WEBSITE: Sie sind bunt, witzig, schr\u00e4g: Die Drags sind Leben pur, zeugen von exzentrischer Eigenwilligkeit und sind dabei voller Esprit und au\u00dfergew\u00f6hnlichem Charme.\" \/>\n<meta name=\"robots\" content=\"index, follow, max-snippet:-1, max-image-preview:large, max-video-preview:-1\" \/>\n<link rel=\"canonical\" href=\"https:\/\/tomscompany.de\/fr\/philosophie\/\" \/>\n<meta property=\"og:locale\" content=\"fr_FR\" \/>\n<meta property=\"og:type\" content=\"article\" \/>\n<meta property=\"og:title\" content=\"Philosophie | Tom&#039;s Drag\" \/>\n<meta property=\"og:description\" content=\"TOM\u00b4S DRAG - OFFICIAL WEBSITE: Sie sind bunt, witzig, schr\u00e4g: Die Drags sind Leben pur, zeugen von exzentrischer Eigenwilligkeit und sind dabei voller Esprit und au\u00dfergew\u00f6hnlichem Charme.\" \/>\n<meta property=\"og:url\" content=\"https:\/\/tomscompany.de\/fr\/philosophie\/\" \/>\n<meta property=\"og:site_name\" content=\"Tom&#039;s Drag\" \/>\n<meta property=\"article:modified_time\" content=\"2014-07-23T12:27:53+00:00\" \/>\n<meta name=\"twitter:label1\" content=\"Dur\u00e9e de lecture est.\" \/>\n\t<meta name=\"twitter:data1\" content=\"2 minutes\" \/>\n<script type=\"application\/ld+json\" class=\"yoast-schema-graph\">{\"@context\":\"https:\/\/schema.org\",\"@graph\":[{\"@type\":\"WebSite\",\"@id\":\"https:\/\/tomscompany.de\/#website\",\"url\":\"https:\/\/tomscompany.de\/\",\"name\":\"Tom's Drag\",\"description\":\"Living with the Drags\",\"potentialAction\":[{\"@type\":\"SearchAction\",\"target\":\"https:\/\/tomscompany.de\/?s={search_term_string}\",\"query-input\":\"required name=search_term_string\"}],\"inLanguage\":\"fr-FR\"},{\"@type\":\"ImageObject\",\"@id\":\"https:\/\/tomscompany.de\/fr\/philosophie\/#primaryimage\",\"inLanguage\":\"fr-FR\",\"url\":\"https:\/\/tomscompany.de\/wp-content\/uploads\/2014\/06\/header-philosophie.jpg\",\"contentUrl\":\"https:\/\/tomscompany.de\/wp-content\/uploads\/2014\/06\/header-philosophie.jpg\"},{\"@type\":\"WebPage\",\"@id\":\"https:\/\/tomscompany.de\/fr\/philosophie\/#webpage\",\"url\":\"https:\/\/tomscompany.de\/fr\/philosophie\/\",\"name\":\"Philosophie | Tom's Drag\",\"isPartOf\":{\"@id\":\"https:\/\/tomscompany.de\/#website\"},\"primaryImageOfPage\":{\"@id\":\"https:\/\/tomscompany.de\/fr\/philosophie\/#primaryimage\"},\"datePublished\":\"2014-06-18T10:30:34+00:00\",\"dateModified\":\"2014-07-23T12:27:53+00:00\",\"description\":\"TOM\\u00b4S DRAG - OFFICIAL WEBSITE: Sie sind bunt, witzig, schr\\u00e4g: Die Drags sind Leben pur, zeugen von exzentrischer Eigenwilligkeit und sind dabei voller Esprit und au\\u00dfergew\\u00f6hnlichem Charme.\",\"breadcrumb\":{\"@id\":\"https:\/\/tomscompany.de\/fr\/philosophie\/#breadcrumb\"},\"inLanguage\":\"fr-FR\",\"potentialAction\":[{\"@type\":\"ReadAction\",\"target\":[\"https:\/\/tomscompany.de\/fr\/philosophie\/\"]}]},{\"@type\":\"BreadcrumbList\",\"@id\":\"https:\/\/tomscompany.de\/fr\/philosophie\/#breadcrumb\",\"itemListElement\":[{\"@type\":\"ListItem\",\"position\":1,\"item\":{\"@type\":\"WebPage\",\"@id\":\"https:\/\/tomscompany.de\/\",\"url\":\"https:\/\/tomscompany.de\/\",\"name\":\"Home\"}},{\"@type\":\"ListItem\",\"position\":2,\"item\":{\"@id\":\"https:\/\/tomscompany.de\/fr\/philosophie\/#webpage\"}}]}]}<\/script>\n<!-- \/ Yoast SEO plugin. -->","_links":{"self":[{"href":"https:\/\/tomscompany.de\/fr\/wp-json\/wp\/v2\/pages\/1098"}],"collection":[{"href":"https:\/\/tomscompany.de\/fr\/wp-json\/wp\/v2\/pages"}],"about":[{"href":"https:\/\/tomscompany.de\/fr\/wp-json\/wp\/v2\/types\/page"}],"author":[{"embeddable":true,"href":"https:\/\/tomscompany.de\/fr\/wp-json\/wp\/v2\/users\/1"}],"replies":[{"embeddable":true,"href":"https:\/\/tomscompany.de\/fr\/wp-json\/wp\/v2\/comments?post=1098"}],"version-history":[{"count":6,"href":"https:\/\/tomscompany.de\/fr\/wp-json\/wp\/v2\/pages\/1098\/revisions"}],"predecessor-version":[{"id":1568,"href":"https:\/\/tomscompany.de\/fr\/wp-json\/wp\/v2\/pages\/1098\/revisions\/1568"}],"wp:featuredmedia":[{"embeddable":true,"href":"https:\/\/tomscompany.de\/fr\/wp-json\/wp\/v2\/media\/822"}],"wp:attachment":[{"href":"https:\/\/tomscompany.de\/fr\/wp-json\/wp\/v2\/media?parent=1098"}],"curies":[{"name":"wp","href":"https:\/\/api.w.org\/{rel}","templated":true}]}}