{"id":1096,"date":"2014-03-07T17:11:31","date_gmt":"2014-03-07T15:11:31","guid":{"rendered":"http:\/\/localhost\/toms_company\/markenschutz-2\/"},"modified":"2014-08-20T13:17:42","modified_gmt":"2014-08-20T11:17:42","slug":"copyright","status":"publish","type":"page","link":"https:\/\/tomscompany.de\/fr\/copyright\/","title":{"rendered":"Copyright"},"content":{"rendered":"<h1>Protection par droit d&rsquo;auteur et marque d\u00e9pos\u00e9e<\/h1>\n<p>Avec ses Drags, Thomas (Tom) Hoffmann a cr\u00e9\u00e9 une collection unique et extraordinaire dont toute l&rsquo;\u00e9quipe de Tom\u00b4s Company\u00ae est fi\u00e8re. Chacune des cr\u00e9ations repr\u00e9sente un travail d&rsquo;arts plastiques et jouit d&rsquo;une protection mondiale. Avec la d\u00e9cision de d\u00e9poser la marque <strong>Tom\u2019s Drag<\/strong>\u00ae \u00e0 l&rsquo;international, Tom Company s&rsquo;engage vis-\u00e0-vis des amoureux de sa collection \u00e0 ne pas faire \u00e0 l&rsquo;avenir de concessions sur l&rsquo;originalit\u00e9 et la qualit\u00e9 de ses produits, \u00e0 se risquer \u00e0 des projets toujours plus ambitieux avec le m\u00eame enthousiasme et la m\u00eame folie, et \u00e0 surprendre avec.<\/p>\n<p>Seules nos \u0153uvres peuvent porter le logo m\u00e9tallique ovale avec l&rsquo;inscription Tom&rsquo;s Drag\u00a9+\u00ae. Celui-ci marque ces produits \u00e0 part et de qualit\u00e9 qui se diff\u00e9rencient gr\u00e2ce \u00e0 lui de mani\u00e8re claire des autres produits et objets.<\/p>\n<p>\u00ab\u00a0Tom&rsquo;s Company\u00a0\u00bb et \u00ab\u00a0Tom&rsquo;s Drag\u00a0\u00bb sont des marques d\u00e9pos\u00e9es &#8211; \u00ae par Arno M\u00fcller<\/p>\n<p>L&rsquo;ensemble du contenu de ce site web est prot\u00e9g\u00e9 par des droits d&rsquo;auteur &#8211; \u00a9 par Arno M\u00fcller<\/p>\n<p>Tous droits r\u00e9serv\u00e9s, toute utilisation et imitation non autoris\u00e9e sera poursuivie en justice.<\/p>\n<p>&nbsp;<\/p>\n","protected":false},"excerpt":{"rendered":"<p>Protection par droit d&rsquo;auteur et marque d\u00e9pos\u00e9e Avec ses Drags, Thomas (Tom) Hoffmann a cr\u00e9\u00e9 une collection unique et extraordinaire dont toute l&rsquo;\u00e9quipe de Tom\u00b4s Company\u00ae est fi\u00e8re. Chacune des cr\u00e9ations repr\u00e9sente un travail d&rsquo;arts plastiques et jouit d&rsquo;une protection mondiale. Avec la d\u00e9cision de d\u00e9poser la marque Tom\u2019s Drag\u00ae \u00e0 l&rsquo;international, Tom Company s&rsquo;engage [&hellip;]<\/p>\n","protected":false},"author":1,"featured_media":804,"parent":0,"menu_order":0,"comment_status":"closed","ping_status":"closed","template":"","meta":[],"acf":[],"yoast_head":"<!-- This site is optimized with the Yoast SEO plugin v16.4 - https:\/\/yoast.com\/wordpress\/plugins\/seo\/ -->\n<title>Copyright | Tom&#039;s Drag<\/title>\n<meta name=\"description\" content=\"TOM\u00b4S DRAG - OFFICIAL WEBSITE: Sie sind bunt, witzig, schr\u00e4g: Die Drags sind Leben pur, zeugen von exzentrischer Eigenwilligkeit und sind dabei voller Esprit und au\u00dfergew\u00f6hnlichem Charme.\" \/>\n<meta name=\"robots\" content=\"index, follow, max-snippet:-1, max-image-preview:large, max-video-preview:-1\" \/>\n<link rel=\"canonical\" href=\"https:\/\/tomscompany.de\/fr\/copyright\/\" \/>\n<meta property=\"og:locale\" content=\"fr_FR\" \/>\n<meta property=\"og:type\" content=\"article\" \/>\n<meta property=\"og:title\" content=\"Copyright | Tom&#039;s Drag\" \/>\n<meta property=\"og:description\" content=\"TOM\u00b4S DRAG - OFFICIAL WEBSITE: Sie sind bunt, witzig, schr\u00e4g: Die Drags sind Leben pur, zeugen von exzentrischer Eigenwilligkeit und sind dabei voller Esprit und au\u00dfergew\u00f6hnlichem Charme.\" \/>\n<meta property=\"og:url\" content=\"https:\/\/tomscompany.de\/fr\/copyright\/\" \/>\n<meta property=\"og:site_name\" content=\"Tom&#039;s Drag\" \/>\n<meta property=\"article:modified_time\" content=\"2014-08-20T11:17:42+00:00\" \/>\n<meta name=\"twitter:label1\" content=\"Dur\u00e9e de lecture est.\" \/>\n\t<meta name=\"twitter:data1\" content=\"1 minute\" \/>\n<script type=\"application\/ld+json\" class=\"yoast-schema-graph\">{\"@context\":\"https:\/\/schema.org\",\"@graph\":[{\"@type\":\"WebSite\",\"@id\":\"https:\/\/tomscompany.de\/#website\",\"url\":\"https:\/\/tomscompany.de\/\",\"name\":\"Tom's Drag\",\"description\":\"Living with the Drags\",\"potentialAction\":[{\"@type\":\"SearchAction\",\"target\":\"https:\/\/tomscompany.de\/?s={search_term_string}\",\"query-input\":\"required name=search_term_string\"}],\"inLanguage\":\"fr-FR\"},{\"@type\":\"ImageObject\",\"@id\":\"https:\/\/tomscompany.de\/fr\/copyright\/#primaryimage\",\"inLanguage\":\"fr-FR\",\"url\":\"https:\/\/tomscompany.de\/wp-content\/uploads\/2014\/06\/header-company.jpg\",\"contentUrl\":\"https:\/\/tomscompany.de\/wp-content\/uploads\/2014\/06\/header-company.jpg\"},{\"@type\":\"WebPage\",\"@id\":\"https:\/\/tomscompany.de\/fr\/copyright\/#webpage\",\"url\":\"https:\/\/tomscompany.de\/fr\/copyright\/\",\"name\":\"Copyright | Tom's Drag\",\"isPartOf\":{\"@id\":\"https:\/\/tomscompany.de\/#website\"},\"primaryImageOfPage\":{\"@id\":\"https:\/\/tomscompany.de\/fr\/copyright\/#primaryimage\"},\"datePublished\":\"2014-03-07T15:11:31+00:00\",\"dateModified\":\"2014-08-20T11:17:42+00:00\",\"description\":\"TOM\\u00b4S DRAG - OFFICIAL WEBSITE: Sie sind bunt, witzig, schr\\u00e4g: Die Drags sind Leben pur, zeugen von exzentrischer Eigenwilligkeit und sind dabei voller Esprit und au\\u00dfergew\\u00f6hnlichem Charme.\",\"breadcrumb\":{\"@id\":\"https:\/\/tomscompany.de\/fr\/copyright\/#breadcrumb\"},\"inLanguage\":\"fr-FR\",\"potentialAction\":[{\"@type\":\"ReadAction\",\"target\":[\"https:\/\/tomscompany.de\/fr\/copyright\/\"]}]},{\"@type\":\"BreadcrumbList\",\"@id\":\"https:\/\/tomscompany.de\/fr\/copyright\/#breadcrumb\",\"itemListElement\":[{\"@type\":\"ListItem\",\"position\":1,\"item\":{\"@type\":\"WebPage\",\"@id\":\"https:\/\/tomscompany.de\/\",\"url\":\"https:\/\/tomscompany.de\/\",\"name\":\"Home\"}},{\"@type\":\"ListItem\",\"position\":2,\"item\":{\"@id\":\"https:\/\/tomscompany.de\/fr\/copyright\/#webpage\"}}]}]}<\/script>\n<!-- \/ Yoast SEO plugin. -->","_links":{"self":[{"href":"https:\/\/tomscompany.de\/fr\/wp-json\/wp\/v2\/pages\/1096"}],"collection":[{"href":"https:\/\/tomscompany.de\/fr\/wp-json\/wp\/v2\/pages"}],"about":[{"href":"https:\/\/tomscompany.de\/fr\/wp-json\/wp\/v2\/types\/page"}],"author":[{"embeddable":true,"href":"https:\/\/tomscompany.de\/fr\/wp-json\/wp\/v2\/users\/1"}],"replies":[{"embeddable":true,"href":"https:\/\/tomscompany.de\/fr\/wp-json\/wp\/v2\/comments?post=1096"}],"version-history":[{"count":5,"href":"https:\/\/tomscompany.de\/fr\/wp-json\/wp\/v2\/pages\/1096\/revisions"}],"predecessor-version":[{"id":2369,"href":"https:\/\/tomscompany.de\/fr\/wp-json\/wp\/v2\/pages\/1096\/revisions\/2369"}],"wp:featuredmedia":[{"embeddable":true,"href":"https:\/\/tomscompany.de\/fr\/wp-json\/wp\/v2\/media\/804"}],"wp:attachment":[{"href":"https:\/\/tomscompany.de\/fr\/wp-json\/wp\/v2\/media?parent=1096"}],"curies":[{"name":"wp","href":"https:\/\/api.w.org\/{rel}","templated":true}]}}