{"id":1093,"date":"2014-03-07T17:11:45","date_gmt":"2014-03-07T15:11:45","guid":{"rendered":"http:\/\/localhost\/toms_company\/kontakt-2\/"},"modified":"2018-12-05T10:15:55","modified_gmt":"2018-12-05T08:15:55","slug":"contact","status":"publish","type":"page","link":"https:\/\/tomscompany.de\/fr\/contact\/","title":{"rendered":"Contact"},"content":{"rendered":"<h1>Contact &#8211; Drag Fan<\/h1>\n<h1>O\u00f9 peut-on acheter des Tom&rsquo;s Drags?<\/h1>\n<p>La collection Tom&rsquo;s Drag est une s\u00e9rie exclusive individuelle, prot\u00e9g\u00e9e juridiquement \u00e0 l&rsquo;\u00e9chelle mondiale, de Tom&rsquo;s Company GmbH, et disponible uniquement aupr\u00e8s de nos distributeurs agr\u00e9\u00e9s.<\/p>\n<p>N&rsquo;h\u00e9sitez pas \u00e0 prendre contact avec nous par courrier \u00e0 <a href=\"mailto:info@tomscompany.com\">info@tomscompany.com <\/a>Nous vous donnerons volontiers le d\u00e9taillant pr\u00e8s de chez vous o\u00f9 vous pourrez acqu\u00e9rir nos collections Tom&rsquo;s Drag.<\/p>\n<p>Chez <span style=\"color: #ff0000;\"><strong>nos distributeurs agr\u00e9\u00e9s<\/strong><\/span> on vous conseillera volontiers et on vous montrera notre collection actuelle. Vous pouvez regardez et t\u00e9l\u00e9chargez aussi notre catalogue actuel ici: <a href=\"http:\/\/tomscompany.de\/fr\/downloads\/catalogue\/\">http:\/\/tomscompany.de\/fr\/downloads\/catalogue\/<\/a> . Si \u00e9ventuellement l\u2019article de la collection n\u2019est pas en stock, ils pourront le commander pour vous.<\/p>\n<p>Pour des pays et des r\u00e9gions o\u00f9 il n\u00b4y a aucun revendeur pr\u00e8s de chez vous, il y a souvent la possibilit\u00e9 de <strong><span style=\"color: #ff0000;\">commander vos \u201cTom\u00b4s Drags pr\u00e9f\u00e9r\u00e9s\u201d directement chez nous. <\/span><\/strong><span style=\"color: #000000;\">Allez voir notre boutique en-ligne <a href=\"http:\/\/www.shop-tomsdrag.de\" target=\"_blank\"><strong><span style=\"color: #ff0000;\">www.shop-tomsdrag.de<\/span><\/strong><\/a> et e<\/span>nvoyez-nous un <a href=\"https:\/\/tomscompany.de\/fr\/contact\/\">courriel<\/a> afin que nous puissions prendre contact avec vous pour voir s\u00b4il est possible d\u00b4envoyer les articles souhait\u00e9s dans votre pays.<\/p>\n<p>En outre, nous ouvrons les portes de notre showroom \u00e0 66578 Schiffweiler\/Saar en Allemagne (\u00e0 80 km \u00e0 l\u00b4est de Metz, \u00e0 90 km au sud du Luxembourg et \u00e0 130 km au nord de Strassbourg) <strong><span style=\"color: #ff0000;\">au public<\/span> <span style=\"color: #ff0000;\">chaque premier samedi du mois de 10 heures \u00e0 15<\/span> <span style=\"color: #ff0000;\">heures:<\/span><\/strong> outre la collection actuelle, vous y trouverez des fins de s\u00e9ries et du d\u00e9stockage ainsi que des promotions int\u00e9ressantes. Nous nous r\u00e9jouissons de vous voir.<\/p>\n<p>Adresse: Tom\u00b4s Company GmbH, Knappenweg 6, DE-66578 Schiffweiler<\/p>\n<h1>Contact &#8211; Commer\u00e7ants<\/h1>\n<h1>Comment devenir commer\u00e7ant pour les Tom\u00b4s Drags?<\/h1>\n<div class=\"cf\">\n<div class=\"left-column\"><strong>Vous \u00eates commer\u00e7ant et souhaitez inclure la<br \/>\ncollection Tom&rsquo;s Drag \u00e0 votre assortiment ?<\/strong><br \/>\nEnvoyez nous un e-mail \u00e0 <a href=\"mailto:info@tomscompany.com\">info@tomscompany.com <\/a>afin que notre distributeur international puisse entrer en contact avec vous.<\/div>\n<div class=\"right-column\"><strong>Adresse<\/strong><br \/>\nTom&rsquo;s Company GmbH<br \/>\nKnappenweg 6<br \/>\nD-66578 Schiffweiler<br \/>\nAllemagne<br \/>\nFon: + 49 (0) 6821 63 45 80<br \/>\nFax: + 49 (0) 6821 63 45 81<br \/>\nE-Mail: <a href=\"mailto:info@tomscompany.com\">info@tomscompany.com<\/a><\/div>\n<\/div>\n<p>&nbsp;<\/p>\n<p>&nbsp;<\/p>\n<p>&nbsp;<\/p>\n","protected":false},"excerpt":{"rendered":"<p>Contact &#8211; Drag Fan O\u00f9 peut-on acheter des Tom&rsquo;s Drags? La collection Tom&rsquo;s Drag est une s\u00e9rie exclusive individuelle, prot\u00e9g\u00e9e juridiquement \u00e0 l&rsquo;\u00e9chelle mondiale, de Tom&rsquo;s Company GmbH, et disponible uniquement aupr\u00e8s de nos distributeurs agr\u00e9\u00e9s. N&rsquo;h\u00e9sitez pas \u00e0 prendre contact avec nous par courrier \u00e0 info@tomscompany.com Nous vous donnerons volontiers le d\u00e9taillant pr\u00e8s de [&hellip;]<\/p>\n","protected":false},"author":1,"featured_media":771,"parent":0,"menu_order":0,"comment_status":"closed","ping_status":"open","template":"","meta":[],"acf":[],"yoast_head":"<!-- This site is optimized with the Yoast SEO plugin v16.4 - https:\/\/yoast.com\/wordpress\/plugins\/seo\/ -->\n<title>Contact | Tom&#039;s Drag<\/title>\n<meta name=\"description\" content=\"TOM\u00b4S DRAG - OFFICIAL WEBSITE: Sie sind bunt, witzig, schr\u00e4g: Die Drags sind Leben pur, zeugen von exzentrischer Eigenwilligkeit und sind dabei voller Esprit und au\u00dfergew\u00f6hnlichem Charme.\" \/>\n<meta name=\"robots\" content=\"index, follow, max-snippet:-1, max-image-preview:large, max-video-preview:-1\" \/>\n<link rel=\"canonical\" href=\"https:\/\/tomscompany.de\/fr\/contact\/\" \/>\n<meta property=\"og:locale\" content=\"fr_FR\" \/>\n<meta property=\"og:type\" content=\"article\" \/>\n<meta property=\"og:title\" content=\"Contact | Tom&#039;s Drag\" \/>\n<meta property=\"og:description\" content=\"TOM\u00b4S DRAG - OFFICIAL WEBSITE: Sie sind bunt, witzig, schr\u00e4g: Die Drags sind Leben pur, zeugen von exzentrischer Eigenwilligkeit und sind dabei voller Esprit und au\u00dfergew\u00f6hnlichem Charme.\" \/>\n<meta property=\"og:url\" content=\"https:\/\/tomscompany.de\/fr\/contact\/\" \/>\n<meta property=\"og:site_name\" content=\"Tom&#039;s Drag\" \/>\n<meta property=\"article:modified_time\" content=\"2018-12-05T08:15:55+00:00\" \/>\n<meta name=\"twitter:label1\" content=\"Dur\u00e9e de lecture est.\" \/>\n\t<meta name=\"twitter:data1\" content=\"2 minutes\" \/>\n<script type=\"application\/ld+json\" class=\"yoast-schema-graph\">{\"@context\":\"https:\/\/schema.org\",\"@graph\":[{\"@type\":\"WebSite\",\"@id\":\"https:\/\/tomscompany.de\/#website\",\"url\":\"https:\/\/tomscompany.de\/\",\"name\":\"Tom's Drag\",\"description\":\"Living with the Drags\",\"potentialAction\":[{\"@type\":\"SearchAction\",\"target\":\"https:\/\/tomscompany.de\/?s={search_term_string}\",\"query-input\":\"required name=search_term_string\"}],\"inLanguage\":\"fr-FR\"},{\"@type\":\"ImageObject\",\"@id\":\"https:\/\/tomscompany.de\/fr\/contact\/#primaryimage\",\"inLanguage\":\"fr-FR\",\"url\":\"https:\/\/tomscompany.de\/wp-content\/uploads\/2014\/06\/header-kontakt.jpg\",\"contentUrl\":\"https:\/\/tomscompany.de\/wp-content\/uploads\/2014\/06\/header-kontakt.jpg\"},{\"@type\":\"WebPage\",\"@id\":\"https:\/\/tomscompany.de\/fr\/contact\/#webpage\",\"url\":\"https:\/\/tomscompany.de\/fr\/contact\/\",\"name\":\"Contact | Tom's Drag\",\"isPartOf\":{\"@id\":\"https:\/\/tomscompany.de\/#website\"},\"primaryImageOfPage\":{\"@id\":\"https:\/\/tomscompany.de\/fr\/contact\/#primaryimage\"},\"datePublished\":\"2014-03-07T15:11:45+00:00\",\"dateModified\":\"2018-12-05T08:15:55+00:00\",\"description\":\"TOM\\u00b4S DRAG - OFFICIAL WEBSITE: Sie sind bunt, witzig, schr\\u00e4g: Die Drags sind Leben pur, zeugen von exzentrischer Eigenwilligkeit und sind dabei voller Esprit und au\\u00dfergew\\u00f6hnlichem Charme.\",\"breadcrumb\":{\"@id\":\"https:\/\/tomscompany.de\/fr\/contact\/#breadcrumb\"},\"inLanguage\":\"fr-FR\",\"potentialAction\":[{\"@type\":\"ReadAction\",\"target\":[\"https:\/\/tomscompany.de\/fr\/contact\/\"]}]},{\"@type\":\"BreadcrumbList\",\"@id\":\"https:\/\/tomscompany.de\/fr\/contact\/#breadcrumb\",\"itemListElement\":[{\"@type\":\"ListItem\",\"position\":1,\"item\":{\"@type\":\"WebPage\",\"@id\":\"https:\/\/tomscompany.de\/\",\"url\":\"https:\/\/tomscompany.de\/\",\"name\":\"Home\"}},{\"@type\":\"ListItem\",\"position\":2,\"item\":{\"@id\":\"https:\/\/tomscompany.de\/fr\/contact\/#webpage\"}}]}]}<\/script>\n<!-- \/ Yoast SEO plugin. -->","_links":{"self":[{"href":"https:\/\/tomscompany.de\/fr\/wp-json\/wp\/v2\/pages\/1093"}],"collection":[{"href":"https:\/\/tomscompany.de\/fr\/wp-json\/wp\/v2\/pages"}],"about":[{"href":"https:\/\/tomscompany.de\/fr\/wp-json\/wp\/v2\/types\/page"}],"author":[{"embeddable":true,"href":"https:\/\/tomscompany.de\/fr\/wp-json\/wp\/v2\/users\/1"}],"replies":[{"embeddable":true,"href":"https:\/\/tomscompany.de\/fr\/wp-json\/wp\/v2\/comments?post=1093"}],"version-history":[{"count":27,"href":"https:\/\/tomscompany.de\/fr\/wp-json\/wp\/v2\/pages\/1093\/revisions"}],"predecessor-version":[{"id":3304,"href":"https:\/\/tomscompany.de\/fr\/wp-json\/wp\/v2\/pages\/1093\/revisions\/3304"}],"wp:featuredmedia":[{"embeddable":true,"href":"https:\/\/tomscompany.de\/fr\/wp-json\/wp\/v2\/media\/771"}],"wp:attachment":[{"href":"https:\/\/tomscompany.de\/fr\/wp-json\/wp\/v2\/media?parent=1093"}],"curies":[{"name":"wp","href":"https:\/\/api.w.org\/{rel}","templated":true}]}}