{"id":1090,"date":"2014-03-07T17:11:07","date_gmt":"2014-03-07T15:11:07","guid":{"rendered":"http:\/\/localhost\/toms_company\/in-memoriam-2\/"},"modified":"2014-07-23T14:27:09","modified_gmt":"2014-07-23T12:27:09","slug":"a-la-memoire-de-tom","status":"publish","type":"page","link":"https:\/\/tomscompany.de\/fr\/a-la-memoire-de-tom\/","title":{"rendered":"A la m\u00e9moire de Tom"},"content":{"rendered":"<h1>\u00c0 la m\u00e9moire de Tom<\/h1>\n<p>Tom est mort.<\/p>\n<p>Le c\u0153ur de Tom\u00b4s Company a fini de battre. Subitement et de fa\u00e7on inattendue, Tom Hoffmann est mort le 25 f\u00e9vrier 2012 \u00e0 Bali, son \u00eele pr\u00e9f\u00e9r\u00e9e, paisiblement, pendant son sommeil. Beaucoup trop t\u00f4t. Il \u00e9tait encore plein de projets et d\u00b4id\u00e9es. Sa cr\u00e9ativit\u00e9 indomptable et son insatiable curiosit\u00e9 de la vie &#8211; tout cela est d\u00e9sormais fini pour toujours. Nous ne pouvons pas le croire.<\/p>\n<p>Il nous plonge dans une profonde tristesse &#8211; son compagnon ainsi que tous ses collaborateurs et partenaires d\u00b4affaires dans le monde entier.<\/p>\n<p>Nous avons perdu beaucoup plus qu\u00b4un chef ou partenaire d\u00b4affaires.<\/p>\n<p>Tom \u00e9tait croyant. Il \u00e9tait fortement convaincu que la vie ne finirait pas avec la mort. Il va continuer \u00e0 vivre au milieu de ses Drags qui ont d\u00e9j\u00e0 apport\u00e9 tant de joie et de force \u00e0 beaucoup de gens. Nous allons comm\u00e9morer et honorer sa m\u00e9moire. Sa vision va continuer \u00e0 vivre \u00e0 travers nous ! Nous continuerons \u00e0 nous occuper de ses 23 filleuls dans le monde entier.<\/p>\n<p>Tom\u00b4s Company va continuer \u00e0 vivre. Tom nous a laiss\u00e9 beaucoup d\u00b4id\u00e9es in\u00e9dites et de concepts. Parce que la mission des Drags est de toujours rendre heureux les hommes de cette terre. C\u00b4est ce que Tom aurait voulu.<\/p>\n<p>Arno Mueller et toute l\u00b4\u00e9quipe de Tom\u00b4s Company<\/p>\n<p>&nbsp;<\/p>\n","protected":false},"excerpt":{"rendered":"<p>\u00c0 la m\u00e9moire de Tom Tom est mort. Le c\u0153ur de Tom\u00b4s Company a fini de battre. Subitement et de fa\u00e7on inattendue, Tom Hoffmann est mort le 25 f\u00e9vrier 2012 \u00e0 Bali, son \u00eele pr\u00e9f\u00e9r\u00e9e, paisiblement, pendant son sommeil. Beaucoup trop t\u00f4t. Il \u00e9tait encore plein de projets et d\u00b4id\u00e9es. Sa cr\u00e9ativit\u00e9 indomptable et son [&hellip;]<\/p>\n","protected":false},"author":1,"featured_media":942,"parent":0,"menu_order":0,"comment_status":"closed","ping_status":"closed","template":"","meta":[],"acf":[],"yoast_head":"<!-- This site is optimized with the Yoast SEO plugin v16.4 - https:\/\/yoast.com\/wordpress\/plugins\/seo\/ -->\n<title>A la m\u00e9moire de Tom | Tom&#039;s Drag<\/title>\n<meta name=\"description\" content=\"TOM\u00b4S DRAG - OFFICIAL WEBSITE: Sie sind bunt, witzig, schr\u00e4g: Die Drags sind Leben pur, zeugen von exzentrischer Eigenwilligkeit und sind dabei voller Esprit und au\u00dfergew\u00f6hnlichem Charme.\" \/>\n<meta name=\"robots\" content=\"index, follow, max-snippet:-1, max-image-preview:large, max-video-preview:-1\" \/>\n<link rel=\"canonical\" href=\"https:\/\/tomscompany.de\/fr\/a-la-memoire-de-tom\/\" \/>\n<meta property=\"og:locale\" content=\"fr_FR\" \/>\n<meta property=\"og:type\" content=\"article\" \/>\n<meta property=\"og:title\" content=\"A la m\u00e9moire de Tom | Tom&#039;s Drag\" \/>\n<meta property=\"og:description\" content=\"TOM\u00b4S DRAG - OFFICIAL WEBSITE: Sie sind bunt, witzig, schr\u00e4g: Die Drags sind Leben pur, zeugen von exzentrischer Eigenwilligkeit und sind dabei voller Esprit und au\u00dfergew\u00f6hnlichem Charme.\" \/>\n<meta property=\"og:url\" content=\"https:\/\/tomscompany.de\/fr\/a-la-memoire-de-tom\/\" \/>\n<meta property=\"og:site_name\" content=\"Tom&#039;s Drag\" \/>\n<meta property=\"article:modified_time\" content=\"2014-07-23T12:27:09+00:00\" \/>\n<meta property=\"og:image\" content=\"http:\/\/tomscompany.de\/wp-content\/uploads\/2014\/03\/header-in-memoriam.jpg\" \/>\n\t<meta property=\"og:image:width\" content=\"3000\" \/>\n\t<meta property=\"og:image:height\" content=\"450\" \/>\n<meta name=\"twitter:label1\" content=\"Dur\u00e9e de lecture est.\" \/>\n\t<meta name=\"twitter:data1\" content=\"1 minute\" \/>\n<script type=\"application\/ld+json\" class=\"yoast-schema-graph\">{\"@context\":\"https:\/\/schema.org\",\"@graph\":[{\"@type\":\"WebSite\",\"@id\":\"https:\/\/tomscompany.de\/#website\",\"url\":\"https:\/\/tomscompany.de\/\",\"name\":\"Tom's Drag\",\"description\":\"Living with the Drags\",\"potentialAction\":[{\"@type\":\"SearchAction\",\"target\":\"https:\/\/tomscompany.de\/?s={search_term_string}\",\"query-input\":\"required name=search_term_string\"}],\"inLanguage\":\"fr-FR\"},{\"@type\":\"ImageObject\",\"@id\":\"https:\/\/tomscompany.de\/fr\/a-la-memoire-de-tom\/#primaryimage\",\"inLanguage\":\"fr-FR\",\"url\":\"https:\/\/tomscompany.de\/wp-content\/uploads\/2014\/03\/header-in-memoriam.jpg\",\"contentUrl\":\"https:\/\/tomscompany.de\/wp-content\/uploads\/2014\/03\/header-in-memoriam.jpg\",\"width\":3000,\"height\":450},{\"@type\":\"WebPage\",\"@id\":\"https:\/\/tomscompany.de\/fr\/a-la-memoire-de-tom\/#webpage\",\"url\":\"https:\/\/tomscompany.de\/fr\/a-la-memoire-de-tom\/\",\"name\":\"A la m\\u00e9moire de Tom | Tom's Drag\",\"isPartOf\":{\"@id\":\"https:\/\/tomscompany.de\/#website\"},\"primaryImageOfPage\":{\"@id\":\"https:\/\/tomscompany.de\/fr\/a-la-memoire-de-tom\/#primaryimage\"},\"datePublished\":\"2014-03-07T15:11:07+00:00\",\"dateModified\":\"2014-07-23T12:27:09+00:00\",\"description\":\"TOM\\u00b4S DRAG - OFFICIAL WEBSITE: Sie sind bunt, witzig, schr\\u00e4g: Die Drags sind Leben pur, zeugen von exzentrischer Eigenwilligkeit und sind dabei voller Esprit und au\\u00dfergew\\u00f6hnlichem Charme.\",\"breadcrumb\":{\"@id\":\"https:\/\/tomscompany.de\/fr\/a-la-memoire-de-tom\/#breadcrumb\"},\"inLanguage\":\"fr-FR\",\"potentialAction\":[{\"@type\":\"ReadAction\",\"target\":[\"https:\/\/tomscompany.de\/fr\/a-la-memoire-de-tom\/\"]}]},{\"@type\":\"BreadcrumbList\",\"@id\":\"https:\/\/tomscompany.de\/fr\/a-la-memoire-de-tom\/#breadcrumb\",\"itemListElement\":[{\"@type\":\"ListItem\",\"position\":1,\"item\":{\"@type\":\"WebPage\",\"@id\":\"https:\/\/tomscompany.de\/\",\"url\":\"https:\/\/tomscompany.de\/\",\"name\":\"Home\"}},{\"@type\":\"ListItem\",\"position\":2,\"item\":{\"@id\":\"https:\/\/tomscompany.de\/fr\/a-la-memoire-de-tom\/#webpage\"}}]}]}<\/script>\n<!-- \/ Yoast SEO plugin. -->","_links":{"self":[{"href":"https:\/\/tomscompany.de\/fr\/wp-json\/wp\/v2\/pages\/1090"}],"collection":[{"href":"https:\/\/tomscompany.de\/fr\/wp-json\/wp\/v2\/pages"}],"about":[{"href":"https:\/\/tomscompany.de\/fr\/wp-json\/wp\/v2\/types\/page"}],"author":[{"embeddable":true,"href":"https:\/\/tomscompany.de\/fr\/wp-json\/wp\/v2\/users\/1"}],"replies":[{"embeddable":true,"href":"https:\/\/tomscompany.de\/fr\/wp-json\/wp\/v2\/comments?post=1090"}],"version-history":[{"count":9,"href":"https:\/\/tomscompany.de\/fr\/wp-json\/wp\/v2\/pages\/1090\/revisions"}],"predecessor-version":[{"id":1567,"href":"https:\/\/tomscompany.de\/fr\/wp-json\/wp\/v2\/pages\/1090\/revisions\/1567"}],"wp:featuredmedia":[{"embeddable":true,"href":"https:\/\/tomscompany.de\/fr\/wp-json\/wp\/v2\/media\/942"}],"wp:attachment":[{"href":"https:\/\/tomscompany.de\/fr\/wp-json\/wp\/v2\/media?parent=1090"}],"curies":[{"name":"wp","href":"https:\/\/api.w.org\/{rel}","templated":true}]}}