{"id":1087,"date":"2014-05-21T15:24:07","date_gmt":"2014-05-21T13:24:07","guid":{"rendered":"http:\/\/localhost\/toms_company\/impressum-2\/"},"modified":"2023-05-15T13:23:34","modified_gmt":"2023-05-15T11:23:34","slug":"mentions-legales","status":"publish","type":"page","link":"https:\/\/tomscompany.de\/fr\/mentions-legales\/","title":{"rendered":"Mentions l\u00e9gales \/ Protection des donn\u00e9es \/ Devoir de vigilance"},"content":{"rendered":"<h1><span style=\"color: #993300;\">Mentions l\u00e9gales \/ Protection des<\/span><\/h1>\n<h1><span style=\"color: #993300;\">donn\u00e9es \/ Devoir de vigilance<\/span><\/h1>\n<h2><span style=\"color: #993300;\"><strong>Mentions l\u00e9gales<\/strong><\/span><\/h2>\n<p>Tom`s Company GmbH<br \/>\nKnappenweg 6<br \/>\nD-66578 Schiffweiler<br \/>\nAllemagne<br \/>\nTel: + 49 (0) 6821 63 4580<br \/>\nFax: + 49 (0) 6821 63 4581<br \/>\neMail: <a href=\"mailto:info@tomscompany.com\">info@tomscompany.com<br \/>\n<\/a>Site web: www.tomscompany.com<\/p>\n<p>G\u00e9rant: Arno M\u00fcller<\/p>\n<p>Cour de registre: Amtsgericht Saarbr\u00fccken<br \/>\nNum\u00e9ro de registre: HRB 15587<\/p>\n<p>Num\u00e9ro d\u00b4identification TVA<br \/>\n(conform\u00e9ment au \u00a727a Umsatzsteuergesetz):\u2028 DE 265 563 317<\/p>\n<p>Interlocutrice pour toutes questions concernant le site web:<br \/>\nIris Schlemmer \u2013\u00a0iris.schlemmer@tomscompany.de<\/p>\n<p>La plate-forme de r\u00e8glement des litiges en ligne de la Commission europ\u00e9enne peut \u00eatre consult\u00e9e sur le lien suivant: <a href=\"http:\/\/www.ec.europa.eu\/consumers\/odr\">www.ec.europa.eu\/consumers\/odr<\/a><\/p>\n<p>\u00ab\u00a0Tom&rsquo;s Company\u00a0\u00bb et \u00ab\u00a0Tom&rsquo;s Drag\u00a0\u00bb sont des marques d\u00e9pos\u00e9es &#8211; \u00ae par Arno M\u00fcller<\/p>\n<p>L&rsquo;ensemble du contenu de ce site web est prot\u00e9g\u00e9 par des droits d&rsquo;auteur &#8211; \u00a9 par Arno M\u00fcller<\/p>\n<p>Tous droits r\u00e9serv\u00e9s, toute utilisation et imitation non autoris\u00e9e sera poursuivie en justice.<\/p>\n<p><strong>R\u00e9alisation du site web et optimisation du navigateu<br \/>\n<\/strong>Ce site a \u00e9t\u00e9 lanc\u00e9 en ao\u00fbt 2014. Il a \u00e9t\u00e9 configur\u00e9 pour les derni\u00e8res versions des navigateurs existants. Il est possible que les versions ant\u00e9rieures (avant 2014) ne vous permettent pas une navigation optimale sur notre site internet. Dans ce cas, nous vous conseillons d\u2019effectuer une mise \u00e0 jour de votre navigateur.<\/p>\n<p><strong>Utilisations de tout ou partie du site de Tom\u00b4s Company GmbH:<\/strong> tout ou partie du site Tom\u00b4s Company GmbH est prot\u00e9g\u00e9 par les dispositions du Code de la Propri\u00e9t\u00e9 Intellectuelle. Sauf autorisation formelle \u00e9crite et pr\u00e9alable, la reproduction ainsi que toutes utilisations de tout ou partie du site de Tom\u00b4s Company GmbH, de ses logos ou autres signes distinctifs sont interdites et susceptibles d&rsquo;actions en contrefa\u00e7on. L&rsquo;insertion de liens hypertextes vers une partie du site de Tom\u00b4s Company GmbH est interdite sans autorisation pr\u00e9alable et \u00e9crite de Tom\u00b4s Company.<\/p>\n<h2><span style=\"color: #993300;\"><strong>Protection des donn\u00e9es<\/strong><\/span><\/h2>\n<p>Tom&rsquo;s Company prend tr\u00e8s au s\u00e9rieux la protection de vos informations personnelles.<\/p>\n<p>Nous vous expliquons ici comment vos donn\u00e9es personnelles seront trait\u00e9es lorsque vous visitez ce site. Nous expliquons \u00e9galement quelles donn\u00e9es sont collect\u00e9es, dans quel but et dans quelle mesure elles sont accessibles \u00e0 des tiers.<\/p>\n<p>1. Nom et coordonn\u00e9es du contr\u00f4leur<\/p>\n<p>Cette politique de confidentialit\u00e9 s&rsquo;applique au traitement des donn\u00e9es par:<\/p>\n<p>Tom&rsquo;s Company GmbH<br \/>\nKnappenweg 6<br \/>\nDE-66578 Schiffweiler<br \/>\nAllemagne<br \/>\nT\u00e9l\u00e9phone: + 49 (0) 6821 63 4580<br \/>\nFax: + 49 (0) 6821 63 4581<br \/>\ninfo@tomscompany.com<\/p>\n<p>2. La collecte et le stockage des donn\u00e9es personnelles ainsi que la nature et le but de leur utilisation<\/p>\n<p>Lors de la visite du site<\/p>\n<p>Lorsque vous visitez notre site Web http:\/\/www.tomscompany.de (= http:\/\/www.tomscompany.com) le navigateur utilis\u00e9 sur votre appareil envoie automatiquement des informations au serveur de notre site Web.<\/p>\n<p>Cette information est temporairement stock\u00e9e dans un fichier journal.<\/p>\n<p>Les informations suivantes seront collect\u00e9es sans votre intervention et stock\u00e9es jusqu&rsquo;\u00e0 la suppression automatique:<\/p>\n<p>\u2022 adresse IP de l&rsquo;ordinateur demandeur,<br \/>\n\u2022 date et heure de l&rsquo;acc\u00e8s,<br \/>\n\u2022 nom et URL du fichier r\u00e9cup\u00e9r\u00e9,<br \/>\n\u2022 Site \u00e0 partir duquel l&rsquo;acc\u00e8s est effectu\u00e9 (URL de provenance),<br \/>\n\u2022 le navigateur utilis\u00e9 et, le cas \u00e9ch\u00e9ant, le syst\u00e8me d&rsquo;exploitation de votre ordinateur et le nom de votre fournisseur d&rsquo;acc\u00e8s.<\/p>\n<p>Les donn\u00e9es mentionn\u00e9es sont trait\u00e9es par nous aux fins suivantes:<\/p>\n<p>\u2022 assurer une connexion en douceur du site web<br \/>\n\u2022 assurer une utilisation confortable de notre site web,<br \/>\n\u2022 \u00e9valuation de la s\u00e9curit\u00e9 et de la stabilit\u00e9 du syst\u00e8me<br \/>\n\u2022 pour d&rsquo;autres fins administratives.<\/p>\n<p>La base l\u00e9gale pour le traitement des donn\u00e9es est l&rsquo;art. 6 para.1 p.1 lit.f RGPD. Notre int\u00e9r\u00eat l\u00e9gitime d\u00e9coule des objectifs de collecte de donn\u00e9es \u00e9num\u00e9r\u00e9s ci-dessus. Nous n&rsquo;utilisons en aucun cas les donn\u00e9es collect\u00e9es dans le but de tirer des conclusions \u00e0 votre sujet.<\/p>\n<p>En outre, des cookies sont utilis\u00e9s lors de la visite de notre site Web. Plus de d\u00e9tails peuvent \u00eatre trouv\u00e9s sous no. 4 de cette politique de confidentialit\u00e9.<\/p>\n<p>3. Divulgation des donn\u00e9es<\/p>\n<p>Un transfert de vos donn\u00e9es personnelles \u00e0 des tiers \u00e0 des fins autres que celles \u00e9num\u00e9r\u00e9es ci-dessous ne s\u00b4effectue pas.<\/p>\n<p>Nous ne communiquons vos donn\u00e9es personnelles \u00e0 des tiers que si cela est n\u00e9cessaire pour l&rsquo;ex\u00e9cution des commandes (\u00e0 nos repr\u00e9sentants ou partenaires de distribution, soci\u00e9t\u00e9s de transport, \u00e9tablissements de cr\u00e9dit, conseillers fiscaux).<\/p>\n<p>Dans le cadre des demandes par consommateurs qui voudraient savoir o\u00f9 trouver des revendeur de notre collection, nous nommons nos revendeurs les plus proches: nos employ\u00e9s communiquent uniquement des donn\u00e9es \u00e0 des tiers qui sont autrement accessibles au public (annuaire, sur leur propre site Web).<\/p>\n<p>4. Cookies, plugins et outils<\/p>\n<p>Nous utilisons des cookies sur notre site. Ce sont de petits fichiers que votre navigateur cr\u00e9e automatiquement et qui sont stock\u00e9s sur votre appareil (ordinateur portable, tablette, smartphone, etc.) lorsque vous visitez notre site. Les cookies ne nuisent pas \u00e0 votre appareil et ne contiennent pas de virus, chevaux de Troie ou autres logiciels malveillants. Les informations sont stock\u00e9es dans les cookies, en fonction du terminal sp\u00e9cifique utilis\u00e9. Cependant, cela ne signifie pas que nous sommes imm\u00e9diatement au courant de votre identit\u00e9. D&rsquo;une part, l&rsquo;utilisation de cookies permet de rendre l&rsquo;utilisation de notre site plus pratique pour vous. Par exemple, nous utilisons des cookies de session pour reconna\u00eetre que vous avez d\u00e9j\u00e0 visit\u00e9 des pages individuelles sur notre site Web. Ceux-ci sont automatiquement supprim\u00e9s apr\u00e8s avoir quitt\u00e9 notre page. En outre, afin d&rsquo;am\u00e9liorer la convivialit\u00e9, nous utilisons \u00e9galement des cookies temporaires stock\u00e9s sur votre appareil pendant une p\u00e9riode donn\u00e9e. Si vous visitez \u00e0 nouveau notre site pour profiter de nos services, il reconna\u00eetra automatiquement que vous avez d\u00e9j\u00e0 \u00e9t\u00e9 avec nous et quelles entr\u00e9es et param\u00e8tres vous avez fait, de sorte que vous n&rsquo;avez pas \u00e0 les saisir \u00e0 nouveau. D&rsquo;autre part, nous utilisons des cookies afin d&rsquo;enregistrer statistiquement l&rsquo;utilisation de notre site web et de l&rsquo;\u00e9valuer dans le but d&rsquo;optimiser notre offre. Ces cookies nous permettent de reconna\u00eetre automatiquement lorsque vous visitez \u00e0 nouveau notre site que vous avez d\u00e9j\u00e0 \u00e9t\u00e9 avec nous. Ces cookies sont automatiquement supprim\u00e9s apr\u00e8s une dur\u00e9e d\u00e9finie.<\/p>\n<p>Les donn\u00e9es trait\u00e9es par les cookies sont aux fins mentionn\u00e9es afin de prot\u00e9ger nos int\u00e9r\u00eats l\u00e9gitimes ainsi que des tiers conform\u00e9ment \u00e0 l&rsquo;art. 6 par. 1 phrase 1 allum\u00e9 f RGPD.<\/p>\n<p>La plupart des navigateurs acceptent les cookies automatiquement. Cependant, vous pouvez configurer votre navigateur de mani\u00e8re \u00e0 ce qu&rsquo;aucun cookie ne soit stock\u00e9 sur votre ordinateur ou qu&rsquo;un conseil s&rsquo;affiche avant la cr\u00e9ation d&rsquo;un nouveau cookie. Cependant, la d\u00e9sactivation compl\u00e8te des cookies peut entra\u00eener l&rsquo;impossibilit\u00e9 d&rsquo;utiliser toutes les fonctionnalit\u00e9s de notre site Web. Vous pouvez emp\u00eacher l&rsquo;installation de cookies en configurant le logiciel de navigation en cons\u00e9quence; Cependant, nous attirons votre attention sur le fait que dans ce cas, toutes les fonctionnalit\u00e9s de ce site Web ne peuvent pas \u00eatre pleinement utilis\u00e9es. Vous pouvez \u00e9galement emp\u00eacher la collecte de donn\u00e9es g\u00e9n\u00e9r\u00e9es par le cookie et li\u00e9e \u00e0 votre utilisation du site (y compris votre adresse IP) et le traitement de ces donn\u00e9es par Google en t\u00e9l\u00e9chargeant et en installant un module compl\u00e9mentaire du navigateur: <a href=\"https:\/\/tools.google.com\/dlpage\/gaoptout?hl=de\">https:\/\/tools.google.com\/dlpage\/gaoptout?hl=de<\/a><\/p>\n<p>En tant qu&rsquo;alternative au module compl\u00e9mentaire du navigateur, en particulier pour les navigateurs sur les appareils mobiles, vous pouvez emp\u00eacher la collecte par Google Analytics en cliquant sur ce lien mentionn\u00e9 en-haut. Un cookie d&rsquo;opt-out sera mis en place qui emp\u00eachera la future collecte de vos donn\u00e9es lorsque vous visitez ce site. Le cookie de d\u00e9sactivation n&rsquo;est valable que dans ce navigateur et uniquement pour notre site Web et est stock\u00e9 sur votre appareil. Si vous supprimez les cookies dans ce navigateur, vous devez d\u00e9finir \u00e0 nouveau le cookie de d\u00e9sactivation.<\/p>\n<p>5. Droits<\/p>\n<p>Vous avez le droit:<br \/>\n\u2022 conform\u00e9ment \u00e0 l&rsquo;art. 15 RGPD pour demander des informations sur vos donn\u00e9es personnelles trait\u00e9es par nous. En particulier, vous pouvez demander des informations sur les finalit\u00e9s de traitement, la cat\u00e9gorie de donn\u00e9es personnelles, les cat\u00e9gories de destinataires auxquels vos donn\u00e9es ont \u00e9t\u00e9 divulgu\u00e9es, la p\u00e9riode de conservation pr\u00e9vue, le droit de rectification, suppression, limitation de traitement ou d&rsquo;opposition, l&rsquo;existence d&rsquo;un droit de r\u00e9clamation, de la source de vos donn\u00e9es, si elles ne nous ont pas \u00e9t\u00e9 communiqu\u00e9es, et de l&rsquo;existence d&rsquo;une prise de d\u00e9cision automatis\u00e9e comprenant le profilage et, le cas \u00e9ch\u00e9ant, des informations concises sur leurs d\u00e9tails;<br \/>\n\u2022 conform\u00e9ment \u00e0 l&rsquo;art. 16 RGPD pour exiger la correction imm\u00e9diate des donn\u00e9es personnelles incorrectes ou pour exiger le compl\u00e9ment des donn\u00e9es personnelles stock\u00e9es avec nous;<br \/>\n\u2022 conform\u00e9ment \u00e0 l&rsquo;art. 17 RGPD pour exiger la suppression de vos donn\u00e9es personnelles stock\u00e9es par nous, sauf si le traitement est requis pour l&rsquo;exercice du droit \u00e0 la libert\u00e9 d&rsquo;expression et d&rsquo;information, pour l&rsquo;accomplissement d&rsquo;une obligation l\u00e9gale, pour des raisons d&rsquo;int\u00e9r\u00eat public ou pour l&rsquo;affirmation, exercice ou d\u00e9fense de r\u00e9clamations l\u00e9gales;<br \/>\n\u2022 conform\u00e9ment \u00e0 l&rsquo;art. 18 RGPD pour exiger la restriction du traitement de vos donn\u00e9es personnelles, dans la mesure o\u00f9 l&rsquo;exactitude des donn\u00e9es est contest\u00e9e par vous, le traitement est ill\u00e9gal et pourtant vous rejetez sa suppression, et nous n&rsquo;avons plus besoin des donn\u00e9es, mais vous avez besoin de ces donn\u00e9es pour faire valoir une r\u00e9clamation l\u00e9gale ou vous vous \u00eates oppos\u00e9 au traitement conform\u00e9ment \u00e0 l&rsquo;art. 21 RGPD;<br \/>\n\u2022 conform\u00e9ment \u00e0 l&rsquo;art. 20 RGPD pour recevoir vos donn\u00e9es personnelles fournies dans un format structur\u00e9, commun et lisible par machine ou pour demander le transfert \u00e0 une autre personne responsable;<br \/>\n\u2022 conform\u00e9ment \u00e0 l&rsquo;art. 7 par. 3 RGPD pour r\u00e9voquer votre consentement une fois donn\u00e9 \u00e0 nous \u00e0 tout moment. En cons\u00e9quence, nous ne sommes pas autoris\u00e9s \u00e0 poursuivre le traitement des donn\u00e9es sur la base de ce consentement pour l&rsquo;avenir et<br \/>\n\u2022 conform\u00e9ment \u00e0 l&rsquo;art. 77 RGPD de se plaindre \u00e0 une autorit\u00e9 de surveillance. En r\u00e8gle g\u00e9n\u00e9rale, vous pouvez contacter l&rsquo;autorit\u00e9 de surveillance de votre lieu de r\u00e9sidence ou de travail habituel ou de notre si\u00e8ge social.<\/p>\n<p>6. Droit d&rsquo;opposition<\/p>\n<p>Si vos donn\u00e9es personnelles sont trait\u00e9es en fonction d&rsquo;int\u00e9r\u00eats l\u00e9gitimes conform\u00e9ment \u00e0 l&rsquo;art. 6 par. 1 phrase 1 RGPD, vous avez le droit de vous opposer au traitement de vos donn\u00e9es personnelles conform\u00e9ment \u00e0 l&rsquo;art. 21 RGPD, \u00e0 condition qu&rsquo;il y ait des raisons \u00e0 cela d\u00e9coulant de votre situation particuli\u00e8re ou que l&rsquo;objection soit dirig\u00e9e contre le publipostage. Dans ce dernier cas, vous avez un droit g\u00e9n\u00e9ral d&rsquo;opposition, que nous mettons en \u0153uvre sans sp\u00e9cifier de situation particuli\u00e8re. Si vous souhaitez exercer votre droit de r\u00e9vocation ou d&rsquo;opposition, veuillez envoyer un e-mail \u00e0: <a href=\"mailto:datenschutz@tomscompany.de\">datenschutz@tomscompany.de<\/a><\/p>\n<p>7. Mise \u00e0 jour et modification de cette politique de confidentialit\u00e9<\/p>\n<p>\u00c0 la suite de la poursuite du d\u00e9veloppement de notre site Web et des offres ou en raison d&rsquo;exigences juridiques ou officielles modifi\u00e9es, il peut \u00eatre n\u00e9cessaire de modifier cette politique de confidentialit\u00e9. La politique de confidentialit\u00e9 actuelle peut \u00eatre consult\u00e9e \u00e0 tout moment ici.<\/p>\n<h2><span style=\"color: #993300;\"><strong>Devoir de vigilance<\/strong><\/span><\/h2>\n<p>Loi sur le devoir de vigilance de la cha\u00eene d&rsquo;approvisionnement<\/p>\n<p>Syst\u00e8me d&rsquo;alerte pour le respect et l&rsquo;observation du devoir de diligence en mati\u00e8re de droits de l&rsquo;homme et d&rsquo;environnement au sein des cha\u00eenes d&rsquo;approvisionnement. La loi sur les obligations de vigilance de la cha\u00eene d&rsquo;approvisionnement est entr\u00e9e en vigueur le 01.01.2023 pour les entreprises employant au moins 3000 personnes.<\/p>\n<p>En tant que fournisseur de Segm\u00fcller Holding GmbH &amp; Co. KG (Segm\u00fcller), nous mettons ici \u00e0 disposition un acc\u00e8s correspondant \u00e0 son syst\u00e8me de r\u00e9clamation et informons les d\u00e9clarants potentiels de cette possibilit\u00e9.<\/p>\n<p>Les voies de signalement suivantes de Segm\u00fcller sont possibles :<\/p>\n<p>&#8211; Syst\u00e8me de r\u00e9clamation en ligne : <a href=\"https:\/\/www.segmueller.de\/magazin\/compliance\/hinweisgebersystem\">https:\/\/www.segmueller.de\/magazin\/compliance\/hinweisgebersystem<\/a><\/p>\n<p>&#8211; Num\u00e9ro de t\u00e9l\u00e9phone : +49 821 4540808<\/p>\n<p>&#8211; Adresse \u00e9lectronique : <a href=\"mailto:hinweisgeber@schmid-frank.de\">hinweisgeber@schmid-frank.de<\/a><\/p>\n<p>_____________________________________________________________________________________<\/p>\n<p>&nbsp;<\/p>\n<p><strong>Concept, Design &amp; Development du site Web<\/strong><br \/>\nWerner Bohr \u2013 Agency for Design<br \/>\nMaximinstr. 3 | 54292 Trier, Germany<br \/>\nFon: + 49 (0) 651 146 150<br \/>\neMail: <a href=\"mailto:info%40werne%72bohr.de\">info@<span style=\"display: none;\">null<\/span>werner<!-- please stop spam! -->bohr.de<\/a><br \/>\nWeb: <a href=\"http:\/\/www.wernerbohr.de\" target=\"_blank\" rel=\"noopener\">www.wernerbohr.de<\/a><\/p>\n<p><strong>Responsabilit\u00e9:<\/strong> le site Web de Tom\u00b4s Company GmbH contient des liens avec d&rsquo;autres sites et peuvent r\u00e9aliser des interconnexions entre fichiers de finalit\u00e9s diff\u00e9rentes. Tom\u00b4s Company GmbH d\u00e9cline toute responsabilit\u00e9 quant \u00e0 leur contenu ou \u00e0 leurs pratiques en mati\u00e8re de confidentialit\u00e9.<\/p>\n<p>Tom\u00b4s Company GmbH a apport\u00e9 le plus grand soin \u00e0 la cr\u00e9ation et \u00e0 la r\u00e9alisation de ce site. La soci\u00e9t\u00e9 d\u00e9cline toutefois toute responsabilit\u00e9 au cas o\u00f9 des informations seraient incorrectes. Tom\u00b4s Company GmbH peut modifier \u00e0 tout moment les informations pr\u00e9sent\u00e9es sans le moindre avertissement pr\u00e9alable.<\/p>\n<p>Malgr\u00e9 tous ses efforts, Tom\u00b4s Company GmbH ne peut pas garantir un site sans virus et en d\u00e9cline toute responsabilit\u00e9. L&rsquo;internaute devrait, pour sa propre protection, prendre les mesures n\u00e9cessaires et en particulier utiliser un logiciel antivirus pour scanner toute information, logiciel ou documentation avant de les t\u00e9l\u00e9charger.<\/p>\n","protected":false},"excerpt":{"rendered":"<p>Mentions l\u00e9gales \/ Protection des donn\u00e9es \/ Devoir de vigilance Mentions l\u00e9gales Tom`s Company GmbH Knappenweg 6 D-66578 Schiffweiler Allemagne Tel: + 49 (0) 6821 63 4580 Fax: + 49 (0) 6821 63 4581 eMail: info@tomscompany.com Site web: www.tomscompany.com G\u00e9rant: Arno M\u00fcller Cour de registre: Amtsgericht Saarbr\u00fccken Num\u00e9ro de registre: HRB 15587 Num\u00e9ro d\u00b4identification TVA [&hellip;]<\/p>\n","protected":false},"author":1,"featured_media":0,"parent":0,"menu_order":0,"comment_status":"closed","ping_status":"open","template":"page-nosidebar.php","meta":[],"acf":[],"yoast_head":"<!-- This site is optimized with the Yoast SEO plugin v16.4 - https:\/\/yoast.com\/wordpress\/plugins\/seo\/ -->\n<title>Mentions l\u00e9gales \/ Protection des donn\u00e9es \/ Devoir de vigilance | Tom&#039;s Drag<\/title>\n<meta name=\"description\" content=\"TOM\u00b4S DRAG - OFFICIAL WEBSITE: Sie sind bunt, witzig, schr\u00e4g: Die Drags sind Leben pur, zeugen von exzentrischer Eigenwilligkeit und sind dabei voller Esprit und au\u00dfergew\u00f6hnlichem Charme.\" \/>\n<meta name=\"robots\" content=\"index, follow, max-snippet:-1, max-image-preview:large, max-video-preview:-1\" \/>\n<link rel=\"canonical\" href=\"https:\/\/tomscompany.de\/fr\/mentions-legales\/\" \/>\n<meta property=\"og:locale\" content=\"fr_FR\" \/>\n<meta property=\"og:type\" content=\"article\" \/>\n<meta property=\"og:title\" content=\"Mentions l\u00e9gales \/ Protection des donn\u00e9es \/ Devoir de vigilance | Tom&#039;s Drag\" \/>\n<meta property=\"og:description\" content=\"TOM\u00b4S DRAG - OFFICIAL WEBSITE: Sie sind bunt, witzig, schr\u00e4g: Die Drags sind Leben pur, zeugen von exzentrischer Eigenwilligkeit und sind dabei voller Esprit und au\u00dfergew\u00f6hnlichem Charme.\" \/>\n<meta property=\"og:url\" content=\"https:\/\/tomscompany.de\/fr\/mentions-legales\/\" \/>\n<meta property=\"og:site_name\" content=\"Tom&#039;s Drag\" \/>\n<meta property=\"article:modified_time\" content=\"2023-05-15T11:23:34+00:00\" \/>\n<meta name=\"twitter:label1\" content=\"Dur\u00e9e de lecture est.\" \/>\n\t<meta name=\"twitter:data1\" content=\"9 minutes\" \/>\n<script type=\"application\/ld+json\" class=\"yoast-schema-graph\">{\"@context\":\"https:\/\/schema.org\",\"@graph\":[{\"@type\":\"WebSite\",\"@id\":\"https:\/\/tomscompany.de\/#website\",\"url\":\"https:\/\/tomscompany.de\/\",\"name\":\"Tom's Drag\",\"description\":\"Living with the Drags\",\"potentialAction\":[{\"@type\":\"SearchAction\",\"target\":\"https:\/\/tomscompany.de\/?s={search_term_string}\",\"query-input\":\"required name=search_term_string\"}],\"inLanguage\":\"fr-FR\"},{\"@type\":\"WebPage\",\"@id\":\"https:\/\/tomscompany.de\/fr\/mentions-legales\/#webpage\",\"url\":\"https:\/\/tomscompany.de\/fr\/mentions-legales\/\",\"name\":\"Mentions l\\u00e9gales \/ Protection des donn\\u00e9es \/ Devoir de vigilance | Tom's Drag\",\"isPartOf\":{\"@id\":\"https:\/\/tomscompany.de\/#website\"},\"datePublished\":\"2014-05-21T13:24:07+00:00\",\"dateModified\":\"2023-05-15T11:23:34+00:00\",\"description\":\"TOM\\u00b4S DRAG - OFFICIAL WEBSITE: Sie sind bunt, witzig, schr\\u00e4g: Die Drags sind Leben pur, zeugen von exzentrischer Eigenwilligkeit und sind dabei voller Esprit und au\\u00dfergew\\u00f6hnlichem Charme.\",\"breadcrumb\":{\"@id\":\"https:\/\/tomscompany.de\/fr\/mentions-legales\/#breadcrumb\"},\"inLanguage\":\"fr-FR\",\"potentialAction\":[{\"@type\":\"ReadAction\",\"target\":[\"https:\/\/tomscompany.de\/fr\/mentions-legales\/\"]}]},{\"@type\":\"BreadcrumbList\",\"@id\":\"https:\/\/tomscompany.de\/fr\/mentions-legales\/#breadcrumb\",\"itemListElement\":[{\"@type\":\"ListItem\",\"position\":1,\"item\":{\"@type\":\"WebPage\",\"@id\":\"https:\/\/tomscompany.de\/\",\"url\":\"https:\/\/tomscompany.de\/\",\"name\":\"Home\"}},{\"@type\":\"ListItem\",\"position\":2,\"item\":{\"@id\":\"https:\/\/tomscompany.de\/fr\/mentions-legales\/#webpage\"}}]}]}<\/script>\n<!-- \/ Yoast SEO plugin. -->","_links":{"self":[{"href":"https:\/\/tomscompany.de\/fr\/wp-json\/wp\/v2\/pages\/1087"}],"collection":[{"href":"https:\/\/tomscompany.de\/fr\/wp-json\/wp\/v2\/pages"}],"about":[{"href":"https:\/\/tomscompany.de\/fr\/wp-json\/wp\/v2\/types\/page"}],"author":[{"embeddable":true,"href":"https:\/\/tomscompany.de\/fr\/wp-json\/wp\/v2\/users\/1"}],"replies":[{"embeddable":true,"href":"https:\/\/tomscompany.de\/fr\/wp-json\/wp\/v2\/comments?post=1087"}],"version-history":[{"count":26,"href":"https:\/\/tomscompany.de\/fr\/wp-json\/wp\/v2\/pages\/1087\/revisions"}],"predecessor-version":[{"id":6717,"href":"https:\/\/tomscompany.de\/fr\/wp-json\/wp\/v2\/pages\/1087\/revisions\/6717"}],"wp:attachment":[{"href":"https:\/\/tomscompany.de\/fr\/wp-json\/wp\/v2\/media?parent=1087"}],"curies":[{"name":"wp","href":"https:\/\/api.w.org\/{rel}","templated":true}]}}