{"id":1085,"date":"2014-03-07T17:11:53","date_gmt":"2014-03-07T15:11:53","guid":{"rendered":"http:\/\/localhost\/toms_company\/faq-2\/"},"modified":"2014-07-21T12:37:55","modified_gmt":"2014-07-21T10:37:55","slug":"faq","status":"publish","type":"page","link":"https:\/\/tomscompany.de\/fr\/faq\/","title":{"rendered":"FAQ"},"content":{"rendered":"<h1>FAQ \u2013 foire aux questions<\/h1>\n<div id=\"faq-1127\" class=\"arconix-faq-wrap\"><div id=\"faq-EstcequejepeuxsanstredtaillantcommanderouacheterlesDragsdirectementchezTomrsquosCompany\" class=\"arconix-faq-title faq-closed\">Est ce que je peux, sans \u00eatre d\u00e9taillant, commander ou acheter les Drags directement chez Tom&rsquo;s Company ?<\/div><div class=\"arconix-faq-content faq-closed\"><p>Dans beaucoup de villes et r\u00e9gions nous travaillons avec des <strong><span style=\"color: #ff0000;\">revendeurs agr\u00e9\u00e9s<\/span><\/strong> qui vous montrent la collection et qui vous conseillent avec plaisir.<\/p>\n<p>Pour des pays et des r\u00e9gions o\u00f9 il n\u00b4y a aucun revendeur pr\u00e8s de chez vous, il y a souvent la possibilit\u00e9 de <strong><span style=\"color: #ff0000;\">commander vos \u00ab\u00a0Tom\u00b4s Drags pr\u00e9f\u00e9r\u00e9s\u00a0\u00bb directement chez nous. <\/span><\/strong><span style=\"color: #000000;\">Allez voir notre <span style=\"color: #993366;\"><strong>BOUTIQUE OFFICIELLE en-ligne<\/strong><strong> sous <\/strong><\/span><span style=\"color: #000000;\"><a href=\"http:\/\/www.shop-tomsdrag.de\" target=\"_blank\" rel=\"noopener noreferrer\"><span style=\"color: #000000;\"><strong><span style=\"color: #ff0000;\">www.shop-tomsdrag.de<\/span><\/strong><\/span><\/a><\/span> sur ce site et e<\/span>nvoyez-nous un <a href=\"https:\/\/tomscompany.de\/fr\/contact\/\">courriel<\/a> afin que nous puissions prendre contact avec vous pour voir s\u00b4il est possible d\u00b4envoyer les articles souhait\u00e9s dans votre pays.<\/p>\n<p>Notre showroom \u00e0 66578 Schiffweiler\/Saar en Allemagne (\u00e0 80 km \u00e0 l\u00b4est de Metz, \u00e0 90 km au sud du Luxembourg et \u00e0 130 km au nord de Strassbourg) est ouvert <strong><span style=\"color: #ff0000;\">au public chaque premier samedi du mois de 10 heures \u00e0 15 heures<\/span><\/strong>: outre la collection actuelle, vous y trouverez des fins de s\u00e9ries et du d\u00e9stockage ainsi que des promotions int\u00e9ressantes. Nous nous r\u00e9jouissons de vous voir. <\/p>\n<p>Adresse: Tom\u00b4s Company GmbH, Knappenweg 6, DE-66578 Schiffweiler<\/p>\n<p><span style=\"font-family: 'Arial','sans-serif'; font-size: 11pt;\">\u00a0<\/span><\/p>\n<p>&nbsp;<\/p>\n<\/div><\/div><div id=\"faq-1124\" class=\"arconix-faq-wrap\"><div id=\"faq-Opeut-onacheterlacollectionTomrsquosDrag\" class=\"arconix-faq-title faq-closed\">O\u00f9 peut-on acheter la collection Tom&rsquo;s Drag ?<\/div><div class=\"arconix-faq-content faq-closed\"><p>1.\u00a0\u00a0\u00a0 Vous pouvez acheter les Tom\u2019s Drag aupr\u00e8s de <span style=\"color: #ff0000;\"><strong>nos distributeurs agr\u00e9\u00e9s<\/strong><\/span>. L\u00e0-bas on vous conseillera volontiers et on vous montrera notre collection actuelle. Vous pouvez regardez et t\u00e9l\u00e9chargez aussi notre catalogue actuel ici: <a href=\"https:\/\/tomscompany.de\/fr\/downloads\/catalogue\/\">http:\/\/tomscompany.de\/fr\/downloads\/catalogue\/<\/a> . Si \u00e9ventuellement l\u2019article de la collection n\u2019est pas en stock, ils pourront le commander pour vous. C\u2019est avec plaisir que nous vous indiquons le d\u00e9taillant le plus proche de chez vous.<br \/>\nEnvoyez-nous un <a href=\"https:\/\/tomscompany.de\/fr\/contact\/\">courriel<\/a> afin que nous puissions prendre contact avec vous.<\/p>\n<p>2.\u00a0\u00a0\u00a0 Pour des pays et des r\u00e9gions o\u00f9 il n\u00b4y a aucun revendeur pr\u00e8s de chez vous, il y a souvent la possibilit\u00e9 de <strong><span style=\"color: #ff0000;\">commander vos \u00ab\u00a0Tom\u00b4s Drags pr\u00e9f\u00e9r\u00e9s\u00a0\u00bb directement chez nous. <\/span><\/strong><span style=\"color: #000000;\">Allez voir notre <span style=\"color: #000000;\"><span style=\"color: #993366;\"><strong>BOUTIQUE OFFICIELLE en-ligne<\/strong><\/span><\/span> <span style=\"color: #000000;\"><a href=\"http:\/\/www.shop-tomsdrag.de\" target=\"_blank\" rel=\"noopener noreferrer\"><span style=\"color: #000000;\"><strong><span style=\"color: #ff0000;\"><span style=\"color: #993366;\">sous<\/span> www.shop-tomsdrag.de<\/span><\/strong><\/span><\/a><\/span> et e<\/span>nvoyez-nous un <a href=\"https:\/\/tomscompany.de\/fr\/contact\/\">courriel<\/a> afin que nous puissions prendre contact avec vous pour voir s\u00b4il est possible d\u00b4envoyer les articles souhait\u00e9s dans votre pays.<\/p>\n<p>3.\u00a0\u00a0\u00a0 En outre, nous ouvrons les portes de notre showroom \u00e0 66578 Schiffweiler\/Saar en Allemagne (\u00e0 80 km \u00e0 l\u00b4est de Metz, \u00e0 90 km au sud du Luxembourg et \u00e0 130 km au nord de Strassbourg) <strong><span style=\"color: #ff0000;\">au public<\/span> <span style=\"color: #ff0000;\">chaque premier samedi du mois de 10 heures \u00e0 15<\/span> <span style=\"color: #ff0000;\">heures:<\/span><\/strong> outre la collection actuelle, vous y trouverez des fins de s\u00e9ries et du d\u00e9stockage ainsi que des promotions int\u00e9ressantes. Nous nous r\u00e9jouissons de vous voir. <\/p>\n<p>Adresse: Tom\u00b4s Company GmbH, Knappenweg 6, DE-66578 Schiffweiler<\/p>\n<p>&nbsp;<\/p>\n<\/div><\/div><div id=\"faq-1121\" class=\"arconix-faq-wrap\"><div id=\"faq-CommentestcequejepeuxvoirtoutelacollectionTomsDrag\" class=\"arconix-faq-title faq-closed\">Comment est ce que je peux voir toute la collection Tom\u00b4s Drag ?<\/div><div class=\"arconix-faq-content faq-closed\"><p>1.\u00a0\u00a0\u00a0 Vous pouvez t\u00e9l\u00e9charger notre catalogue avec la collection compl\u00e8te de Tom\u00b4s Drag dans l\u00b4espace \u00ab\u00a0catalogue\u00a0\u00bb ou adressez-vous \u00e0 nos d\u00e9taillants. Ils vous montrerontavec plaisir leur gamme de produits Tom\u00b4s Drag et vous conseilleront.<\/p>\n<p>2.\u00a0\u00a0\u00a0 Pour des pays et des r\u00e9gions o\u00f9 il n\u00b4y a aucun revendeur pr\u00e8s de chez vous, il y a souvent la possibilit\u00e9 de <strong><span style=\"color: #ff0000;\">commander vos \u00ab\u00a0Tom\u00b4s Drags pr\u00e9f\u00e9r\u00e9s\u00a0\u00bb directement chez nous. <\/span><\/strong><span style=\"color: #000000;\">Allez voir notre <span style=\"color: #000000;\"><span style=\"color: #993366;\"><strong>BOUTIQUE OFFICIELLE en-ligne<\/strong><\/span><\/span><span style=\"color: #993366;\"><strong> sous<\/strong><\/span> <span style=\"color: #000000;\"><a href=\"http:\/\/www.shop-tomsdrag.de\" target=\"_blank\" rel=\"noopener noreferrer\"><span style=\"color: #000000;\"><strong><span style=\"color: #ff0000;\">www.shop-tomsdrag.de<\/span><\/strong><\/span><\/a><\/span> et e<\/span>nvoyez-nous un <a href=\"https:\/\/tomscompany.de\/fr\/contact\/\">courriel<\/a> afin que nous puissions prendre contact avec vous pour voir s\u00b4il est possible d\u00b4envoyer les articles souhait\u00e9s dans votre pays.<\/p>\n<p>3.\u00a0\u00a0\u00a0 En outre, nous ouvrons les portes de notre showroom \u00e0 66578 Schiffweiler\/Saar en Allemagne (\u00e0 80 km \u00e0 l\u00b4est de Metz, \u00e0 90 km au sud du Luxembourg et \u00e0 130 km au nord de Strassbourg)<span style=\"color: #ff0000;\"> <strong>au grand public<\/strong> <\/span><strong><span style=\"color: #ff0000;\">chaque premier samedi du mois de 10 heures \u00e0 15 heures<\/span><\/strong>: outre la collection actuelle, vous y trouverez des fins de s\u00e9ries et du d\u00e9stockage ainsi que des promotions int\u00e9ressantes. Nous nous r\u00e9jouissons de vous voir.<br \/>\nAdresse: Tom\u00b4s Company GmbH, Knappenweg 6, DE-66578 Schiffweiler<\/p>\n<\/div><\/div><div id=\"faq-1118\" class=\"arconix-faq-wrap\"><div id=\"faq-Quelmatriauestutilispourlafabrication\" class=\"arconix-faq-title faq-closed\">Quel mat\u00e9riau est utilis\u00e9 pour la fabrication?<\/div><div class=\"arconix-faq-content faq-closed\"><p>Pour notre travail, nous n&rsquo;utilisons que des mat\u00e9riaux et des couleurs de haute qualit\u00e9. La mati\u00e8re de base de la plupart des articles de Tom&rsquo;s Drag est le marmorin, un mat\u00e9riau form\u00e9 \u00e0 partir de marbre et de r\u00e9sine synth\u00e9tique. Ce mat\u00e9riau de base est ensuite model\u00e9 par des sculpteurs exp\u00e9riment\u00e9s d&rsquo;apr\u00e8s le mod\u00e8le original. D\u00b4autres articles comme nos meubles sont faits en mdf\/ bois, en m\u00e9tal ou en fibre de verre. Une chose est commune \u00e0 chaque objet: ils sont tous peints \u00e0 la main jusque dans les moindres d\u00e9tails.<\/p>\n<\/div><\/div><div id=\"faq-1116\" class=\"arconix-faq-wrap\"><div id=\"faq-LesTomrsquosDragssont-ilsrsistantsauclimat\" class=\"arconix-faq-title faq-closed\">Les Tom&rsquo;s Drags sont-ils r\u00e9sistants au climat ?<\/div><div class=\"arconix-faq-content faq-closed\"><p>Sauf indication contraire, les collections Tom&rsquo;s Drag sont con\u00e7ues principalement pour votre int\u00e9rieur, et subissent les effets du climat. Le froid n&rsquo;est pas un probl\u00e8me pour nos produits tant que vous les mettez sur des balcons ou des terrasses couverts, \u00e0 des endroits prot\u00e9g\u00e9s du climat. Mais fa\u00eetes attention aux objets color\u00e9s qui restent expos\u00e9s \u00e0 la lumi\u00e8re du soleil, ils peuvent se d\u00e9colorer et perdre leur brillance avec le temps.<\/p>\n<\/div><\/div><div id=\"faq-1113\" class=\"arconix-faq-wrap\"><div id=\"faq-LescoupesdeTomrsquosDragsont-ellesfaitespourcontenirdelanourriture\" class=\"arconix-faq-title faq-closed\">Les coupes de Tom&rsquo;s Drag sont-elles faites pour contenir de la nourriture?<\/div><div class=\"arconix-faq-content faq-closed\"><p>La plupart des objets d&rsquo;art de la collection Tom&rsquo;s Drag ne sont, sauf indication contraire, pas faits pour contenir de la nourriture, et par cons\u00e9quent ne doivent pas entrer en contact avec elle.<\/p>\n<\/div><\/div><div id=\"faq-1110\" class=\"arconix-faq-wrap\"><div id=\"faq-QuesignifieDrag\" class=\"arconix-faq-title faq-closed\">Que signifie \u00ab\u00a0Drag\u00a0\u00bb ?<\/div><div class=\"arconix-faq-content faq-closed\"><p>Le mot \u00ab\u00a0Drag\u00a0\u00bb est issu de l&rsquo;anglais, et a plusieurs sens. Il est d&rsquo;abord connu pour d\u00e9signer des hommes portant des v\u00eatements de femme, les \u00ab\u00a0Drag-Queen\u00a0\u00bb, qui p\u00e9tillent d&rsquo;\u00e9nergie, c\u00e9l\u00e8brent la vie et qui avant tout ne se prennent pas au s\u00e9rieux. Ensuite, dans le domaine des courses automobiles, les \u00ab\u00a0Drag races\u00a0\u00bb, les drags sont de petites bagnoles retap\u00e9es qui roulent \u00e0 grande vitesse sur de courtes distances.<\/p>\n<p>C&rsquo;est cet individualisme, cette joie de vivre et cette \u00e9nergie positive qui font des \u00ab\u00a0Drags\u00a0\u00bb les cr\u00e9ations les moins conventionnelles de Tom.<\/p>\n<\/div><\/div><div id=\"faq-1107\" class=\"arconix-faq-wrap\"><div id=\"faq-JesuiscommerantetjrsquoaimeraisinclurelacollectionTomrsquosDragmonassortiment\" class=\"arconix-faq-title faq-closed\">Je suis commer\u00e7ant et j&rsquo;aimerais inclure la collection Tom&rsquo;s Drag \u00e0 mon assortiment.<\/div><div class=\"arconix-faq-content faq-closed\"><p>Envoyez-nous un <a title=\"Contact\" href=\"https:\/\/tomscompany.de\/fr\/contact\/\">courriel<\/a> afin que nos collaborateurs entrent en contact avec vous.<\/p>\n<p>&nbsp;<\/p>\n<\/div><\/div><div id=\"faq-1104\" class=\"arconix-faq-wrap\"><div id=\"faq-Maquestionnefaitpaspartiedelalisteci-dessus\" class=\"arconix-faq-title faq-closed\">Ma question ne fait pas partie de la liste ci-dessus.<\/div><div class=\"arconix-faq-content faq-closed\"><p>Pas de probl\u00e8me. Envoyez-nous un <a title=\"Contact\" href=\"https:\/\/tomscompany.de\/fr\/contact\/\">courriel<\/a> afin que nous puissions prendre contact avec vous.<\/p>\n<\/div><\/div>\n","protected":false},"excerpt":{"rendered":"<p>FAQ \u2013 foire aux questions<\/p>\n","protected":false},"author":1,"featured_media":825,"parent":0,"menu_order":0,"comment_status":"closed","ping_status":"closed","template":"","meta":[],"acf":[],"yoast_head":"<!-- This site is optimized with the Yoast SEO plugin v16.4 - https:\/\/yoast.com\/wordpress\/plugins\/seo\/ -->\n<title>FAQ | Tom&#039;s Drag<\/title>\n<meta name=\"description\" content=\"TOM\u00b4S DRAG - OFFICIAL WEBSITE: Sie sind bunt, witzig, schr\u00e4g: Die Drags sind Leben pur, zeugen von exzentrischer Eigenwilligkeit und sind dabei voller Esprit und au\u00dfergew\u00f6hnlichem Charme.\" \/>\n<meta name=\"robots\" content=\"index, follow, max-snippet:-1, max-image-preview:large, max-video-preview:-1\" \/>\n<link rel=\"canonical\" href=\"https:\/\/tomscompany.de\/fr\/faq\/\" \/>\n<meta property=\"og:locale\" content=\"fr_FR\" \/>\n<meta property=\"og:type\" content=\"article\" \/>\n<meta property=\"og:title\" content=\"FAQ | Tom&#039;s Drag\" \/>\n<meta property=\"og:description\" content=\"TOM\u00b4S DRAG - OFFICIAL WEBSITE: Sie sind bunt, witzig, schr\u00e4g: Die Drags sind Leben pur, zeugen von exzentrischer Eigenwilligkeit und sind dabei voller Esprit und au\u00dfergew\u00f6hnlichem Charme.\" \/>\n<meta property=\"og:url\" content=\"https:\/\/tomscompany.de\/fr\/faq\/\" \/>\n<meta property=\"og:site_name\" content=\"Tom&#039;s Drag\" \/>\n<meta property=\"article:modified_time\" content=\"2014-07-21T10:37:55+00:00\" \/>\n<script type=\"application\/ld+json\" class=\"yoast-schema-graph\">{\"@context\":\"https:\/\/schema.org\",\"@graph\":[{\"@type\":\"WebSite\",\"@id\":\"https:\/\/tomscompany.de\/#website\",\"url\":\"https:\/\/tomscompany.de\/\",\"name\":\"Tom's Drag\",\"description\":\"Living with the Drags\",\"potentialAction\":[{\"@type\":\"SearchAction\",\"target\":\"https:\/\/tomscompany.de\/?s={search_term_string}\",\"query-input\":\"required name=search_term_string\"}],\"inLanguage\":\"fr-FR\"},{\"@type\":\"ImageObject\",\"@id\":\"https:\/\/tomscompany.de\/fr\/faq\/#primaryimage\",\"inLanguage\":\"fr-FR\",\"url\":\"https:\/\/tomscompany.de\/wp-content\/uploads\/2014\/06\/header-faq.jpg\",\"contentUrl\":\"https:\/\/tomscompany.de\/wp-content\/uploads\/2014\/06\/header-faq.jpg\"},{\"@type\":\"WebPage\",\"@id\":\"https:\/\/tomscompany.de\/fr\/faq\/#webpage\",\"url\":\"https:\/\/tomscompany.de\/fr\/faq\/\",\"name\":\"FAQ | Tom's Drag\",\"isPartOf\":{\"@id\":\"https:\/\/tomscompany.de\/#website\"},\"primaryImageOfPage\":{\"@id\":\"https:\/\/tomscompany.de\/fr\/faq\/#primaryimage\"},\"datePublished\":\"2014-03-07T15:11:53+00:00\",\"dateModified\":\"2014-07-21T10:37:55+00:00\",\"description\":\"TOM\\u00b4S DRAG - OFFICIAL WEBSITE: Sie sind bunt, witzig, schr\\u00e4g: Die Drags sind Leben pur, zeugen von exzentrischer Eigenwilligkeit und sind dabei voller Esprit und au\\u00dfergew\\u00f6hnlichem Charme.\",\"breadcrumb\":{\"@id\":\"https:\/\/tomscompany.de\/fr\/faq\/#breadcrumb\"},\"inLanguage\":\"fr-FR\",\"potentialAction\":[{\"@type\":\"ReadAction\",\"target\":[\"https:\/\/tomscompany.de\/fr\/faq\/\"]}]},{\"@type\":\"BreadcrumbList\",\"@id\":\"https:\/\/tomscompany.de\/fr\/faq\/#breadcrumb\",\"itemListElement\":[{\"@type\":\"ListItem\",\"position\":1,\"item\":{\"@type\":\"WebPage\",\"@id\":\"https:\/\/tomscompany.de\/\",\"url\":\"https:\/\/tomscompany.de\/\",\"name\":\"Home\"}},{\"@type\":\"ListItem\",\"position\":2,\"item\":{\"@id\":\"https:\/\/tomscompany.de\/fr\/faq\/#webpage\"}}]}]}<\/script>\n<!-- \/ Yoast SEO plugin. -->","_links":{"self":[{"href":"https:\/\/tomscompany.de\/fr\/wp-json\/wp\/v2\/pages\/1085"}],"collection":[{"href":"https:\/\/tomscompany.de\/fr\/wp-json\/wp\/v2\/pages"}],"about":[{"href":"https:\/\/tomscompany.de\/fr\/wp-json\/wp\/v2\/types\/page"}],"author":[{"embeddable":true,"href":"https:\/\/tomscompany.de\/fr\/wp-json\/wp\/v2\/users\/1"}],"replies":[{"embeddable":true,"href":"https:\/\/tomscompany.de\/fr\/wp-json\/wp\/v2\/comments?post=1085"}],"version-history":[{"count":2,"href":"https:\/\/tomscompany.de\/fr\/wp-json\/wp\/v2\/pages\/1085\/revisions"}],"predecessor-version":[{"id":1389,"href":"https:\/\/tomscompany.de\/fr\/wp-json\/wp\/v2\/pages\/1085\/revisions\/1389"}],"wp:featuredmedia":[{"embeddable":true,"href":"https:\/\/tomscompany.de\/fr\/wp-json\/wp\/v2\/media\/825"}],"wp:attachment":[{"href":"https:\/\/tomscompany.de\/fr\/wp-json\/wp\/v2\/media?parent=1085"}],"curies":[{"name":"wp","href":"https:\/\/api.w.org\/{rel}","templated":true}]}}