{"id":1081,"date":"2014-03-07T17:11:16","date_gmt":"2014-03-07T15:11:16","guid":{"rendered":"http:\/\/localhost\/toms_company\/unternehmen-2\/"},"modified":"2014-08-18T11:29:35","modified_gmt":"2014-08-18T09:29:35","slug":"entreprise","status":"publish","type":"page","link":"https:\/\/tomscompany.de\/fr\/entreprise\/","title":{"rendered":"L&rsquo;entreprise"},"content":{"rendered":"<h1>Tom\u00b4s Drag\u00ae &#8211; une id\u00e9e de cadeau tr\u00e8s personnelle devient une entreprise mondiale<\/h1>\n<p><img loading=\"lazy\" class=\"alignleft wp-image-1321 size-full\" src=\"http:\/\/tomscompany.de\/wp-content\/uploads\/2014\/03\/vespa-tom-arno-side.jpg\" alt=\"vespa-tom-arno\" width=\"363\" height=\"438\" srcset=\"https:\/\/tomscompany.de\/wp-content\/uploads\/2014\/03\/vespa-tom-arno-side.jpg 363w, https:\/\/tomscompany.de\/wp-content\/uploads\/2014\/03\/vespa-tom-arno-side-248x300.jpg 248w\" sizes=\"(max-width: 363px) 100vw, 363px\" \/><br \/>\n&nbsp;<\/p>\n<p>Une histoire qui a commenc\u00e9 il y a quelques ann\u00e9es. En somme : tout a commenc\u00e9 par une catastrophe. Apr\u00e8s le 11 septembre 2001 quand le monde entier \u00e9tait en \u00e9tat de choc, l\u00b4artiste allemand Tom Hoffmann (1956-2012) a voulu donner un signal. Avec les premiers \u00abDrags\u00bb qui \u00e9taient des cadeaux pour ses amis, Tom voulait r\u00e9veiller leur optimisme et leur joie de vivre. Entretemps cela a si bien fonctionn\u00e9 que la communaut\u00e9 des fans \u00abDrags\u00bb est devenue tr\u00e8s internationale et aujourd\u2019hui se retrouve dans le monde entier.<\/p>\n<p>&nbsp;<\/p>\n<h2><\/h2>\n<h2>Tom\u00b4s Company GmbH &#8211; l\u00b4entreprise<\/h2>\n<p>Tom&rsquo;s Company a \u00e9t\u00e9 fond\u00e9e en 1988 par Thomas Hoffmann et Arno M\u00fcller qui g\u00e8re l\u00b4entreprise depuis la disparition tragique et inattendue de Tom comme associ\u00e9 unique.<\/p>\n<p>La maison produit et distribue dans le monde entier les objets de design sous le nom de marque \u00ab\u00a0Tom\u00b4s Drag\u00ae\u00a0\u00bb. Aujourd\u00b4hui, pr\u00e8s de 80 employ\u00e9s dans le monde entier ainsi qu\u00b4 un r\u00e9seau dense de distributeurs en Europe et outre-mer travaillent avec Tom\u00b4s Company. Les trois-quarts des \u0153uvres d\u00b4art sont vendues \u00e0 l\u2019export. <\/p>\n<p>&nbsp;<\/p>\n","protected":false},"excerpt":{"rendered":"<p>Tom\u00b4s Drag\u00ae &#8211; une id\u00e9e de cadeau tr\u00e8s personnelle devient une entreprise mondiale &nbsp; Une histoire qui a commenc\u00e9 il y a quelques ann\u00e9es. En somme : tout a commenc\u00e9 par une catastrophe. Apr\u00e8s le 11 septembre 2001 quand le monde entier \u00e9tait en \u00e9tat de choc, l\u00b4artiste allemand Tom Hoffmann (1956-2012) a voulu donner [&hellip;]<\/p>\n","protected":false},"author":1,"featured_media":783,"parent":0,"menu_order":0,"comment_status":"closed","ping_status":"closed","template":"","meta":[],"acf":[],"yoast_head":"<!-- This site is optimized with the Yoast SEO plugin v16.4 - https:\/\/yoast.com\/wordpress\/plugins\/seo\/ -->\n<title>L&#039;entreprise | Tom&#039;s Drag<\/title>\n<meta name=\"description\" content=\"TOM\u00b4S DRAG - OFFICIAL WEBSITE: Sie sind bunt, witzig, schr\u00e4g: Die Drags sind Leben pur, zeugen von exzentrischer Eigenwilligkeit und sind dabei voller Esprit und au\u00dfergew\u00f6hnlichem Charme.\" \/>\n<meta name=\"robots\" content=\"index, follow, max-snippet:-1, max-image-preview:large, max-video-preview:-1\" \/>\n<link rel=\"canonical\" href=\"https:\/\/tomscompany.de\/fr\/entreprise\/\" \/>\n<meta property=\"og:locale\" content=\"fr_FR\" \/>\n<meta property=\"og:type\" content=\"article\" \/>\n<meta property=\"og:title\" content=\"L&#039;entreprise | Tom&#039;s Drag\" \/>\n<meta property=\"og:description\" content=\"TOM\u00b4S DRAG - OFFICIAL WEBSITE: Sie sind bunt, witzig, schr\u00e4g: Die Drags sind Leben pur, zeugen von exzentrischer Eigenwilligkeit und sind dabei voller Esprit und au\u00dfergew\u00f6hnlichem Charme.\" \/>\n<meta property=\"og:url\" content=\"https:\/\/tomscompany.de\/fr\/entreprise\/\" \/>\n<meta property=\"og:site_name\" content=\"Tom&#039;s Drag\" \/>\n<meta property=\"article:modified_time\" content=\"2014-08-18T09:29:35+00:00\" \/>\n<meta name=\"twitter:label1\" content=\"Dur\u00e9e de lecture est.\" \/>\n\t<meta name=\"twitter:data1\" content=\"1 minute\" \/>\n<script type=\"application\/ld+json\" class=\"yoast-schema-graph\">{\"@context\":\"https:\/\/schema.org\",\"@graph\":[{\"@type\":\"WebSite\",\"@id\":\"https:\/\/tomscompany.de\/#website\",\"url\":\"https:\/\/tomscompany.de\/\",\"name\":\"Tom's Drag\",\"description\":\"Living with the Drags\",\"potentialAction\":[{\"@type\":\"SearchAction\",\"target\":\"https:\/\/tomscompany.de\/?s={search_term_string}\",\"query-input\":\"required name=search_term_string\"}],\"inLanguage\":\"fr-FR\"},{\"@type\":\"ImageObject\",\"@id\":\"https:\/\/tomscompany.de\/fr\/entreprise\/#primaryimage\",\"inLanguage\":\"fr-FR\",\"url\":\"https:\/\/tomscompany.de\/wp-content\/uploads\/2014\/06\/header-unternehmen.jpg\",\"contentUrl\":\"https:\/\/tomscompany.de\/wp-content\/uploads\/2014\/06\/header-unternehmen.jpg\"},{\"@type\":\"WebPage\",\"@id\":\"https:\/\/tomscompany.de\/fr\/entreprise\/#webpage\",\"url\":\"https:\/\/tomscompany.de\/fr\/entreprise\/\",\"name\":\"L'entreprise | Tom's Drag\",\"isPartOf\":{\"@id\":\"https:\/\/tomscompany.de\/#website\"},\"primaryImageOfPage\":{\"@id\":\"https:\/\/tomscompany.de\/fr\/entreprise\/#primaryimage\"},\"datePublished\":\"2014-03-07T15:11:16+00:00\",\"dateModified\":\"2014-08-18T09:29:35+00:00\",\"description\":\"TOM\\u00b4S DRAG - OFFICIAL WEBSITE: Sie sind bunt, witzig, schr\\u00e4g: Die Drags sind Leben pur, zeugen von exzentrischer Eigenwilligkeit und sind dabei voller Esprit und au\\u00dfergew\\u00f6hnlichem Charme.\",\"breadcrumb\":{\"@id\":\"https:\/\/tomscompany.de\/fr\/entreprise\/#breadcrumb\"},\"inLanguage\":\"fr-FR\",\"potentialAction\":[{\"@type\":\"ReadAction\",\"target\":[\"https:\/\/tomscompany.de\/fr\/entreprise\/\"]}]},{\"@type\":\"BreadcrumbList\",\"@id\":\"https:\/\/tomscompany.de\/fr\/entreprise\/#breadcrumb\",\"itemListElement\":[{\"@type\":\"ListItem\",\"position\":1,\"item\":{\"@type\":\"WebPage\",\"@id\":\"https:\/\/tomscompany.de\/\",\"url\":\"https:\/\/tomscompany.de\/\",\"name\":\"Home\"}},{\"@type\":\"ListItem\",\"position\":2,\"item\":{\"@id\":\"https:\/\/tomscompany.de\/fr\/entreprise\/#webpage\"}}]}]}<\/script>\n<!-- \/ Yoast SEO plugin. -->","_links":{"self":[{"href":"https:\/\/tomscompany.de\/fr\/wp-json\/wp\/v2\/pages\/1081"}],"collection":[{"href":"https:\/\/tomscompany.de\/fr\/wp-json\/wp\/v2\/pages"}],"about":[{"href":"https:\/\/tomscompany.de\/fr\/wp-json\/wp\/v2\/types\/page"}],"author":[{"embeddable":true,"href":"https:\/\/tomscompany.de\/fr\/wp-json\/wp\/v2\/users\/1"}],"replies":[{"embeddable":true,"href":"https:\/\/tomscompany.de\/fr\/wp-json\/wp\/v2\/comments?post=1081"}],"version-history":[{"count":14,"href":"https:\/\/tomscompany.de\/fr\/wp-json\/wp\/v2\/pages\/1081\/revisions"}],"predecessor-version":[{"id":2431,"href":"https:\/\/tomscompany.de\/fr\/wp-json\/wp\/v2\/pages\/1081\/revisions\/2431"}],"wp:featuredmedia":[{"embeddable":true,"href":"https:\/\/tomscompany.de\/fr\/wp-json\/wp\/v2\/media\/783"}],"wp:attachment":[{"href":"https:\/\/tomscompany.de\/fr\/wp-json\/wp\/v2\/media?parent=1081"}],"curies":[{"name":"wp","href":"https:\/\/api.w.org\/{rel}","templated":true}]}}