{"id":1076,"date":"2014-03-07T17:11:39","date_gmt":"2014-03-07T15:11:39","guid":{"rendered":"http:\/\/localhost\/toms_company\/engagement-2\/"},"modified":"2014-08-18T11:29:22","modified_gmt":"2014-08-18T09:29:22","slug":"engagement-social","status":"publish","type":"page","link":"https:\/\/tomscompany.de\/fr\/engagement-social\/","title":{"rendered":"L&rsquo;engagement social"},"content":{"rendered":"<h1>L&rsquo;engagement social<\/h1>\n<p>La conscience que c&rsquo;est sur nous seuls, que repose la possibilit\u00e9 de changer les choses, nous rend \u00e9galement sensibles au fait qu&rsquo;il y a peu d&rsquo;hommes privil\u00e9gi\u00e9s sur cette terre.<\/p>\n<p>Tout comme nous apportons de la joie aux hommes de par le monde \u00e0 travers nos collections, nous cherchons \u00e0 aider les hommes des pays du Tiers-Monde. Depuis la cr\u00e9ation de notre entreprise, nous avons parrain\u00e9 des enfants de pays sous-d\u00e9velopp\u00e9s. La plupart de ces enfants a d\u00e9j\u00e0 d\u00fb faire face \u00e0 des drames dans leur vie et aurait, sans aide, peu d&rsquo;espoir d&rsquo;un futur meilleur. Souvent, les parents de ces enfants sont s\u00e9par\u00e9s ou morts. Leur faible revenu ne suffit pas \u00e0 nourrir la famille, ni \u00e0 rendre possible l&rsquo;approvisionnement m\u00e9dical n\u00e9cessaire ou une \u00e9ducation de base.<\/p>\n<p>Gr\u00e2ce \u00e0 vous et \u00e0 une organisation comme <a title=\"World Vision \" href=\"http:\/\/www.worldvision.fr\" target=\"_blank\">World Vision<\/a>, nous pouvons partager une part du succ\u00e8s de nos collections avec ces personnes et parainnons entretemps 23 enfants dans le monde entier.<\/p>\n<p>&nbsp;<\/p>\n<h2>Nos enfants parrain\u00e9s sont:<\/h2>\n<div class=\"cf\">\n<div class=\"left-column\">\n<ul>\n<li>Ayelech &#8211; \u00c9thiopie<\/li>\n<li>Nick Roy Tellez &#8211; Bolivie<\/li>\n<li>Thi To Quyen &#8211; Vietnam<\/li>\n<li>Nancy Adhiambo &#8211; Kenia<\/li>\n<li>Sharon &#8211; Zimbabwe<\/li>\n<li>Thi Thu Trang &#8211; Vietnam<\/li>\n<li>Rene Eduardo &#8211; Bolivie<\/li>\n<li>Guisela Bartolo &#8211; Bolivie<\/li>\n<li>Astou &#8211; S\u00e9n\u00e9gal<\/li>\n<li>Saumu Hoseni &#8211; Tansanie<\/li>\n<li>Francis Magdalena &#8211; Honduras<\/li>\n<li>Sotheary &#8211; Cambodge<\/li>\n<\/ul>\n<\/div>\n<div class=\"right-column\">\n<ul>\n<li>Hassimi &#8211; Mali<\/li>\n<li>Tanvir &#8211; Bangladesh<\/li>\n<li>Gadiel A Nolasco &#8211; Guatemala<\/li>\n<li>Van Truong &#8211; Vietnam<\/li>\n<li>Cedric &#8211; Burundi<\/li>\n<li>Byambadulam &#8211; Mongolie<\/li>\n<li>Bassi &#8211; Mali<\/li>\n<li>Leicy Denis Claure &#8211; Bolivie<\/li>\n<li>Wyclife Odoyo &#8211; Kenia<\/li>\n<li>Karsana &#8211; Sri Lanka<\/li>\n<li>Tien Hao &#8211; Vietnam<\/li>\n<\/ul>\n<\/div>\n<\/div>\n<p><img loading=\"lazy\" class=\"aligncenter wp-image-1496 size-full\" src=\"http:\/\/tomscompany.de\/wp-content\/uploads\/2014\/03\/bottom-engagement.jpg\" alt=\"Engagement\" width=\"468\" height=\"299\" srcset=\"https:\/\/tomscompany.de\/wp-content\/uploads\/2014\/03\/bottom-engagement.jpg 468w, https:\/\/tomscompany.de\/wp-content\/uploads\/2014\/03\/bottom-engagement-300x191.jpg 300w\" sizes=\"(max-width: 468px) 100vw, 468px\" \/><\/p>\n","protected":false},"excerpt":{"rendered":"<p>L&rsquo;engagement social La conscience que c&rsquo;est sur nous seuls, que repose la possibilit\u00e9 de changer les choses, nous rend \u00e9galement sensibles au fait qu&rsquo;il y a peu d&rsquo;hommes privil\u00e9gi\u00e9s sur cette terre. Tout comme nous apportons de la joie aux hommes de par le monde \u00e0 travers nos collections, nous cherchons \u00e0 aider les hommes [&hellip;]<\/p>\n","protected":false},"author":1,"featured_media":783,"parent":0,"menu_order":0,"comment_status":"closed","ping_status":"closed","template":"","meta":[],"acf":[],"yoast_head":"<!-- This site is optimized with the Yoast SEO plugin v16.4 - https:\/\/yoast.com\/wordpress\/plugins\/seo\/ -->\n<title>L&#039;engagement social | Tom&#039;s Drag<\/title>\n<meta name=\"description\" content=\"TOM\u00b4S DRAG - OFFICIAL WEBSITE: Sie sind bunt, witzig, schr\u00e4g: Die Drags sind Leben pur, zeugen von exzentrischer Eigenwilligkeit und sind dabei voller Esprit und au\u00dfergew\u00f6hnlichem Charme.\" \/>\n<meta name=\"robots\" content=\"index, follow, max-snippet:-1, max-image-preview:large, max-video-preview:-1\" \/>\n<link rel=\"canonical\" href=\"https:\/\/tomscompany.de\/fr\/engagement-social\/\" \/>\n<meta property=\"og:locale\" content=\"fr_FR\" \/>\n<meta property=\"og:type\" content=\"article\" \/>\n<meta property=\"og:title\" content=\"L&#039;engagement social | Tom&#039;s Drag\" \/>\n<meta property=\"og:description\" content=\"TOM\u00b4S DRAG - OFFICIAL WEBSITE: Sie sind bunt, witzig, schr\u00e4g: Die Drags sind Leben pur, zeugen von exzentrischer Eigenwilligkeit und sind dabei voller Esprit und au\u00dfergew\u00f6hnlichem Charme.\" \/>\n<meta property=\"og:url\" content=\"https:\/\/tomscompany.de\/fr\/engagement-social\/\" \/>\n<meta property=\"og:site_name\" content=\"Tom&#039;s Drag\" \/>\n<meta property=\"article:modified_time\" content=\"2014-08-18T09:29:22+00:00\" \/>\n<meta name=\"twitter:label1\" content=\"Dur\u00e9e de lecture est.\" \/>\n\t<meta name=\"twitter:data1\" content=\"1 minute\" \/>\n<script type=\"application\/ld+json\" class=\"yoast-schema-graph\">{\"@context\":\"https:\/\/schema.org\",\"@graph\":[{\"@type\":\"WebSite\",\"@id\":\"https:\/\/tomscompany.de\/#website\",\"url\":\"https:\/\/tomscompany.de\/\",\"name\":\"Tom's Drag\",\"description\":\"Living with the Drags\",\"potentialAction\":[{\"@type\":\"SearchAction\",\"target\":\"https:\/\/tomscompany.de\/?s={search_term_string}\",\"query-input\":\"required name=search_term_string\"}],\"inLanguage\":\"fr-FR\"},{\"@type\":\"ImageObject\",\"@id\":\"https:\/\/tomscompany.de\/fr\/engagement-social\/#primaryimage\",\"inLanguage\":\"fr-FR\",\"url\":\"https:\/\/tomscompany.de\/wp-content\/uploads\/2014\/06\/header-unternehmen.jpg\",\"contentUrl\":\"https:\/\/tomscompany.de\/wp-content\/uploads\/2014\/06\/header-unternehmen.jpg\"},{\"@type\":\"WebPage\",\"@id\":\"https:\/\/tomscompany.de\/fr\/engagement-social\/#webpage\",\"url\":\"https:\/\/tomscompany.de\/fr\/engagement-social\/\",\"name\":\"L'engagement social | Tom's Drag\",\"isPartOf\":{\"@id\":\"https:\/\/tomscompany.de\/#website\"},\"primaryImageOfPage\":{\"@id\":\"https:\/\/tomscompany.de\/fr\/engagement-social\/#primaryimage\"},\"datePublished\":\"2014-03-07T15:11:39+00:00\",\"dateModified\":\"2014-08-18T09:29:22+00:00\",\"description\":\"TOM\\u00b4S DRAG - OFFICIAL WEBSITE: Sie sind bunt, witzig, schr\\u00e4g: Die Drags sind Leben pur, zeugen von exzentrischer Eigenwilligkeit und sind dabei voller Esprit und au\\u00dfergew\\u00f6hnlichem Charme.\",\"breadcrumb\":{\"@id\":\"https:\/\/tomscompany.de\/fr\/engagement-social\/#breadcrumb\"},\"inLanguage\":\"fr-FR\",\"potentialAction\":[{\"@type\":\"ReadAction\",\"target\":[\"https:\/\/tomscompany.de\/fr\/engagement-social\/\"]}]},{\"@type\":\"BreadcrumbList\",\"@id\":\"https:\/\/tomscompany.de\/fr\/engagement-social\/#breadcrumb\",\"itemListElement\":[{\"@type\":\"ListItem\",\"position\":1,\"item\":{\"@type\":\"WebPage\",\"@id\":\"https:\/\/tomscompany.de\/\",\"url\":\"https:\/\/tomscompany.de\/\",\"name\":\"Home\"}},{\"@type\":\"ListItem\",\"position\":2,\"item\":{\"@id\":\"https:\/\/tomscompany.de\/fr\/engagement-social\/#webpage\"}}]}]}<\/script>\n<!-- \/ Yoast SEO plugin. -->","_links":{"self":[{"href":"https:\/\/tomscompany.de\/fr\/wp-json\/wp\/v2\/pages\/1076"}],"collection":[{"href":"https:\/\/tomscompany.de\/fr\/wp-json\/wp\/v2\/pages"}],"about":[{"href":"https:\/\/tomscompany.de\/fr\/wp-json\/wp\/v2\/types\/page"}],"author":[{"embeddable":true,"href":"https:\/\/tomscompany.de\/fr\/wp-json\/wp\/v2\/users\/1"}],"replies":[{"embeddable":true,"href":"https:\/\/tomscompany.de\/fr\/wp-json\/wp\/v2\/comments?post=1076"}],"version-history":[{"count":12,"href":"https:\/\/tomscompany.de\/fr\/wp-json\/wp\/v2\/pages\/1076\/revisions"}],"predecessor-version":[{"id":2430,"href":"https:\/\/tomscompany.de\/fr\/wp-json\/wp\/v2\/pages\/1076\/revisions\/2430"}],"wp:featuredmedia":[{"embeddable":true,"href":"https:\/\/tomscompany.de\/fr\/wp-json\/wp\/v2\/media\/783"}],"wp:attachment":[{"href":"https:\/\/tomscompany.de\/fr\/wp-json\/wp\/v2\/media?parent=1076"}],"curies":[{"name":"wp","href":"https:\/\/api.w.org\/{rel}","templated":true}]}}