{"id":721,"date":"2014-06-18T14:24:23","date_gmt":"2014-06-18T12:24:23","guid":{"rendered":"http:\/\/localhost\/toms_company\/?page_id=721"},"modified":"2014-08-14T11:31:55","modified_gmt":"2014-08-14T09:31:55","slug":"company","status":"publish","type":"page","link":"https:\/\/tomscompany.de\/en-US\/company\/","title":{"rendered":"Company"},"content":{"rendered":"<h1>Tom\u00b4s Drag\u00ae &#8211; a very personal gift idea evolved into a world-wide sensation<\/h1>\n<p><img loading=\"lazy\" class=\"alignleft wp-image-1323 size-full\" src=\"http:\/\/tomscompany.de\/wp-content\/uploads\/2014\/03\/vespa-tom-arno-side.jpg\" alt=\"vespa-tom-arno\" width=\"363\" height=\"438\" srcset=\"https:\/\/tomscompany.de\/wp-content\/uploads\/2014\/03\/vespa-tom-arno-side.jpg 363w, https:\/\/tomscompany.de\/wp-content\/uploads\/2014\/03\/vespa-tom-arno-side-248x300.jpg 248w\" sizes=\"(max-width: 363px) 100vw, 363px\" \/><br \/>\n&nbsp;<\/p>\n<p>A story of success started some years ago. It actually began with a disaster, when the world was frozen in a state of a collective shock after 9-11 2001. The German artist Tom Hoffmann (1956 \u2013 2012) wanted to create something completely different that would give a feeling of optimism and joie de vivre. His first hand-painted \u201cdrags\u201d were made as a gift for his friends and family. They were so well received that the \u201cDrag\u201d-fan community is now spread all over the world.<\/p>\n<p>&nbsp;<\/p>\n<h1><\/h1>\n<h1><\/h1>\n<h1>On Tom\u00b4s Company GmbH<\/h1>\n<p>Tom\u00b4s Company was established in 1988 by Thomas &#8220;Tom&#8221; Hoffmann und Arno M\u00fcller in Sulzbach-Saar, Germany. Since Tom\u00b4s sudden and unexpected death in February 2012, the company business and common lifework are managed by Arno M\u00fcller and his team. The company creates and distributes Tom\u2019s Drags\u00ae &#8211; a designer collection of unique objects and accessories. Today, there are around 80 employees worldwide working for Tom\u00b4s Company as well as a tight net of distribution partners in Europe and overseas. Three quarters of the sales come from the export market.<\/p>\n<p>&nbsp;<\/p>\n","protected":false},"excerpt":{"rendered":"<p>Tom\u00b4s Drag\u00ae &#8211; a very personal gift idea evolved into a world-wide sensation &nbsp; A story of success started some years ago. It actually began with a disaster, when the world was frozen in a state of a collective shock after 9-11 2001. The German artist Tom Hoffmann (1956 \u2013 2012) wanted to create something [&hellip;]<\/p>\n","protected":false},"author":1,"featured_media":785,"parent":0,"menu_order":0,"comment_status":"closed","ping_status":"closed","template":"","meta":[],"acf":[],"yoast_head":"<!-- This site is optimized with the Yoast SEO plugin v16.4 - https:\/\/yoast.com\/wordpress\/plugins\/seo\/ -->\n<title>Company | Tom&#039;s Drag<\/title>\n<meta name=\"description\" content=\"TOM\u00b4S DRAG - OFFICIAL WEBSITE: Sie sind bunt, witzig, schr\u00e4g: Die Drags sind Leben pur, zeugen von exzentrischer Eigenwilligkeit und sind dabei voller Esprit und au\u00dfergew\u00f6hnlichem Charme.\" \/>\n<meta name=\"robots\" content=\"index, follow, max-snippet:-1, max-image-preview:large, max-video-preview:-1\" \/>\n<link rel=\"canonical\" href=\"https:\/\/tomscompany.de\/en-US\/company\/\" \/>\n<meta property=\"og:locale\" content=\"en_US\" \/>\n<meta property=\"og:type\" content=\"article\" \/>\n<meta property=\"og:title\" content=\"Company | Tom&#039;s Drag\" \/>\n<meta property=\"og:description\" content=\"TOM\u00b4S DRAG - OFFICIAL WEBSITE: Sie sind bunt, witzig, schr\u00e4g: Die Drags sind Leben pur, zeugen von exzentrischer Eigenwilligkeit und sind dabei voller Esprit und au\u00dfergew\u00f6hnlichem Charme.\" \/>\n<meta property=\"og:url\" content=\"https:\/\/tomscompany.de\/en-US\/company\/\" \/>\n<meta property=\"og:site_name\" content=\"Tom&#039;s Drag\" \/>\n<meta property=\"article:modified_time\" content=\"2014-08-14T09:31:55+00:00\" \/>\n<meta name=\"twitter:label1\" content=\"Est. reading time\" \/>\n\t<meta name=\"twitter:data1\" content=\"1 minute\" \/>\n<script type=\"application\/ld+json\" class=\"yoast-schema-graph\">{\"@context\":\"https:\/\/schema.org\",\"@graph\":[{\"@type\":\"WebSite\",\"@id\":\"https:\/\/tomscompany.de\/#website\",\"url\":\"https:\/\/tomscompany.de\/\",\"name\":\"Tom&#039;s Drag\",\"description\":\"Living with the Drags\",\"potentialAction\":[{\"@type\":\"SearchAction\",\"target\":\"https:\/\/tomscompany.de\/?s={search_term_string}\",\"query-input\":\"required name=search_term_string\"}],\"inLanguage\":\"en-US\"},{\"@type\":\"ImageObject\",\"@id\":\"https:\/\/tomscompany.de\/en-US\/company\/#primaryimage\",\"inLanguage\":\"en-US\",\"url\":\"https:\/\/tomscompany.de\/wp-content\/uploads\/2014\/06\/header-unternehmen.jpg\",\"contentUrl\":\"https:\/\/tomscompany.de\/wp-content\/uploads\/2014\/06\/header-unternehmen.jpg\"},{\"@type\":\"WebPage\",\"@id\":\"https:\/\/tomscompany.de\/en-US\/company\/#webpage\",\"url\":\"https:\/\/tomscompany.de\/en-US\/company\/\",\"name\":\"Company | Tom's Drag\",\"isPartOf\":{\"@id\":\"https:\/\/tomscompany.de\/#website\"},\"primaryImageOfPage\":{\"@id\":\"https:\/\/tomscompany.de\/en-US\/company\/#primaryimage\"},\"datePublished\":\"2014-06-18T12:24:23+00:00\",\"dateModified\":\"2014-08-14T09:31:55+00:00\",\"description\":\"TOM\\u00b4S DRAG - OFFICIAL WEBSITE: Sie sind bunt, witzig, schr\\u00e4g: Die Drags sind Leben pur, zeugen von exzentrischer Eigenwilligkeit und sind dabei voller Esprit und au\\u00dfergew\\u00f6hnlichem Charme.\",\"breadcrumb\":{\"@id\":\"https:\/\/tomscompany.de\/en-US\/company\/#breadcrumb\"},\"inLanguage\":\"en-US\",\"potentialAction\":[{\"@type\":\"ReadAction\",\"target\":[\"https:\/\/tomscompany.de\/en-US\/company\/\"]}]},{\"@type\":\"BreadcrumbList\",\"@id\":\"https:\/\/tomscompany.de\/en-US\/company\/#breadcrumb\",\"itemListElement\":[{\"@type\":\"ListItem\",\"position\":1,\"item\":{\"@type\":\"WebPage\",\"@id\":\"https:\/\/tomscompany.de\/\",\"url\":\"https:\/\/tomscompany.de\/\",\"name\":\"Home\"}},{\"@type\":\"ListItem\",\"position\":2,\"item\":{\"@id\":\"https:\/\/tomscompany.de\/en-US\/company\/#webpage\"}}]}]}<\/script>\n<!-- \/ Yoast SEO plugin. -->","_links":{"self":[{"href":"https:\/\/tomscompany.de\/en-US\/wp-json\/wp\/v2\/pages\/721"}],"collection":[{"href":"https:\/\/tomscompany.de\/en-US\/wp-json\/wp\/v2\/pages"}],"about":[{"href":"https:\/\/tomscompany.de\/en-US\/wp-json\/wp\/v2\/types\/page"}],"author":[{"embeddable":true,"href":"https:\/\/tomscompany.de\/en-US\/wp-json\/wp\/v2\/users\/1"}],"replies":[{"embeddable":true,"href":"https:\/\/tomscompany.de\/en-US\/wp-json\/wp\/v2\/comments?post=721"}],"version-history":[{"count":15,"href":"https:\/\/tomscompany.de\/en-US\/wp-json\/wp\/v2\/pages\/721\/revisions"}],"predecessor-version":[{"id":2330,"href":"https:\/\/tomscompany.de\/en-US\/wp-json\/wp\/v2\/pages\/721\/revisions\/2330"}],"wp:featuredmedia":[{"embeddable":true,"href":"https:\/\/tomscompany.de\/en-US\/wp-json\/wp\/v2\/media\/785"}],"wp:attachment":[{"href":"https:\/\/tomscompany.de\/en-US\/wp-json\/wp\/v2\/media?parent=721"}],"curies":[{"name":"wp","href":"https:\/\/api.w.org\/{rel}","templated":true}]}}