{"id":718,"date":"2014-06-18T14:22:04","date_gmt":"2014-06-18T12:22:04","guid":{"rendered":"http:\/\/localhost\/toms_company\/?page_id=718"},"modified":"2014-08-18T11:26:57","modified_gmt":"2014-08-18T09:26:57","slug":"faq","status":"publish","type":"page","link":"https:\/\/tomscompany.de\/en-US\/faq\/","title":{"rendered":"FAQ"},"content":{"rendered":"<h1>FAQ \u2013 Frequently Asked Questions<\/h1>\n<div id=\"faq-1129\" class=\"arconix-faq-wrap\"><div id=\"faq-IamnotaretailerCanIbuytheDragsdirectlyfromTom8217sCompany\" class=\"arconix-faq-title faq-closed\">I am not a retailer. Can I buy the Drags directly from Tom&#8217;s Company?<\/div><div class=\"arconix-faq-content faq-closed\"><p>For countries and regions where there is no retailer carrying our collection we\u00b4ll be happy t<span style=\"color: #000000;\">o try and<\/span><strong><span style=\"color: #ff0000;\"> supply you direct.<\/span> <\/strong><span style=\"color: #000000;\">Check out our <strong>OFFICIAL TOM\u00b4S DRAG ONLINE<\/strong><span style=\"color: #993366;\"><span style=\"color: #000000;\"><strong> SHOP<\/strong><\/span><strong> <span style=\"color: #333333;\">at<\/span><\/strong> <span style=\"color: #000000;\"><a href=\"http:\/\/www.shop-tomsdrag.de\" target=\"_blank\" rel=\"noopener noreferrer\"><span style=\"color: #000000;\"><strong><span style=\"color: #ff0000;\">www.shop-tomsdrag.de<\/span><\/strong><\/span><\/a><\/span> <\/span><span style=\"color: #000000;\">with all available Tom\u00b4s Drag items.<\/span> <\/span>In order to find out if a shipment to your country is possible, please <a href=\"https:\/\/tomscompany.de\/en-US\/contact\/\">get in touch with us\u00a0\u00a0\u00a0\u00a0 <\/a><\/p>\n<p>Moreover we have our <strong><span style=\"color: #ff0000;\">showroom<\/span><\/strong> in 66578 Schiffweiler, Germany (in Saarland near the French border: 50 km west of Kaiserslautern and 170 km west of Frankfurt, 90 km south of Luxemburg) which opens its doors to Tom\u00b4s Drag fans and collectors <span style=\"color: #ff0000;\"><strong>every first Saturday of the month from 10 am to 3 pm<\/strong><\/span><span style=\"color: #000000;\">:<\/span> There you will find not only the current Tom\u00b4s Drag Collection but also some interesting remaining stock items and second quality goods. We look forward to seeing you there! <\/p>\n<p>Address: Tom\u00b4s Company GmbH, Knappenweg 6, 66578 Schiffweiler<\/p>\n<\/div><\/div><div id=\"faq-1126\" class=\"arconix-faq-wrap\"><div id=\"faq-WherecanwebuyTom8217sDragCollection\" class=\"arconix-faq-title faq-closed\">Where can we buy Tom&#8217;s Drag Collection?<\/div><div class=\"arconix-faq-content faq-closed\"><p>1.\u00a0\u00a0\u00a0 You can buy Tom\u2019s Drag Collection<span style=\"color: #ff0000;\"><strong> in selected retail stores.<\/strong><\/span> Ultimately, if an article from the collection is not in stock there, our retail partners can usually arrange to order it for you. We are happy to give you details of the retailer closest to you. Just <a href=\"https:\/\/tomscompany.de\/en-US\/contact\/\">get in touch with us<\/a> .<\/p>\n<p>2.\u00a0\u00a0\u00a0 For countries and regions where there is no retailer carrying our collection we\u00b4ll be happy t<span style=\"color: #000000;\">o try and<\/span><strong><span style=\"color: #ff0000;\"> supply you direct.<\/span> <\/strong><span style=\"color: #000000;\">Check out our <span style=\"color: #993366;\"><strong><span style=\"color: #000000;\">OFFICIAL TOM\u00b4S DRAG ONLINE SHOP at<\/span> <span style=\"color: #000000;\"><a href=\"http:\/\/www.shop-tomsdrag.de\" target=\"_blank\" rel=\"noopener noreferrer\"><span style=\"color: #000000;\"><strong><span style=\"color: #ff0000;\">www.shop-tomsdrag.de<\/span><\/strong><\/span><\/a><\/span><\/strong><\/span> <span style=\"color: #000000;\">with all available Tom\u00b4s Drag items.<\/span> <\/span>In order to find out if a shipment to your country is possible, please <a href=\"https:\/\/tomscompany.de\/en-US\/contact\/\">get in touch with us\u00a0\u00a0\u00a0\u00a0 <\/a><\/p>\n<p>3.\u00a0\u00a0\u00a0 Moreover, our<strong><span style=\"color: #ff0000;\"> showroom<\/span><\/strong> in 66578 Schiffweiler, Germany (in Saarland near the French border: 50 km west of Kaiserslautern and 170 km west of Frankfurt, 90 km south of Luxemburg) opens its doors to Tom\u00b4s Drag fans and collectors <strong><span style=\"color: #ff0000;\">every first Saturday of the month from 10 am to 3 pm<\/span><\/strong><span style=\"color: #000000;\">:<\/span> There you will find not only the current Tom\u00b4s Drag Collection but also some interesting remaining stock items and second quality goods. We look forward to seeing you there. <\/p>\n<p>Address: Tom\u00b4s Company GmbH, Knappenweg 6, DE-66578 Schiffweiler<\/p>\n<\/div><\/div><div id=\"faq-1123\" class=\"arconix-faq-wrap\"><div id=\"faq-HowcanIseethewholeTomsDragcollection\" class=\"arconix-faq-title faq-closed\">How can I see the whole Tom\u00b4s Drag collection?<\/div><div class=\"arconix-faq-content faq-closed\"><p>1.\u00a0\u00a0\u00a0 You can download our current catalog with the complete collection (in the category &#8220;catalog&#8221;) or get in touch with our retailers. They will be happy to show you their assortment and answer any of your questions.<\/p>\n<p>2.\u00a0\u00a0\u00a0 For countries and regions where there is no retailer carrying our collection we\u00b4ll be happy t<span style=\"color: #000000;\">o try and<\/span><strong><span style=\"color: #ff0000;\"> supply you direct.<\/span> <\/strong><span style=\"color: #000000;\">Check out our <span style=\"color: #000000;\"><span style=\"color: #993366;\"><span style=\"color: #000000;\"><strong>OFFICIAL TOM\u00b4S DRAG ONLINE SHOP<\/strong><\/span> <span style=\"color: #000000;\">at<\/span> <strong><span style=\"color: #000000;\"><a href=\"http:\/\/www.shop-tomsdrag.de\" target=\"_blank\" rel=\"noopener noreferrer\"><span style=\"color: #000000;\"><strong><span style=\"color: #ff0000;\">www.shop-tomsdrag.de<\/span><\/strong><\/span><\/a><\/span><\/strong><\/span><\/span> with all available Tom\u00b4s Drag items. <\/span>In order to find out if a shipment to your country is possible, please <a href=\"https:\/\/tomscompany.de\/en-US\/contact\/\">get in touch with us\u00a0\u00a0\u00a0\u00a0 <\/a><\/p>\n<p>3.\u00a0\u00a0\u00a0 Moreover, our showroom at 66578 Schiffweiler, Germany (in Saarland near the French border: 50 km west of Kaiserslautern and 170 km west of Frankfurt, 90 km south of Luxemburg) <strong><span style=\"color: #ff0000;\">opens its doors<\/span> <\/strong>to Tom\u00b4s Drag fans and collectors <strong><span style=\"color: #ff0000;\">every first Saturday of the month from 10 am to 3 pm<\/span><\/strong>: There you will find not only the current Tom\u00b4s Drag Collection but also some interesting remaining stock items and second quality goods.<\/p>\n<p>Address: Tom\u00b4s Company GmbH, Knappenweg 6, DE-66578 Schiffweiler<\/p>\n<\/div><\/div><div id=\"faq-1120\" class=\"arconix-faq-wrap\"><div id=\"faq-Whatmaterialsareused\" class=\"arconix-faq-title faq-closed\">What materials are used?<\/div><div class=\"arconix-faq-content faq-closed\"><p>For the objects of Tom\u00b4s Drag collection, we use only the best quality materials and paints. The basic material used for most of our products is marmorin, a material created from marble and synthetic resin. The original sculpture is then modelled in this material and after the drying process it is lovingly painted by hand down to its most insignificant detail, making each piece unique. Other items of Tom\u00b4s Drag Collection, like the Drag Cabinets for example, are built in MDF and \/ or wood. Larger figurines and bowls are made from fiberglass with a coating of marmorin.<\/p>\n<\/div><\/div><div id=\"faq-716\" class=\"arconix-faq-wrap\"><div id=\"faq-AreTom8217sDragsweatherproof\" class=\"arconix-faq-title faq-closed\">Are Tom&#8217;s Drags weatherproof?<\/div><div class=\"arconix-faq-content faq-closed\"><p>Unless it says otherwise, Tom&#8217;s Drag collections are designed primarily for interiors, and are not weatherproof. The cold isn&#8217;t a problem for our products as long as you put them on covered balconies or terraces, in places protected from the weather, but be careful with the colored objects; when exposed to the sun for a long time, they can lose their colors and shininess.<\/p>\n<\/div><\/div><div id=\"faq-1115\" class=\"arconix-faq-wrap\"><div id=\"faq-AretheTom8217sDragsfoodsafe\" class=\"arconix-faq-title faq-closed\">Are the Tom&#8217;s Drags food safe?<\/div><div class=\"arconix-faq-content faq-closed\"><p>Unless stated otherwise, most art pieces in Tom&#8217;s Drag Collection are not food safe.<\/p>\n<\/div><\/div><div id=\"faq-1112\" class=\"arconix-faq-wrap\"><div id=\"faq-Whatdoes8220Drag8221mean\" class=\"arconix-faq-title faq-closed\">What does &#8220;Drag&#8221; mean?<\/div><div class=\"arconix-faq-content faq-closed\"><p>The word \u201cDrag\u201d has different meanings. Firstly, it refers to the \u201cdrag queens\u201d where flamboyant men wear fanciful women\u00b4s costumes. Secondly, there is \u201cdrag racing\u201d where fast and hot cars race the quarter mile. Both represent individualism and energy which are the driving forces behind the creations of Tom\u00b4Drag\u00ae.<\/p>\n<\/div><\/div><div id=\"faq-1109\" class=\"arconix-faq-wrap\"><div id=\"faq-IamaretailerandIwouldliketohaveTom8217sDragCollectioninmyshop\" class=\"arconix-faq-title faq-closed\">I am a retailer and I would like to have Tom&#8217;s Drag Collection in my shop.<\/div><div class=\"arconix-faq-content faq-closed\"><p>Send us an <a title=\"Contact\" href=\"https:\/\/tomscompany.de\/en-US\/contact\/\">email<\/a> so that our partners can get in touch with you.<\/p>\n<\/div><\/div><div id=\"faq-1106\" class=\"arconix-faq-wrap\"><div id=\"faq-Myquestionisnotinthelistabove\" class=\"arconix-faq-title faq-closed\">My question is not in the list above.<\/div><div class=\"arconix-faq-content faq-closed\"><p>No problem, just <a title=\"Contact\" href=\"https:\/\/tomscompany.de\/en-US\/contact\/\">get in touch with us<\/a> in order to answer your questions.<\/p>\n<\/div><\/div>\n","protected":false},"excerpt":{"rendered":"<p>FAQ \u2013 Frequently Asked Questions<\/p>\n","protected":false},"author":1,"featured_media":827,"parent":0,"menu_order":0,"comment_status":"closed","ping_status":"closed","template":"","meta":[],"acf":[],"yoast_head":"<!-- This site is optimized with the Yoast SEO plugin v16.4 - https:\/\/yoast.com\/wordpress\/plugins\/seo\/ -->\n<title>FAQ | Tom&#039;s Drag<\/title>\n<meta name=\"description\" content=\"TOM\u00b4S DRAG - OFFICIAL WEBSITE: Sie sind bunt, witzig, schr\u00e4g: Die Drags sind Leben pur, zeugen von exzentrischer Eigenwilligkeit und sind dabei voller Esprit und au\u00dfergew\u00f6hnlichem Charme.\" \/>\n<meta name=\"robots\" content=\"index, follow, max-snippet:-1, max-image-preview:large, max-video-preview:-1\" \/>\n<link rel=\"canonical\" href=\"https:\/\/tomscompany.de\/en-US\/faq\/\" \/>\n<meta property=\"og:locale\" content=\"en_US\" \/>\n<meta property=\"og:type\" content=\"article\" \/>\n<meta property=\"og:title\" content=\"FAQ | Tom&#039;s Drag\" \/>\n<meta property=\"og:description\" content=\"TOM\u00b4S DRAG - OFFICIAL WEBSITE: Sie sind bunt, witzig, schr\u00e4g: Die Drags sind Leben pur, zeugen von exzentrischer Eigenwilligkeit und sind dabei voller Esprit und au\u00dfergew\u00f6hnlichem Charme.\" \/>\n<meta property=\"og:url\" content=\"https:\/\/tomscompany.de\/en-US\/faq\/\" \/>\n<meta property=\"og:site_name\" content=\"Tom&#039;s Drag\" \/>\n<meta property=\"article:modified_time\" content=\"2014-08-18T09:26:57+00:00\" \/>\n<script type=\"application\/ld+json\" class=\"yoast-schema-graph\">{\"@context\":\"https:\/\/schema.org\",\"@graph\":[{\"@type\":\"WebSite\",\"@id\":\"https:\/\/tomscompany.de\/#website\",\"url\":\"https:\/\/tomscompany.de\/\",\"name\":\"Tom&#039;s Drag\",\"description\":\"Living with the Drags\",\"potentialAction\":[{\"@type\":\"SearchAction\",\"target\":\"https:\/\/tomscompany.de\/?s={search_term_string}\",\"query-input\":\"required name=search_term_string\"}],\"inLanguage\":\"en-US\"},{\"@type\":\"ImageObject\",\"@id\":\"https:\/\/tomscompany.de\/en-US\/faq\/#primaryimage\",\"inLanguage\":\"en-US\",\"url\":\"https:\/\/tomscompany.de\/wp-content\/uploads\/2014\/06\/header-faq.jpg\",\"contentUrl\":\"https:\/\/tomscompany.de\/wp-content\/uploads\/2014\/06\/header-faq.jpg\"},{\"@type\":\"WebPage\",\"@id\":\"https:\/\/tomscompany.de\/en-US\/faq\/#webpage\",\"url\":\"https:\/\/tomscompany.de\/en-US\/faq\/\",\"name\":\"FAQ | Tom's Drag\",\"isPartOf\":{\"@id\":\"https:\/\/tomscompany.de\/#website\"},\"primaryImageOfPage\":{\"@id\":\"https:\/\/tomscompany.de\/en-US\/faq\/#primaryimage\"},\"datePublished\":\"2014-06-18T12:22:04+00:00\",\"dateModified\":\"2014-08-18T09:26:57+00:00\",\"description\":\"TOM\\u00b4S DRAG - OFFICIAL WEBSITE: Sie sind bunt, witzig, schr\\u00e4g: Die Drags sind Leben pur, zeugen von exzentrischer Eigenwilligkeit und sind dabei voller Esprit und au\\u00dfergew\\u00f6hnlichem Charme.\",\"breadcrumb\":{\"@id\":\"https:\/\/tomscompany.de\/en-US\/faq\/#breadcrumb\"},\"inLanguage\":\"en-US\",\"potentialAction\":[{\"@type\":\"ReadAction\",\"target\":[\"https:\/\/tomscompany.de\/en-US\/faq\/\"]}]},{\"@type\":\"BreadcrumbList\",\"@id\":\"https:\/\/tomscompany.de\/en-US\/faq\/#breadcrumb\",\"itemListElement\":[{\"@type\":\"ListItem\",\"position\":1,\"item\":{\"@type\":\"WebPage\",\"@id\":\"https:\/\/tomscompany.de\/\",\"url\":\"https:\/\/tomscompany.de\/\",\"name\":\"Home\"}},{\"@type\":\"ListItem\",\"position\":2,\"item\":{\"@id\":\"https:\/\/tomscompany.de\/en-US\/faq\/#webpage\"}}]}]}<\/script>\n<!-- \/ Yoast SEO plugin. -->","_links":{"self":[{"href":"https:\/\/tomscompany.de\/en-US\/wp-json\/wp\/v2\/pages\/718"}],"collection":[{"href":"https:\/\/tomscompany.de\/en-US\/wp-json\/wp\/v2\/pages"}],"about":[{"href":"https:\/\/tomscompany.de\/en-US\/wp-json\/wp\/v2\/types\/page"}],"author":[{"embeddable":true,"href":"https:\/\/tomscompany.de\/en-US\/wp-json\/wp\/v2\/users\/1"}],"replies":[{"embeddable":true,"href":"https:\/\/tomscompany.de\/en-US\/wp-json\/wp\/v2\/comments?post=718"}],"version-history":[{"count":2,"href":"https:\/\/tomscompany.de\/en-US\/wp-json\/wp\/v2\/pages\/718\/revisions"}],"predecessor-version":[{"id":1390,"href":"https:\/\/tomscompany.de\/en-US\/wp-json\/wp\/v2\/pages\/718\/revisions\/1390"}],"wp:featuredmedia":[{"embeddable":true,"href":"https:\/\/tomscompany.de\/en-US\/wp-json\/wp\/v2\/media\/827"}],"wp:attachment":[{"href":"https:\/\/tomscompany.de\/en-US\/wp-json\/wp\/v2\/media?parent=718"}],"curies":[{"name":"wp","href":"https:\/\/api.w.org\/{rel}","templated":true}]}}