{"id":1233,"date":"2014-03-07T17:11:39","date_gmt":"2014-03-07T15:11:39","guid":{"rendered":"http:\/\/localhost\/toms_company\/engagement-2\/"},"modified":"2014-08-19T09:59:11","modified_gmt":"2014-08-19T07:59:11","slug":"social-engagement","status":"publish","type":"page","link":"https:\/\/tomscompany.de\/en-US\/social-engagement\/","title":{"rendered":"Social Engagement"},"content":{"rendered":"<h1>Our social engagement<\/h1>\n<p>Being among the few privileged people on this earth, we hold the key to change.<\/p>\n<p>Just as we bring joy to people around the world through our collections, we seek through our work to help people from Third World countries. Since the creation of our firm, we have sponsored children from underdeveloped countries. Most of these children have already experienced much drama in their lives and, without help, would have little hope for a better future. Often, these children&#8217;s parents are separated or dead, and the little income they get isn&#8217;t enough to feed the family or to make basic medical care or education possible.<\/p>\n<p>Thanks to you and to an organisation such as <a title=\"World Vision \" href=\"http:\/\/www.worldvision.org\" target=\"_blank\">World Vision<\/a>, we can share part of the success of our Tom\u00b4s Drag collections with these people and we are now supporting 23 children all over the world.<\/p>\n<h2>Our sponsored children are:<\/h2>\n<div class=\"cf\">\n<div class=\"left-column\">\n<ul>\n<li>Ayelech from Ethiopia<\/li>\n<li>Nick Roy Tellez from Bolivia<\/li>\n<li>Thi To Quyen from Vietnam<\/li>\n<li>Nancy Adhiambo from Kenya<\/li>\n<li>Sharon from Zimbabwe<\/li>\n<li>Thi Thu Trang from Vietnam<\/li>\n<li>Rene Eduardo from Bolivia<\/li>\n<li>Guisela Bartolo from Bolivia<\/li>\n<li>Astou from Senegal<\/li>\n<li>Saumu Hoseni from Tanzania<\/li>\n<li>Francis Magdalena from Honduras<\/li>\n<li>Sotheary from Cambodia<\/li>\n<\/ul>\n<\/div>\n<div class=\"right-column\">\n<ul>\n<li>Hassimi from Mali<\/li>\n<li>Tanvir from Bangladesh<\/li>\n<li>Gadiel A Nolasco from Guatemala<\/li>\n<li>Van Truong from Vietnam<\/li>\n<li>Cedric from Burundi<\/li>\n<li>Byambadulam from Mongolia<\/li>\n<li>Bassi from Mali<\/li>\n<li>Leicy Denis Claure from Bolivia<\/li>\n<li>Wyclife Odoyo from Kenya<\/li>\n<li>Karsana from Sri Lanka<\/li>\n<li>Tien Hao from Vietnam<\/li>\n<\/ul>\n<\/div>\n<\/div>\n<p><img loading=\"lazy\" class=\"aligncenter wp-image-1496 size-full\" src=\"http:\/\/tomscompany.de\/wp-content\/uploads\/2014\/03\/bottom-engagement.jpg\" alt=\"Engagement\" width=\"468\" height=\"299\" srcset=\"https:\/\/tomscompany.de\/wp-content\/uploads\/2014\/03\/bottom-engagement.jpg 468w, https:\/\/tomscompany.de\/wp-content\/uploads\/2014\/03\/bottom-engagement-300x191.jpg 300w\" sizes=\"(max-width: 468px) 100vw, 468px\" \/><\/p>\n","protected":false},"excerpt":{"rendered":"<p>Our social engagement Being among the few privileged people on this earth, we hold the key to change. Just as we bring joy to people around the world through our collections, we seek through our work to help people from Third World countries. Since the creation of our firm, we have sponsored children from underdeveloped [&hellip;]<\/p>\n","protected":false},"author":1,"featured_media":785,"parent":0,"menu_order":0,"comment_status":"closed","ping_status":"closed","template":"","meta":[],"acf":[],"yoast_head":"<!-- This site is optimized with the Yoast SEO plugin v16.4 - https:\/\/yoast.com\/wordpress\/plugins\/seo\/ -->\n<title>Social Engagement | Tom&#039;s Drag<\/title>\n<meta name=\"description\" content=\"TOM\u00b4S DRAG - OFFICIAL WEBSITE: Sie sind bunt, witzig, schr\u00e4g: Die Drags sind Leben pur, zeugen von exzentrischer Eigenwilligkeit und sind dabei voller Esprit und au\u00dfergew\u00f6hnlichem Charme.\" \/>\n<meta name=\"robots\" content=\"index, follow, max-snippet:-1, max-image-preview:large, max-video-preview:-1\" \/>\n<link rel=\"canonical\" href=\"https:\/\/tomscompany.de\/en-US\/social-engagement\/\" \/>\n<meta property=\"og:locale\" content=\"en_US\" \/>\n<meta property=\"og:type\" content=\"article\" \/>\n<meta property=\"og:title\" content=\"Social Engagement | Tom&#039;s Drag\" \/>\n<meta property=\"og:description\" content=\"TOM\u00b4S DRAG - OFFICIAL WEBSITE: Sie sind bunt, witzig, schr\u00e4g: Die Drags sind Leben pur, zeugen von exzentrischer Eigenwilligkeit und sind dabei voller Esprit und au\u00dfergew\u00f6hnlichem Charme.\" \/>\n<meta property=\"og:url\" content=\"https:\/\/tomscompany.de\/en-US\/social-engagement\/\" \/>\n<meta property=\"og:site_name\" content=\"Tom&#039;s Drag\" \/>\n<meta property=\"article:modified_time\" content=\"2014-08-19T07:59:11+00:00\" \/>\n<meta name=\"twitter:label1\" content=\"Est. reading time\" \/>\n\t<meta name=\"twitter:data1\" content=\"1 minute\" \/>\n<script type=\"application\/ld+json\" class=\"yoast-schema-graph\">{\"@context\":\"https:\/\/schema.org\",\"@graph\":[{\"@type\":\"WebSite\",\"@id\":\"https:\/\/tomscompany.de\/#website\",\"url\":\"https:\/\/tomscompany.de\/\",\"name\":\"Tom&#039;s Drag\",\"description\":\"Living with the Drags\",\"potentialAction\":[{\"@type\":\"SearchAction\",\"target\":\"https:\/\/tomscompany.de\/?s={search_term_string}\",\"query-input\":\"required name=search_term_string\"}],\"inLanguage\":\"en-US\"},{\"@type\":\"ImageObject\",\"@id\":\"https:\/\/tomscompany.de\/en-US\/social-engagement\/#primaryimage\",\"inLanguage\":\"en-US\",\"url\":\"https:\/\/tomscompany.de\/wp-content\/uploads\/2014\/06\/header-unternehmen.jpg\",\"contentUrl\":\"https:\/\/tomscompany.de\/wp-content\/uploads\/2014\/06\/header-unternehmen.jpg\"},{\"@type\":\"WebPage\",\"@id\":\"https:\/\/tomscompany.de\/en-US\/social-engagement\/#webpage\",\"url\":\"https:\/\/tomscompany.de\/en-US\/social-engagement\/\",\"name\":\"Social Engagement | Tom's Drag\",\"isPartOf\":{\"@id\":\"https:\/\/tomscompany.de\/#website\"},\"primaryImageOfPage\":{\"@id\":\"https:\/\/tomscompany.de\/en-US\/social-engagement\/#primaryimage\"},\"datePublished\":\"2014-03-07T15:11:39+00:00\",\"dateModified\":\"2014-08-19T07:59:11+00:00\",\"description\":\"TOM\\u00b4S DRAG - OFFICIAL WEBSITE: Sie sind bunt, witzig, schr\\u00e4g: Die Drags sind Leben pur, zeugen von exzentrischer Eigenwilligkeit und sind dabei voller Esprit und au\\u00dfergew\\u00f6hnlichem Charme.\",\"breadcrumb\":{\"@id\":\"https:\/\/tomscompany.de\/en-US\/social-engagement\/#breadcrumb\"},\"inLanguage\":\"en-US\",\"potentialAction\":[{\"@type\":\"ReadAction\",\"target\":[\"https:\/\/tomscompany.de\/en-US\/social-engagement\/\"]}]},{\"@type\":\"BreadcrumbList\",\"@id\":\"https:\/\/tomscompany.de\/en-US\/social-engagement\/#breadcrumb\",\"itemListElement\":[{\"@type\":\"ListItem\",\"position\":1,\"item\":{\"@type\":\"WebPage\",\"@id\":\"https:\/\/tomscompany.de\/\",\"url\":\"https:\/\/tomscompany.de\/\",\"name\":\"Home\"}},{\"@type\":\"ListItem\",\"position\":2,\"item\":{\"@id\":\"https:\/\/tomscompany.de\/en-US\/social-engagement\/#webpage\"}}]}]}<\/script>\n<!-- \/ Yoast SEO plugin. -->","_links":{"self":[{"href":"https:\/\/tomscompany.de\/en-US\/wp-json\/wp\/v2\/pages\/1233"}],"collection":[{"href":"https:\/\/tomscompany.de\/en-US\/wp-json\/wp\/v2\/pages"}],"about":[{"href":"https:\/\/tomscompany.de\/en-US\/wp-json\/wp\/v2\/types\/page"}],"author":[{"embeddable":true,"href":"https:\/\/tomscompany.de\/en-US\/wp-json\/wp\/v2\/users\/1"}],"replies":[{"embeddable":true,"href":"https:\/\/tomscompany.de\/en-US\/wp-json\/wp\/v2\/comments?post=1233"}],"version-history":[{"count":13,"href":"https:\/\/tomscompany.de\/en-US\/wp-json\/wp\/v2\/pages\/1233\/revisions"}],"predecessor-version":[{"id":2434,"href":"https:\/\/tomscompany.de\/en-US\/wp-json\/wp\/v2\/pages\/1233\/revisions\/2434"}],"wp:featuredmedia":[{"embeddable":true,"href":"https:\/\/tomscompany.de\/en-US\/wp-json\/wp\/v2\/media\/785"}],"wp:attachment":[{"href":"https:\/\/tomscompany.de\/en-US\/wp-json\/wp\/v2\/media?parent=1233"}],"curies":[{"name":"wp","href":"https:\/\/api.w.org\/{rel}","templated":true}]}}