{"id":1095,"date":"2014-03-07T17:11:45","date_gmt":"2014-03-07T15:11:45","guid":{"rendered":"http:\/\/localhost\/toms_company\/kontakt-2\/"},"modified":"2018-12-05T10:25:32","modified_gmt":"2018-12-05T08:25:32","slug":"contact","status":"publish","type":"page","link":"https:\/\/tomscompany.de\/en-US\/contact\/","title":{"rendered":"Contact"},"content":{"rendered":"<h1>Contact \u2013 Drag Fan<\/h1>\n<h1>Where can we buy Tom&#8217;s Drags?<\/h1>\n<p>Tom&#8217;s Drag Collection is an exclusive individual series, legally protected worldwide, owned by Tom&#8217;s Company GmbH, and is available in selected retail stores only.<\/p>\n<p>We will be happy to tell you the address of the retail store closest to you where you will be able to find our Tom&#8217;s Drag Collection. Please send an email to <a href=\"mailto:info@tomscompany.com\">info@tomscompany.com<\/a><\/p>\n<div class=\"arconix-faq-content faq-open\" style=\"display: block;\">\n<p>Ultimately, if an article from the collection is not in stock there, our retail partners can usually arrange to order it for you. We are happy to give you details of the retailer closest to you. Just <a href=\"https:\/\/tomscompany.de\/en-US\/contact\/\">get in touch with us<\/a> .<\/p>\n<p>In countries and regions where there is no retailer carrying our collection we\u00b4ll be happy t<span style=\"color: #000000;\">o try and<\/span><strong><span style=\"color: #ff0000;\"> supply you direct.<\/span> <\/strong><span style=\"color: #000000;\">Check out our online shop <span style=\"color: #000000;\">with all available Tom\u00b4s Drag items<\/span> at <a href=\"http:\/\/www.shop-tomsdrag.de\" target=\"_blank\"><strong><span style=\"color: #ff0000;\">www.shop-tomsdrag.de<\/span><\/strong><\/a>. <\/span>In order to find out if a shipment to your country is possible, please <a href=\"https:\/\/tomscompany.de\/en-US\/contact\/\">get in touch with us by email.\u00a0 \u00a0\u00a0 <\/a><\/p>\n<p>Moreover, our<strong><span style=\"color: #ff0000;\"> showroom<\/span><\/strong> in 66578 Schiffweiler, Germany (in Saarland near the French border: 50 km west of Kaiserslautern and 170 km west of Frankfurt, 90 km south of Luxemburg) opens its doors to Tom\u00b4s Drag fans and collectors <strong><span style=\"color: #ff0000;\">every first Saturday of the month from 10 am to 3 pm<\/span><\/strong><span style=\"color: #000000;\">:<\/span> There you will find not only the current Tom\u00b4s Drag Collection but also some interesting remaining stock items and second quality goods. We look forward to seeing you there.<\/p>\n<p>Address: Tom\u00b4s Company GmbH, Knappenweg 6, DE-66578 Schiffweiler<\/p>\n<\/div>\n<p>&nbsp;<\/p>\n<h1>Contact &#8211; Retailers<\/h1>\n<h1>How to become a retailer for Tom\u00b4s Drag collection ?<\/h1>\n<p><strong>You are a retailer and you would like to have the Tom&#8217;s Drag Collection in your shop?<\/strong><\/p>\n<p>Send an e-mail to <a href=\"mailto:info@tomscompany.com\">info@tomscompany.com <\/a>so that our international distribution partners can contact you.<\/p>\n<p>&nbsp;<\/p>\n","protected":false},"excerpt":{"rendered":"<p>Contact \u2013 Drag Fan Where can we buy Tom&#8217;s Drags? Tom&#8217;s Drag Collection is an exclusive individual series, legally protected worldwide, owned by Tom&#8217;s Company GmbH, and is available in selected retail stores only. We will be happy to tell you the address of the retail store closest to you where you will be able [&hellip;]<\/p>\n","protected":false},"author":1,"featured_media":773,"parent":0,"menu_order":0,"comment_status":"closed","ping_status":"open","template":"","meta":[],"acf":[],"yoast_head":"<!-- This site is optimized with the Yoast SEO plugin v16.4 - https:\/\/yoast.com\/wordpress\/plugins\/seo\/ -->\n<title>Contact | Tom&#039;s Drag<\/title>\n<meta name=\"description\" content=\"TOM\u00b4S DRAG - OFFICIAL WEBSITE: Sie sind bunt, witzig, schr\u00e4g: Die Drags sind Leben pur, zeugen von exzentrischer Eigenwilligkeit und sind dabei voller Esprit und au\u00dfergew\u00f6hnlichem Charme.\" \/>\n<meta name=\"robots\" content=\"index, follow, max-snippet:-1, max-image-preview:large, max-video-preview:-1\" \/>\n<link rel=\"canonical\" href=\"https:\/\/tomscompany.de\/en-US\/contact\/\" \/>\n<meta property=\"og:locale\" content=\"en_US\" \/>\n<meta property=\"og:type\" content=\"article\" \/>\n<meta property=\"og:title\" content=\"Contact | Tom&#039;s Drag\" \/>\n<meta property=\"og:description\" content=\"TOM\u00b4S DRAG - OFFICIAL WEBSITE: Sie sind bunt, witzig, schr\u00e4g: Die Drags sind Leben pur, zeugen von exzentrischer Eigenwilligkeit und sind dabei voller Esprit und au\u00dfergew\u00f6hnlichem Charme.\" \/>\n<meta property=\"og:url\" content=\"https:\/\/tomscompany.de\/en-US\/contact\/\" \/>\n<meta property=\"og:site_name\" content=\"Tom&#039;s Drag\" \/>\n<meta property=\"article:modified_time\" content=\"2018-12-05T08:25:32+00:00\" \/>\n<meta name=\"twitter:label1\" content=\"Est. reading time\" \/>\n\t<meta name=\"twitter:data1\" content=\"2 minutes\" \/>\n<script type=\"application\/ld+json\" class=\"yoast-schema-graph\">{\"@context\":\"https:\/\/schema.org\",\"@graph\":[{\"@type\":\"WebSite\",\"@id\":\"https:\/\/tomscompany.de\/#website\",\"url\":\"https:\/\/tomscompany.de\/\",\"name\":\"Tom&#039;s Drag\",\"description\":\"Living with the Drags\",\"potentialAction\":[{\"@type\":\"SearchAction\",\"target\":\"https:\/\/tomscompany.de\/?s={search_term_string}\",\"query-input\":\"required name=search_term_string\"}],\"inLanguage\":\"en-US\"},{\"@type\":\"ImageObject\",\"@id\":\"https:\/\/tomscompany.de\/en-US\/contact\/#primaryimage\",\"inLanguage\":\"en-US\",\"url\":\"https:\/\/tomscompany.de\/wp-content\/uploads\/2014\/06\/header-kontakt.jpg\",\"contentUrl\":\"https:\/\/tomscompany.de\/wp-content\/uploads\/2014\/06\/header-kontakt.jpg\"},{\"@type\":\"WebPage\",\"@id\":\"https:\/\/tomscompany.de\/en-US\/contact\/#webpage\",\"url\":\"https:\/\/tomscompany.de\/en-US\/contact\/\",\"name\":\"Contact | Tom's Drag\",\"isPartOf\":{\"@id\":\"https:\/\/tomscompany.de\/#website\"},\"primaryImageOfPage\":{\"@id\":\"https:\/\/tomscompany.de\/en-US\/contact\/#primaryimage\"},\"datePublished\":\"2014-03-07T15:11:45+00:00\",\"dateModified\":\"2018-12-05T08:25:32+00:00\",\"description\":\"TOM\\u00b4S DRAG - OFFICIAL WEBSITE: Sie sind bunt, witzig, schr\\u00e4g: Die Drags sind Leben pur, zeugen von exzentrischer Eigenwilligkeit und sind dabei voller Esprit und au\\u00dfergew\\u00f6hnlichem Charme.\",\"breadcrumb\":{\"@id\":\"https:\/\/tomscompany.de\/en-US\/contact\/#breadcrumb\"},\"inLanguage\":\"en-US\",\"potentialAction\":[{\"@type\":\"ReadAction\",\"target\":[\"https:\/\/tomscompany.de\/en-US\/contact\/\"]}]},{\"@type\":\"BreadcrumbList\",\"@id\":\"https:\/\/tomscompany.de\/en-US\/contact\/#breadcrumb\",\"itemListElement\":[{\"@type\":\"ListItem\",\"position\":1,\"item\":{\"@type\":\"WebPage\",\"@id\":\"https:\/\/tomscompany.de\/\",\"url\":\"https:\/\/tomscompany.de\/\",\"name\":\"Home\"}},{\"@type\":\"ListItem\",\"position\":2,\"item\":{\"@id\":\"https:\/\/tomscompany.de\/en-US\/contact\/#webpage\"}}]}]}<\/script>\n<!-- \/ Yoast SEO plugin. -->","_links":{"self":[{"href":"https:\/\/tomscompany.de\/en-US\/wp-json\/wp\/v2\/pages\/1095"}],"collection":[{"href":"https:\/\/tomscompany.de\/en-US\/wp-json\/wp\/v2\/pages"}],"about":[{"href":"https:\/\/tomscompany.de\/en-US\/wp-json\/wp\/v2\/types\/page"}],"author":[{"embeddable":true,"href":"https:\/\/tomscompany.de\/en-US\/wp-json\/wp\/v2\/users\/1"}],"replies":[{"embeddable":true,"href":"https:\/\/tomscompany.de\/en-US\/wp-json\/wp\/v2\/comments?post=1095"}],"version-history":[{"count":28,"href":"https:\/\/tomscompany.de\/en-US\/wp-json\/wp\/v2\/pages\/1095\/revisions"}],"predecessor-version":[{"id":3306,"href":"https:\/\/tomscompany.de\/en-US\/wp-json\/wp\/v2\/pages\/1095\/revisions\/3306"}],"wp:featuredmedia":[{"embeddable":true,"href":"https:\/\/tomscompany.de\/en-US\/wp-json\/wp\/v2\/media\/773"}],"wp:attachment":[{"href":"https:\/\/tomscompany.de\/en-US\/wp-json\/wp\/v2\/media?parent=1095"}],"curies":[{"name":"wp","href":"https:\/\/api.w.org\/{rel}","templated":true}]}}