{"id":1092,"date":"2014-03-07T17:11:07","date_gmt":"2014-03-07T15:11:07","guid":{"rendered":"http:\/\/localhost\/toms_company\/in-memoriam-2\/"},"modified":"2014-08-20T09:44:48","modified_gmt":"2014-08-20T07:44:48","slug":"in-memory-of-tom","status":"publish","type":"page","link":"https:\/\/tomscompany.de\/en-US\/in-memory-of-tom\/","title":{"rendered":"In Memory of Tom"},"content":{"rendered":"<h1>In Memory of Tom<\/h1>\n<p>Tom is dead.<\/p>\n<p>The heart of Tom\u00b4s Company has stopped beating. All of a sudden and totally unexpectedly Tom Hoffmann died on February 25, 2012 on his favorite island Bali, peacefully, in his sleep. He was so full of ideas and new plans. His irreepressible creativity and unquenchable curiosity for life &#8211; all of this is now over forever. We cannot believe it.<\/p>\n<p>He is leaving us behind very sad &#8211; his partner and all his employees and business partners all over the world. We all have lost much more than a boss or a business partner.<\/p>\n<p>Tom was a believer. He was fiercely convinced that life does not end with death.<\/p>\n<p>Tom will live on in his Drags which have given so much joyful energy to so many people all over the world. We will keep him a cherished and tender memory. His vision will live on through us. We will take care of his 23 sponsored children all over the world. Tom\u00b4s Company will continue. Tom has left us so many unpublished ideas and concepts. The Drags will continue to bring happiness to many people. This is what Tom would have wanted.<\/p>\n<p>Arno Mueller and the team of Tom\u00b4s Company<\/p>\n<p>&nbsp;<\/p>\n","protected":false},"excerpt":{"rendered":"<p>In Memory of Tom Tom is dead. The heart of Tom\u00b4s Company has stopped beating. All of a sudden and totally unexpectedly Tom Hoffmann died on February 25, 2012 on his favorite island Bali, peacefully, in his sleep. He was so full of ideas and new plans. His irreepressible creativity and unquenchable curiosity for life [&hellip;]<\/p>\n","protected":false},"author":1,"featured_media":944,"parent":0,"menu_order":0,"comment_status":"closed","ping_status":"closed","template":"","meta":[],"acf":[],"yoast_head":"<!-- This site is optimized with the Yoast SEO plugin v16.4 - https:\/\/yoast.com\/wordpress\/plugins\/seo\/ -->\n<title>In Memory of Tom | Tom&#039;s Drag<\/title>\n<meta name=\"description\" content=\"TOM\u00b4S DRAG - OFFICIAL WEBSITE: Sie sind bunt, witzig, schr\u00e4g: Die Drags sind Leben pur, zeugen von exzentrischer Eigenwilligkeit und sind dabei voller Esprit und au\u00dfergew\u00f6hnlichem Charme.\" \/>\n<meta name=\"robots\" content=\"index, follow, max-snippet:-1, max-image-preview:large, max-video-preview:-1\" \/>\n<link rel=\"canonical\" href=\"https:\/\/tomscompany.de\/en-US\/in-memory-of-tom\/\" \/>\n<meta property=\"og:locale\" content=\"en_US\" \/>\n<meta property=\"og:type\" content=\"article\" \/>\n<meta property=\"og:title\" content=\"In Memory of Tom | Tom&#039;s Drag\" \/>\n<meta property=\"og:description\" content=\"TOM\u00b4S DRAG - OFFICIAL WEBSITE: Sie sind bunt, witzig, schr\u00e4g: Die Drags sind Leben pur, zeugen von exzentrischer Eigenwilligkeit und sind dabei voller Esprit und au\u00dfergew\u00f6hnlichem Charme.\" \/>\n<meta property=\"og:url\" content=\"https:\/\/tomscompany.de\/en-US\/in-memory-of-tom\/\" \/>\n<meta property=\"og:site_name\" content=\"Tom&#039;s Drag\" \/>\n<meta property=\"article:modified_time\" content=\"2014-08-20T07:44:48+00:00\" \/>\n<meta property=\"og:image\" content=\"http:\/\/tomscompany.de\/wp-content\/uploads\/2014\/03\/header-in-memoriam.jpg\" \/>\n\t<meta property=\"og:image:width\" content=\"3000\" \/>\n\t<meta property=\"og:image:height\" content=\"450\" \/>\n<meta name=\"twitter:label1\" content=\"Est. reading time\" \/>\n\t<meta name=\"twitter:data1\" content=\"1 minute\" \/>\n<script type=\"application\/ld+json\" class=\"yoast-schema-graph\">{\"@context\":\"https:\/\/schema.org\",\"@graph\":[{\"@type\":\"WebSite\",\"@id\":\"https:\/\/tomscompany.de\/#website\",\"url\":\"https:\/\/tomscompany.de\/\",\"name\":\"Tom&#039;s Drag\",\"description\":\"Living with the Drags\",\"potentialAction\":[{\"@type\":\"SearchAction\",\"target\":\"https:\/\/tomscompany.de\/?s={search_term_string}\",\"query-input\":\"required name=search_term_string\"}],\"inLanguage\":\"en-US\"},{\"@type\":\"ImageObject\",\"@id\":\"https:\/\/tomscompany.de\/en-US\/in-memory-of-tom\/#primaryimage\",\"inLanguage\":\"en-US\",\"url\":\"https:\/\/tomscompany.de\/wp-content\/uploads\/2014\/03\/header-in-memoriam.jpg\",\"contentUrl\":\"https:\/\/tomscompany.de\/wp-content\/uploads\/2014\/03\/header-in-memoriam.jpg\",\"width\":3000,\"height\":450},{\"@type\":\"WebPage\",\"@id\":\"https:\/\/tomscompany.de\/en-US\/in-memory-of-tom\/#webpage\",\"url\":\"https:\/\/tomscompany.de\/en-US\/in-memory-of-tom\/\",\"name\":\"In Memory of Tom | Tom's Drag\",\"isPartOf\":{\"@id\":\"https:\/\/tomscompany.de\/#website\"},\"primaryImageOfPage\":{\"@id\":\"https:\/\/tomscompany.de\/en-US\/in-memory-of-tom\/#primaryimage\"},\"datePublished\":\"2014-03-07T15:11:07+00:00\",\"dateModified\":\"2014-08-20T07:44:48+00:00\",\"description\":\"TOM\\u00b4S DRAG - OFFICIAL WEBSITE: Sie sind bunt, witzig, schr\\u00e4g: Die Drags sind Leben pur, zeugen von exzentrischer Eigenwilligkeit und sind dabei voller Esprit und au\\u00dfergew\\u00f6hnlichem Charme.\",\"breadcrumb\":{\"@id\":\"https:\/\/tomscompany.de\/en-US\/in-memory-of-tom\/#breadcrumb\"},\"inLanguage\":\"en-US\",\"potentialAction\":[{\"@type\":\"ReadAction\",\"target\":[\"https:\/\/tomscompany.de\/en-US\/in-memory-of-tom\/\"]}]},{\"@type\":\"BreadcrumbList\",\"@id\":\"https:\/\/tomscompany.de\/en-US\/in-memory-of-tom\/#breadcrumb\",\"itemListElement\":[{\"@type\":\"ListItem\",\"position\":1,\"item\":{\"@type\":\"WebPage\",\"@id\":\"https:\/\/tomscompany.de\/\",\"url\":\"https:\/\/tomscompany.de\/\",\"name\":\"Home\"}},{\"@type\":\"ListItem\",\"position\":2,\"item\":{\"@id\":\"https:\/\/tomscompany.de\/en-US\/in-memory-of-tom\/#webpage\"}}]}]}<\/script>\n<!-- \/ Yoast SEO plugin. -->","_links":{"self":[{"href":"https:\/\/tomscompany.de\/en-US\/wp-json\/wp\/v2\/pages\/1092"}],"collection":[{"href":"https:\/\/tomscompany.de\/en-US\/wp-json\/wp\/v2\/pages"}],"about":[{"href":"https:\/\/tomscompany.de\/en-US\/wp-json\/wp\/v2\/types\/page"}],"author":[{"embeddable":true,"href":"https:\/\/tomscompany.de\/en-US\/wp-json\/wp\/v2\/users\/1"}],"replies":[{"embeddable":true,"href":"https:\/\/tomscompany.de\/en-US\/wp-json\/wp\/v2\/comments?post=1092"}],"version-history":[{"count":6,"href":"https:\/\/tomscompany.de\/en-US\/wp-json\/wp\/v2\/pages\/1092\/revisions"}],"predecessor-version":[{"id":2451,"href":"https:\/\/tomscompany.de\/en-US\/wp-json\/wp\/v2\/pages\/1092\/revisions\/2451"}],"wp:featuredmedia":[{"embeddable":true,"href":"https:\/\/tomscompany.de\/en-US\/wp-json\/wp\/v2\/media\/944"}],"wp:attachment":[{"href":"https:\/\/tomscompany.de\/en-US\/wp-json\/wp\/v2\/media?parent=1092"}],"curies":[{"name":"wp","href":"https:\/\/api.w.org\/{rel}","templated":true}]}}