{"id":1089,"date":"2014-05-21T15:24:07","date_gmt":"2014-05-21T13:24:07","guid":{"rendered":"http:\/\/localhost\/toms_company\/impressum-2\/"},"modified":"2023-05-15T13:22:55","modified_gmt":"2023-05-15T11:22:55","slug":"legal-notice","status":"publish","type":"page","link":"https:\/\/tomscompany.de\/en-US\/legal-notice\/","title":{"rendered":"Legal notice \/ Data protection \/ Supply Chain Act"},"content":{"rendered":"<h1><span style=\"color: #993300;\"><strong><span class=\"ueb1\">Legal notice<\/span> \/ <span class=\"ueb1\">Data protection \/ <\/span>Supply Chain Act<\/strong><\/span><\/h1>\n<h2><span style=\"color: #993300;\"><strong><span class=\"ueb1\">Legal notice<\/span><\/strong><\/span><\/h2>\n<p>Tom`s Company GmbH<br \/>\nKnappenweg 6<br \/>\nD-66578 Schiffweiler<br \/>\nGermany<br \/>\nFon: + 49 (0) 6821 63 4580<br \/>\nFax: + 49 (0) 6821 63 4581<br \/>\neMail:\u00a0<a href=\"mailto:info@tomscompany.com\">info@tomscompany.com<\/a><br \/>\nwebsite: <a href=\"http:\/\/www.tomscompany.com\">www.tomscompany.com<\/a><\/p>\n<p>Managing director with single signing authority: Arno M\u00fcller<\/p>\n<p>Court of Registry: Amtsgericht Saarbr\u00fccken<br \/>\nCompany Registration Number: HRB 15587<\/p>\n<p>Tax ID Number (pursuant to \u00a727a Umsatzsteuergesetz):\u2028 DE 265 563 317<\/p>\n<p>Contact person for this website: Iris Schlemmer \u2013\u00a0<a href=\"mailto:iris.schlemmer@tomscompany.de\">iris.schlemmer@tomscompany.de<br \/>\n<\/a><br \/>\nThe European Commission&#8217;s online dispute resolution platform can be reached at the following link: <a href=\"http:\/\/www.ec.europa.eu\/consumers\/odr\">www.ec.europa.eu\/consumers\/odr<\/a><\/p>\n<p>All content of this website is protected by copyright \u2013 \u00a9 by Arno M\u00fcller<br \/>\n\u201cTom\u2019s Company\u201d and \u201cTom\u2019s Drag\u201d are registered trademarks \u2013 \u00ae by Arno M\u00fcller<br \/>\nAll rights are reserved, any unauthorized use or imitation will be prosecuted to the full extent of the law.<\/p>\n<p><strong>Use of the material on this site:<\/strong> It is strictly forbidden to reproduce, modify, display or use any content from this website on other websites. Nor is it allowed to use any material from this website for commercial purposes (pictures, images, texts, video-clips, etc.) unless expressly provided for by written authorization by Tom\u00b4s Company GmbH and then only in order to identify and promote Tom\u00b4s Company products.<\/p>\n<p><strong>Limited liability for site content:<\/strong> Tom\u00b4s Company GmbH accepts no responsibility for any technical issues that result from the use of this site.The use is entirely at the user\u00b4s risk.<\/p>\n<h2><strong><span class=\"ueb1\" style=\"color: #993300;\">Data protection<\/span><\/strong><\/h2>\n<p>Tom&#8217;s Company takes the protection of your personal information very seriously.<\/p>\n<p>Here we explain to you how your personal data will be handled when you visit this website. We also explain what data is collected, for what purpose and to what extent they are accessible to third parties.<\/p>\n<p>1. Name and contact details of the controller<\/p>\n<p>This privacy policy applies to data processing by:<br \/>\nTom&#8217;s Company GmbH<br \/>\nKnappenweg 6<br \/>\nDE-66578 Schiffweiler<br \/>\nGermany<br \/>\nPhone: + 49 (0) 6821 63 4580<br \/>\nFax: + 49 (0) 6821 63 4581<br \/>\n<a href=\"mailto:info@tomscompany.com\">info@tomscompany.com<\/a><\/p>\n<p>2. Collection and storage of personal data as well as the nature and purpose of their use<\/p>\n<p>When visiting the website<br \/>\nWhen you visit our website <a href=\"http:\/\/www.tomscompany.de\">http:\/\/www.tomscompany.de<\/a> \u00a0(= \u00a0<a href=\"http:\/\/www.tomscompany.com\">http:\/\/www.tomscompany.com<\/a>) the browser used on your device automatically sends information to the server of our website.<br \/>\nThis information is temporarily stored in a so-called log file.<br \/>\nThe following information will be collected without your intervention and stored until automated deletion:<\/p>\n<p>\u2022 IP address of the requesting computer,<br \/>\n\u2022 date and time of access,<br \/>\n\u2022 name and URL of the retrieved file,<br \/>\n\u2022 Website from which access is made (referrer URL),<br \/>\n\u2022 the browser used and, if applicable, the operating system of your computer and the name of your access provider.<\/p>\n<p>The data mentioned are processed by us for the following purposes:<\/p>\n<p>\u2022 ensuring a smooth connection of the website,<br \/>\n\u2022 ensuring comfortable use of our website,<br \/>\n\u2022 Evaluation of system security and stability as well<br \/>\n\u2022 for further administrative purposes.<\/p>\n<p>The legal basis for data processing is Art. 6 para.1 p.1 lit.f GDPR. Our legitimate interest follows from the data collection purposes listed above. In no case do we use the collected data for the purpose of drawing conclusions about you.<\/p>\n<p>In addition, cookies are used when visiting our website. Further details can be found under no. 4 of this privacy policy.<\/p>\n<p>3. Disclosure of data<\/p>\n<p>A transfer of your personal data to third parties for purposes other than those listed below does not take place.<\/p>\n<p>We only disclose your personal data to third parties if this is necessary for the fulfillment of orders (representatives or distribution partners, transport companies, credit institutions, tax consultants).<\/p>\n<p>As part of consumer sourcing inquiries, where our collection is available, we name our resellers on site: our employees will only post data to third parties that are otherwise publicly available (phonebook, from our own website).<\/p>\n<p>\u2022 Example: An end-user asks for a retailer near him where he can purchase our Tom&#8217;s Drag collection. In this case, we make recommendations and give address and contact details.<\/p>\n<p>4. Cookies, plugins and tools<\/p>\n<p>We use cookies on our site. These are small files that your browser automatically creates and that are stored on your device (laptop, tablet, smartphone, etc.) when you visit our site. Cookies do not harm your device nor \u00a0do they contain viruses, Trojans or other malicious software. Information is stored in the cookies, depending on the specific terminal used. However, this does not mean that we are immediately aware of your identity. On the one hand, the use of cookies serves to make the use of our website more convenient for you. For example, we use so-called session cookies to recognize that you already visited individual pages on our website. These are automatically deleted after leaving our page. In addition, in order to improve usability, we also use temporary cookies that are stored on your device for a specified period of time. If you visit our site again to take advantage of our services, it will automatically recognize that you have already been with us and what inputs and settings you have made, so you do not have to re-enter them. On the other hand, we use cookies in order to statistically record the use of our website and to evaluate it for the purpose of optimizing our offer. These cookies allow us to automatically recognize when you visit our site again that you have already been with us. These cookies are automatically deleted after a defined time.<\/p>\n<p>The data processed by cookies are for the purposes mentioned in order to safeguard our legitimate interests as well as third parties according to Art. 6 para. 1 sentence 1 lit. f GDPR.\u00a0Most browsers accept cookies automatically. However, you can configure your browser so that no cookies are stored on your computer or so that always a hint appears before a new cookie is created. However, disabling cookies completely may lead to the effect that you can not use all features of our website. You can prevent the installation of cookies by setting the browser software accordingly; however, we point out that in this case not all features of this website may be fully used. You can also prevent the collection of data generated by the cookie and related to your use of the website (including your IP address) and the processing of this data by Google by downloading and installing a browser add-on: <a href=\"https:\/\/tools.google.com\/dlpage\/gaoptout?hl=de\">https:\/\/tools.google.com\/dlpage\/gaoptout?hl=de<\/a>\u00a0As an alternative to the browser add-on, especially for browsers on mobile devices, you can prevent the collection by Google Analytics by clicking on this above-mentioned link. An opt-out cookie will be set that will prevent the future collection of your data when you visit this website. The opt-out cookie is only valid in this browser and only for our website and is stored on your device. If you delete the cookies in this browser, you must set the opt-out cookie again.<\/p>\n<p>5. Rights<\/p>\n<p>You have the right:<\/p>\n<p>\u2022 in accordance with Art. 15 GDPR to request information about your personal data processed by us. In particular, you can request information on the processing purposes, the category of personal data, the categories of recipients to whom your data has been disclosed, the planned retention period, the right to rectification, deletion, limitation of processing or opposition, the existence of a right to complain, the source of your data, if not collected from us, and the existence of automated decision-making including profiling and, where appropriate, concise information about their details;<br \/>\n\u2022 in accordance with Art. 16 GDPR to demand the immediate correction of incorrect data or to demand the completion of your personal data stored with us;<br \/>\n\u2022 in accordance with Art. 17 GDPR to demand the deletion of your personal data stored by us, unless the processing is required for the exercise of the right to freedom of expression and information, for the fulfillment of a legal obligation, for reasons of public interest or for the assertion, exercise or defense of legal claims;<br \/>\n\u2022 in accordance with Art. 18 GDPR to demand the restriction of the processing of your personal data, as far as the accuracy of the data is disputed by you, the processing is unlawful yet you reject its deletion, and we no longer need the data, but you need this data to assert a legal claim or you have objected to the processing in accordance with Art. 21 GDPR;<br \/>\n\u2022 in accordance with Art. 20 GDPR, to receive your personal data provided to us in a structured, common and machine-readable format or to request the transfer to another person responsible;<br \/>\n\u2022 in accordance with Art. 7 para. 3 GDPR to revoke your once given consent to us at any time. As a result, we are not allowed to continue the data processing based on this consent for the future and<br \/>\n\u2022 in accordance with Art. 77 GDPR to complain to a supervisory authority. As a rule, you can contact the supervisory authority of your usual place of residence or work or of our registered office.<\/p>\n<p>6. Right to object<\/p>\n<p>If your personal data are processed \u00a0based on legitimate interests in accordance with Art. 6 para. 1 sentence 1 lit. f GDPR, you have the right to file an objection against the processing of your personal data in accordance with Art. 21 GDPR, provided that there are reasons for this arising from your particular situation or the objection is directed against direct mail. In the latter case, you have a general right of objection, which is implemented by us without specifying any particular situation. If you would like to exercise your right of revocation or objection, please send an e-mail to: <a href=\"mailto:datenschutz@tomscompany.de\">datenschutz@tomscompany.de<\/a><\/p>\n<p>7. Updating and changing this privacy policy<\/p>\n<p>As a result of the further development of our website and offers or due to changed legal or official requirements, it may be necessary to change this privacy policy. The current privacy policy can be viewed at any time here.<\/p>\n<h2><span style=\"color: #993300;\"><strong>SUPPLY CHAIN ACT<\/strong><\/span><\/h2>\n<p><strong>Supply Chain Due Diligence Act<\/strong><\/p>\n<p>Whistleblower system for compliance with and observance of human rights and environmental due diligence obligations within supply chains.<br \/>\nOn 01.01.2023, the Supply Chain Due Diligence Act came into force for companies with at least 3000 employees.<\/p>\n<p>As a supplier of Segm\u00fcller Holding GmbH &amp; Co.KG (Segm\u00fcller), we hereby provide a corresponding access to their complaint system and inform potential reporters about this possibility.<\/p>\n<p>The following reporting channels of Segm\u00fcller are possible:<\/p>\n<p>&#8211; Online complaint system: <a href=\"https:\/\/www.segmueller.de\/magazin\/compliance\/hinweisgebersystem\">https:\/\/www.segmueller.de\/magazin\/compliance\/hinweisgebersystem<\/a><\/p>\n<p>&#8211; Telephone number: +49 821 4540808<\/p>\n<p>&#8211; E-mail address: <a href=\"mailto:hinweisgeber@schmid-frank.de\">hinweisgeber@schmid-frank.de<\/a><\/p>\n<p>&nbsp;<\/p>\n<p><strong>_____________________________________________________________________________________<\/strong><\/p>\n<p><strong>Website set-up and browser optimization: <\/strong>This website was launched in August 2014 and has been configured for browsers current at that time. It is possible that older browser versions (versions prior to 2014) do not always display our website in the optimal way. In this case we recommend\u00a0 updating the browser on your computer. We hope you enjoy surfing\u00a0our website.<\/p>\n<p><strong>Concept, Design &amp; Development of the website<\/strong><br \/>\nWerner Bohr \u2013 Agency for Design<br \/>\nMaximinstr. 3 | 54292 Trier, Germany<br \/>\nFon: + 49 (0) 651 146 150<br \/>\neMail: <a href=\"mailto:info%40werne%72bohr.de\">info@<span style=\"display: none;\">null<\/span>werner<!-- please stop spam! -->bohr.de<\/a><br \/>\nWeb: <a href=\"http:\/\/www.wernerbohr.de\">www.wernerbohr.de<\/a><\/p>\n<p>&nbsp;<\/p>\n","protected":false},"excerpt":{"rendered":"<p>Legal notice \/ Data protection \/ Supply Chain Act Legal notice Tom`s Company GmbH Knappenweg 6 D-66578 Schiffweiler Germany Fon: + 49 (0) 6821 63 4580 Fax: + 49 (0) 6821 63 4581 eMail:\u00a0info@tomscompany.com website: www.tomscompany.com Managing director with single signing authority: Arno M\u00fcller Court of Registry: Amtsgericht Saarbr\u00fccken Company Registration Number: HRB 15587 Tax [&hellip;]<\/p>\n","protected":false},"author":1,"featured_media":0,"parent":0,"menu_order":0,"comment_status":"closed","ping_status":"open","template":"page-nosidebar.php","meta":[],"acf":[],"yoast_head":"<!-- This site is optimized with the Yoast SEO plugin v16.4 - https:\/\/yoast.com\/wordpress\/plugins\/seo\/ -->\n<title>Legal notice \/ Data protection \/ Supply Chain Act | Tom&#039;s Drag<\/title>\n<meta name=\"description\" content=\"TOM\u00b4S DRAG - OFFICIAL WEBSITE: Sie sind bunt, witzig, schr\u00e4g: Die Drags sind Leben pur, zeugen von exzentrischer Eigenwilligkeit und sind dabei voller Esprit und au\u00dfergew\u00f6hnlichem Charme.\" \/>\n<meta name=\"robots\" content=\"index, follow, max-snippet:-1, max-image-preview:large, max-video-preview:-1\" \/>\n<link rel=\"canonical\" href=\"https:\/\/tomscompany.de\/en-US\/legal-notice\/\" \/>\n<meta property=\"og:locale\" content=\"en_US\" \/>\n<meta property=\"og:type\" content=\"article\" \/>\n<meta property=\"og:title\" content=\"Legal notice \/ Data protection \/ Supply Chain Act | Tom&#039;s Drag\" \/>\n<meta property=\"og:description\" content=\"TOM\u00b4S DRAG - OFFICIAL WEBSITE: Sie sind bunt, witzig, schr\u00e4g: Die Drags sind Leben pur, zeugen von exzentrischer Eigenwilligkeit und sind dabei voller Esprit und au\u00dfergew\u00f6hnlichem Charme.\" \/>\n<meta property=\"og:url\" content=\"https:\/\/tomscompany.de\/en-US\/legal-notice\/\" \/>\n<meta property=\"og:site_name\" content=\"Tom&#039;s Drag\" \/>\n<meta property=\"article:modified_time\" content=\"2023-05-15T11:22:55+00:00\" \/>\n<meta name=\"twitter:label1\" content=\"Est. reading time\" \/>\n\t<meta name=\"twitter:data1\" content=\"9 minutes\" \/>\n<script type=\"application\/ld+json\" class=\"yoast-schema-graph\">{\"@context\":\"https:\/\/schema.org\",\"@graph\":[{\"@type\":\"WebSite\",\"@id\":\"https:\/\/tomscompany.de\/#website\",\"url\":\"https:\/\/tomscompany.de\/\",\"name\":\"Tom&#039;s Drag\",\"description\":\"Living with the Drags\",\"potentialAction\":[{\"@type\":\"SearchAction\",\"target\":\"https:\/\/tomscompany.de\/?s={search_term_string}\",\"query-input\":\"required name=search_term_string\"}],\"inLanguage\":\"en-US\"},{\"@type\":\"WebPage\",\"@id\":\"https:\/\/tomscompany.de\/en-US\/legal-notice\/#webpage\",\"url\":\"https:\/\/tomscompany.de\/en-US\/legal-notice\/\",\"name\":\"Legal notice \/ Data protection \/ Supply Chain Act | Tom's Drag\",\"isPartOf\":{\"@id\":\"https:\/\/tomscompany.de\/#website\"},\"datePublished\":\"2014-05-21T13:24:07+00:00\",\"dateModified\":\"2023-05-15T11:22:55+00:00\",\"description\":\"TOM\\u00b4S DRAG - OFFICIAL WEBSITE: Sie sind bunt, witzig, schr\\u00e4g: Die Drags sind Leben pur, zeugen von exzentrischer Eigenwilligkeit und sind dabei voller Esprit und au\\u00dfergew\\u00f6hnlichem Charme.\",\"breadcrumb\":{\"@id\":\"https:\/\/tomscompany.de\/en-US\/legal-notice\/#breadcrumb\"},\"inLanguage\":\"en-US\",\"potentialAction\":[{\"@type\":\"ReadAction\",\"target\":[\"https:\/\/tomscompany.de\/en-US\/legal-notice\/\"]}]},{\"@type\":\"BreadcrumbList\",\"@id\":\"https:\/\/tomscompany.de\/en-US\/legal-notice\/#breadcrumb\",\"itemListElement\":[{\"@type\":\"ListItem\",\"position\":1,\"item\":{\"@type\":\"WebPage\",\"@id\":\"https:\/\/tomscompany.de\/\",\"url\":\"https:\/\/tomscompany.de\/\",\"name\":\"Home\"}},{\"@type\":\"ListItem\",\"position\":2,\"item\":{\"@id\":\"https:\/\/tomscompany.de\/en-US\/legal-notice\/#webpage\"}}]}]}<\/script>\n<!-- \/ Yoast SEO plugin. -->","_links":{"self":[{"href":"https:\/\/tomscompany.de\/en-US\/wp-json\/wp\/v2\/pages\/1089"}],"collection":[{"href":"https:\/\/tomscompany.de\/en-US\/wp-json\/wp\/v2\/pages"}],"about":[{"href":"https:\/\/tomscompany.de\/en-US\/wp-json\/wp\/v2\/types\/page"}],"author":[{"embeddable":true,"href":"https:\/\/tomscompany.de\/en-US\/wp-json\/wp\/v2\/users\/1"}],"replies":[{"embeddable":true,"href":"https:\/\/tomscompany.de\/en-US\/wp-json\/wp\/v2\/comments?post=1089"}],"version-history":[{"count":32,"href":"https:\/\/tomscompany.de\/en-US\/wp-json\/wp\/v2\/pages\/1089\/revisions"}],"predecessor-version":[{"id":6716,"href":"https:\/\/tomscompany.de\/en-US\/wp-json\/wp\/v2\/pages\/1089\/revisions\/6716"}],"wp:attachment":[{"href":"https:\/\/tomscompany.de\/en-US\/wp-json\/wp\/v2\/media?parent=1089"}],"curies":[{"name":"wp","href":"https:\/\/api.w.org\/{rel}","templated":true}]}}