{"id":1053,"date":"2014-03-07T17:11:31","date_gmt":"2014-03-07T15:11:31","guid":{"rendered":"http:\/\/localhost\/toms_company\/markenschutz-2\/"},"modified":"2014-08-18T11:32:57","modified_gmt":"2014-08-18T09:32:57","slug":"copyright","status":"publish","type":"page","link":"https:\/\/tomscompany.de\/en-US\/copyright\/","title":{"rendered":"Copyright"},"content":{"rendered":"<h1>Copyright<\/h1>\n<p>With his Drags, Thomas (Tom) Hoffmann has created a unique and extraordinary collection that makes us proud. Each of Tom\u00b4s Drag creations represents a great artistic work and is internationally copyright protected. With the decision to register <strong>Tom\u2019s Drag<\/strong>\u00ae as a brand, Tom\u00b4s Company promises the lovers of their collection that they will not in any way compromise the originality and the quality of their products.<\/p>\n<p>Only our art pieces can carry the oval metallic logo with the inscription Tom\u00b4s Drag\u00a9+\u00ae<\/p>\n<p>&#8220;Tom&#8217;s Company&#8221; and &#8220;Tom&#8217;s Drag&#8221; are protected trademarks &#8211; \u00ae by Arno M\u00fcller<\/p>\n<p>All content of this website is protected by copyright &#8211; \u00a9 by Arno M\u00fcller<\/p>\n<p>All rights are reserved. Any unauthorized use and imitation will be prosecuted to the full extent of the law.<\/p>\n","protected":false},"excerpt":{"rendered":"<p>Copyright With his Drags, Thomas (Tom) Hoffmann has created a unique and extraordinary collection that makes us proud. Each of Tom\u00b4s Drag creations represents a great artistic work and is internationally copyright protected. With the decision to register Tom\u2019s Drag\u00ae as a brand, Tom\u00b4s Company promises the lovers of their collection that they will not [&hellip;]<\/p>\n","protected":false},"author":1,"featured_media":806,"parent":0,"menu_order":0,"comment_status":"closed","ping_status":"closed","template":"","meta":[],"acf":[],"yoast_head":"<!-- This site is optimized with the Yoast SEO plugin v16.4 - https:\/\/yoast.com\/wordpress\/plugins\/seo\/ -->\n<title>Copyright | Tom&#039;s Drag<\/title>\n<meta name=\"description\" content=\"TOM\u00b4S DRAG - OFFICIAL WEBSITE: Sie sind bunt, witzig, schr\u00e4g: Die Drags sind Leben pur, zeugen von exzentrischer Eigenwilligkeit und sind dabei voller Esprit und au\u00dfergew\u00f6hnlichem Charme.\" \/>\n<meta name=\"robots\" content=\"index, follow, max-snippet:-1, max-image-preview:large, max-video-preview:-1\" \/>\n<link rel=\"canonical\" href=\"https:\/\/tomscompany.de\/en-US\/copyright\/\" \/>\n<meta property=\"og:locale\" content=\"en_US\" \/>\n<meta property=\"og:type\" content=\"article\" \/>\n<meta property=\"og:title\" content=\"Copyright | Tom&#039;s Drag\" \/>\n<meta property=\"og:description\" content=\"TOM\u00b4S DRAG - OFFICIAL WEBSITE: Sie sind bunt, witzig, schr\u00e4g: Die Drags sind Leben pur, zeugen von exzentrischer Eigenwilligkeit und sind dabei voller Esprit und au\u00dfergew\u00f6hnlichem Charme.\" \/>\n<meta property=\"og:url\" content=\"https:\/\/tomscompany.de\/en-US\/copyright\/\" \/>\n<meta property=\"og:site_name\" content=\"Tom&#039;s Drag\" \/>\n<meta property=\"article:modified_time\" content=\"2014-08-18T09:32:57+00:00\" \/>\n<meta name=\"twitter:label1\" content=\"Est. reading time\" \/>\n\t<meta name=\"twitter:data1\" content=\"1 minute\" \/>\n<script type=\"application\/ld+json\" class=\"yoast-schema-graph\">{\"@context\":\"https:\/\/schema.org\",\"@graph\":[{\"@type\":\"WebSite\",\"@id\":\"https:\/\/tomscompany.de\/#website\",\"url\":\"https:\/\/tomscompany.de\/\",\"name\":\"Tom&#039;s Drag\",\"description\":\"Living with the Drags\",\"potentialAction\":[{\"@type\":\"SearchAction\",\"target\":\"https:\/\/tomscompany.de\/?s={search_term_string}\",\"query-input\":\"required name=search_term_string\"}],\"inLanguage\":\"en-US\"},{\"@type\":\"ImageObject\",\"@id\":\"https:\/\/tomscompany.de\/en-US\/copyright\/#primaryimage\",\"inLanguage\":\"en-US\",\"url\":\"https:\/\/tomscompany.de\/wp-content\/uploads\/2014\/06\/header-company.jpg\",\"contentUrl\":\"https:\/\/tomscompany.de\/wp-content\/uploads\/2014\/06\/header-company.jpg\"},{\"@type\":\"WebPage\",\"@id\":\"https:\/\/tomscompany.de\/en-US\/copyright\/#webpage\",\"url\":\"https:\/\/tomscompany.de\/en-US\/copyright\/\",\"name\":\"Copyright | Tom's Drag\",\"isPartOf\":{\"@id\":\"https:\/\/tomscompany.de\/#website\"},\"primaryImageOfPage\":{\"@id\":\"https:\/\/tomscompany.de\/en-US\/copyright\/#primaryimage\"},\"datePublished\":\"2014-03-07T15:11:31+00:00\",\"dateModified\":\"2014-08-18T09:32:57+00:00\",\"description\":\"TOM\\u00b4S DRAG - OFFICIAL WEBSITE: Sie sind bunt, witzig, schr\\u00e4g: Die Drags sind Leben pur, zeugen von exzentrischer Eigenwilligkeit und sind dabei voller Esprit und au\\u00dfergew\\u00f6hnlichem Charme.\",\"breadcrumb\":{\"@id\":\"https:\/\/tomscompany.de\/en-US\/copyright\/#breadcrumb\"},\"inLanguage\":\"en-US\",\"potentialAction\":[{\"@type\":\"ReadAction\",\"target\":[\"https:\/\/tomscompany.de\/en-US\/copyright\/\"]}]},{\"@type\":\"BreadcrumbList\",\"@id\":\"https:\/\/tomscompany.de\/en-US\/copyright\/#breadcrumb\",\"itemListElement\":[{\"@type\":\"ListItem\",\"position\":1,\"item\":{\"@type\":\"WebPage\",\"@id\":\"https:\/\/tomscompany.de\/\",\"url\":\"https:\/\/tomscompany.de\/\",\"name\":\"Home\"}},{\"@type\":\"ListItem\",\"position\":2,\"item\":{\"@id\":\"https:\/\/tomscompany.de\/en-US\/copyright\/#webpage\"}}]}]}<\/script>\n<!-- \/ Yoast SEO plugin. -->","_links":{"self":[{"href":"https:\/\/tomscompany.de\/en-US\/wp-json\/wp\/v2\/pages\/1053"}],"collection":[{"href":"https:\/\/tomscompany.de\/en-US\/wp-json\/wp\/v2\/pages"}],"about":[{"href":"https:\/\/tomscompany.de\/en-US\/wp-json\/wp\/v2\/types\/page"}],"author":[{"embeddable":true,"href":"https:\/\/tomscompany.de\/en-US\/wp-json\/wp\/v2\/users\/1"}],"replies":[{"embeddable":true,"href":"https:\/\/tomscompany.de\/en-US\/wp-json\/wp\/v2\/comments?post=1053"}],"version-history":[{"count":9,"href":"https:\/\/tomscompany.de\/en-US\/wp-json\/wp\/v2\/pages\/1053\/revisions"}],"predecessor-version":[{"id":2432,"href":"https:\/\/tomscompany.de\/en-US\/wp-json\/wp\/v2\/pages\/1053\/revisions\/2432"}],"wp:featuredmedia":[{"embeddable":true,"href":"https:\/\/tomscompany.de\/en-US\/wp-json\/wp\/v2\/media\/806"}],"wp:attachment":[{"href":"https:\/\/tomscompany.de\/en-US\/wp-json\/wp\/v2\/media?parent=1053"}],"curies":[{"name":"wp","href":"https:\/\/api.w.org\/{rel}","templated":true}]}}